{"id":981,"date":"2020-11-09T18:31:55","date_gmt":"2020-11-09T17:31:55","guid":{"rendered":"http:\/\/ib-bb.de\/?page_id=981"},"modified":"2021-03-12T17:13:51","modified_gmt":"2021-03-12T16:13:51","slug":"reparatursets","status":"publish","type":"page","link":"https:\/\/ib-bb.de\/?page_id=981","title":{"rendered":"Reparatursets"},"content":{"rendered":"\n<p>Leider gibt es viele Teile f\u00fcr unser Hobby nicht mehr nachzukaufen, wie es noch in der &#8222;guten alten N\u00fcrnberger Zeit&#8220; war. Wir jammern nicht sondern handeln und versuchen nicht mehr verf\u00fcgbare Teile nachzufertigen oder Reparatursets zu entwerfen. <\/p>\n\n\n\n<p>Das 3 D Druckverfahren er\u00f6ffnet hier ungekannte M\u00f6glichkeiten.<\/p>\n\n\n\n<p><a href=\"https:\/\/ib-bb.de\/?page_id=22\" data-type=\"page\" data-id=\"22\">Weichenreperatur<\/a> (unser Klassiker)<\/p>\n\n\n\n<p><a href=\"https:\/\/ib-bb.de\/?page_id=160\" data-type=\"page\" data-id=\"160\">Reparatursatz Dampflok 2070 D<\/a><\/p>\n\n\n\n<p><a href=\"https:\/\/ib-bb.de\/?page_id=929\" data-type=\"page\" data-id=\"929\">Relingstangen aus Messing f\u00fcr RhB Heidi<\/a><\/p>\n\n\n\n<p><a href=\"https:\/\/ib-bb.de\/?page_id=164\" data-type=\"page\" data-id=\"164\">Trittstufenreperaturs\u00e4tze f\u00fcr Personenwagen Baureihe 3062 und 3070<\/a><\/p>\n\n\n\n<p><a href=\"https:\/\/ib-bb.de\/?page_id=908\" data-type=\"page\" data-id=\"908\">Schienenr\u00e4umer f\u00fcr RhB Heidi Thusis und Rh\u00e4tia<\/a><\/p>\n\n\n\n<p><a href=\"https:\/\/ib-bb.de\/?page_id=825\" data-type=\"page\" data-id=\"825\">T\u00fcrhalter f\u00fcr RhB Personenwagen 3067 und baugleich<\/a><\/p>\n\n\n\n<p><a href=\"https:\/\/ib-bb.de\/?page_id=1074\" data-type=\"page\" data-id=\"1074\">Dachreparatur f\u00fcr 4-achsige Sachsen- und R\u00fcgenwagen<\/a><\/p>\n\n\n\n<p><\/p>\n\n\n\n<p><strong>Haben Sie ein Problem mit einem Ersatzteil, das es nicht mehr gibt?<\/strong><\/p>\n\n\n\n<p><strong>Lassen sie es und wissen und schreiben uns eine <a href=\"mailto:info@ib-bb.de?subject=Anfrage%20Einlegestueck\">Email<\/a>.<\/strong> Eventuell k\u00f6nnen wir es herstellen.<\/p>\n","protected":false},"excerpt":{"rendered":"<p>Leider gibt es viele Teile f\u00fcr unser Hobby nicht mehr nachzukaufen, wie es noch in der &#8222;guten alten N\u00fcrnberger Zeit&#8220; war. Wir jammern nicht sondern handeln und versuchen nicht mehr verf\u00fcgbare Teile nachzufertigen oder Reparatursets zu entwerfen. Das 3 D Druckverfahren er\u00f6ffnet hier ungekannte M\u00f6glichkeiten. Weichenreperatur (unser Klassiker) Reparatursatz Dampflok 2070 D Relingstangen aus Messing [&hellip;]<\/p>\n","protected":false},"author":1,"featured_media":0,"parent":0,"menu_order":0,"comment_status":"closed","ping_status":"closed","template":"","meta":{"site-sidebar-layout":"default","site-content-layout":"default","ast-site-content-layout":"default","site-content-style":"default","site-sidebar-style":"default","ast-global-header-display":"","ast-banner-title-visibility":"","ast-main-header-display":"","ast-hfb-above-header-display":"","ast-hfb-below-header-display":"","ast-hfb-mobile-header-display":"","site-post-title":"","ast-breadcrumbs-content":"","ast-featured-img":"","footer-sml-layout":"","ast-disable-related-posts":"","theme-transparent-header-meta":"default","adv-header-id-meta":"","stick-header-meta":"","header-above-stick-meta":"","header-main-stick-meta":"","header-below-stick-meta":"","astra-migrate-meta-layouts":"default","ast-page-background-enabled":"default","ast-page-background-meta":{"desktop":{"background-color":"","background-image":"","background-repeat":"repeat","background-position":"center center","background-size":"auto","background-attachment":"scroll","background-type":"","background-media":"","overlay-type":"","overlay-color":"","overlay-opacity":"","overlay-gradient":""},"tablet":{"background-color":"","background-image":"","background-repeat":"repeat","background-position":"center center","background-size":"auto","background-attachment":"scroll","background-type":"","background-media":"","overlay-type":"","overlay-color":"","overlay-opacity":"","overlay-gradient":""},"mobile":{"background-color":"","background-image":"","background-repeat":"repeat","background-position":"center center","background-size":"auto","background-attachment":"scroll","background-type":"","background-media":"","overlay-type":"","overlay-color":"","overlay-opacity":"","overlay-gradient":""}},"ast-content-background-meta":{"desktop":{"background-color":"var(--ast-global-color-5)","background-image":"","background-repeat":"repeat","background-position":"center center","background-size":"auto","background-attachment":"scroll","background-type":"","background-media":"","overlay-type":"","overlay-color":"","overlay-opacity":"","overlay-gradient":""},"tablet":{"background-color":"var(--ast-global-color-5)","background-image":"","background-repeat":"repeat","background-position":"center center","background-size":"auto","background-attachment":"scroll","background-type":"","background-media":"","overlay-type":"","overlay-color":"","overlay-opacity":"","overlay-gradient":""},"mobile":{"background-color":"var(--ast-global-color-5)","background-image":"","background-repeat":"repeat","background-position":"center center","background-size":"auto","background-attachment":"scroll","background-type":"","background-media":"","overlay-type":"","overlay-color":"","overlay-opacity":"","overlay-gradient":""}},"footnotes":""},"_links":{"self":[{"href":"https:\/\/ib-bb.de\/index.php?rest_route=\/wp\/v2\/pages\/981"}],"collection":[{"href":"https:\/\/ib-bb.de\/index.php?rest_route=\/wp\/v2\/pages"}],"about":[{"href":"https:\/\/ib-bb.de\/index.php?rest_route=\/wp\/v2\/types\/page"}],"author":[{"embeddable":true,"href":"https:\/\/ib-bb.de\/index.php?rest_route=\/wp\/v2\/users\/1"}],"replies":[{"embeddable":true,"href":"https:\/\/ib-bb.de\/index.php?rest_route=%2Fwp%2Fv2%2Fcomments&post=981"}],"version-history":[{"count":11,"href":"https:\/\/ib-bb.de\/index.php?rest_route=\/wp\/v2\/pages\/981\/revisions"}],"predecessor-version":[{"id":1101,"href":"https:\/\/ib-bb.de\/index.php?rest_route=\/wp\/v2\/pages\/981\/revisions\/1101"}],"wp:attachment":[{"href":"https:\/\/ib-bb.de\/index.php?rest_route=%2Fwp%2Fv2%2Fmedia&parent=981"}],"curies":[{"name":"wp","href":"https:\/\/api.w.org\/{rel}","templated":true}]}}