{"id":962,"date":"2020-11-07T20:19:15","date_gmt":"2020-11-07T19:19:15","guid":{"rendered":"http:\/\/ib-bb.de\/?page_id=962"},"modified":"2020-11-07T20:40:31","modified_gmt":"2020-11-07T19:40:31","slug":"bestellformular-kuppelstange","status":"publish","type":"page","link":"https:\/\/ib-bb.de\/?page_id=962","title":{"rendered":"Bestellformular Kuppelstange"},"content":{"rendered":"<div class=\"wpforms-container wpforms-container-full wpforms-block\" id=\"wpforms-961\"><form id=\"wpforms-form-961\" class=\"wpforms-validate wpforms-form wpforms-ajax-form\" data-formid=\"961\" method=\"post\" enctype=\"multipart\/form-data\" action=\"\/index.php?rest_route=%2Fwp%2Fv2%2Fpages%2F962\" data-token=\"508b942e0f5c9c66cb55cc419e8a00f1\" data-token-time=\"1778852933\"><noscript class=\"wpforms-error-noscript\">Bitte aktiviere JavaScript in deinem Browser, um dieses Formular fertigzustellen.<\/noscript><div class=\"wpforms-field-container\"><div id=\"wpforms-961-field_5-container\" class=\"wpforms-field wpforms-field-number-slider\" data-field-id=\"5\"><label class=\"wpforms-field-label\" for=\"wpforms-961-field_5\">Hiermit bestelle ich von KS1-130<\/label>\n<input\n\ttype=\"range\"\n\tid=\"wpforms-961-field_5\" class=\"wpforms-field-medium\" name=\"wpforms[fields][5]\" value=\"0\"\t\tmin=\"0\"\n\tmax=\"30\"\n\tstep=\"1\">\n\n<div class=\"wpforms-field-number-slider-hint\"\n\tdata-hint=\"{value} St\u00fcck \">\n\t<b>0<\/b> St\u00fcck <\/div>\n<div class=\"wpforms-field-description\"> Set 1\r\n f\u00fcr kurze Personen- und G\u00fcterwagen\r\n mit Achsabstand von 130 -135 mm (hier ist die Toleranz seitens des Herstellers \u00fcber die Baujahre hinweg gro\u00df, Set1 passt aber f\u00fcr alle)<\/div><\/div><div id=\"wpforms-961-field_15-container\" class=\"wpforms-field wpforms-field-number-slider\" data-field-id=\"15\"><label class=\"wpforms-field-label\" for=\"wpforms-961-field_15\">Hiermit bestelle ich von KS2-168<\/label>\n<input\n\ttype=\"range\"\n\tid=\"wpforms-961-field_15\" class=\"wpforms-field-medium\" name=\"wpforms[fields][15]\" value=\"0\"\t\tmin=\"0\"\n\tmax=\"30\"\n\tstep=\"1\">\n\n<div class=\"wpforms-field-number-slider-hint\"\n\tdata-hint=\"{value} St\u00fcck \">\n\t<b>0<\/b> St\u00fcck <\/div>\n<div class=\"wpforms-field-description\">Set 2\r\n f\u00fcr G\u00fcterwagen mit Bremserb\u00fchne (z.B. RhB-Zementsilowagen)\r\n mit Achsabstand von 168mm<\/div><\/div><div id=\"wpforms-961-field_16-container\" class=\"wpforms-field wpforms-field-number-slider\" data-field-id=\"16\"><label class=\"wpforms-field-label\" for=\"wpforms-961-field_16\">Hiermit bestelle ich von KS3-135<\/label>\n<input\n\ttype=\"range\"\n\tid=\"wpforms-961-field_16\" class=\"wpforms-field-medium\" name=\"wpforms[fields][16]\" value=\"0\"\t\tmin=\"0\"\n\tmax=\"30\"\n\tstep=\"1\">\n\n<div class=\"wpforms-field-number-slider-hint\"\n\tdata-hint=\"{value} St\u00fcck\">\n\t<b>0<\/b> St\u00fcck<\/div>\n<div class=\"wpforms-field-description\">f\u00fcr LGB\u00ae 7-fenstriger Personenwagen\r\nmit Achsabstand von 135mm<\/div><\/div><div id=\"wpforms-961-field_17-container\" class=\"wpforms-field wpforms-field-number-slider\" data-field-id=\"17\"><label class=\"wpforms-field-label\" for=\"wpforms-961-field_17\">Hiermit bestelle ich von KS4-105<\/label>\n<input\n\ttype=\"range\"\n\tid=\"wpforms-961-field_17\" class=\"wpforms-field-medium\" name=\"wpforms[fields][17]\" value=\"0\"\t\tmin=\"0\"\n\tmax=\"30\"\n\tstep=\"1\">\n\n<div class=\"wpforms-field-number-slider-hint\"\n\tdata-hint=\"{value} St\u00fcck\">\n\t<b>0<\/b> St\u00fcck<\/div>\n<div class=\"wpforms-field-description\">f\u00fcr LGB\u00ae Toy-Train\r\nmit Achsabstand von 105mm<\/div><\/div><div id=\"wpforms-961-field_19-container\" class=\"wpforms-field wpforms-field-number-slider\" data-field-id=\"19\"><label class=\"wpforms-field-label\" for=\"wpforms-961-field_19\">Hiermit bestelle ich von KS5-210<\/label>\n<input\n\ttype=\"range\"\n\tid=\"wpforms-961-field_19\" class=\"wpforms-field-medium\" name=\"wpforms[fields][19]\" value=\"0\"\t\tmin=\"0\"\n\tmax=\"30\"\n\tstep=\"1\">\n\n<div class=\"wpforms-field-number-slider-hint\"\n\tdata-hint=\"{value} St\u00fcck\">\n\t<b>0<\/b> St\u00fcck<\/div>\n<div class=\"wpforms-field-description\">f\u00fcr LGB\u00ae RHB-Container-Wagen\r\nmit Achsabstand von 210mm<\/div><\/div><div id=\"wpforms-961-field_21-container\" class=\"wpforms-field wpforms-field-number-slider\" data-field-id=\"21\"><label class=\"wpforms-field-label\" for=\"wpforms-961-field_21\">Hiermit bestelle ich von  KS6-185<\/label>\n<input\n\ttype=\"range\"\n\tid=\"wpforms-961-field_21\" class=\"wpforms-field-medium\" name=\"wpforms[fields][21]\" value=\"0\"\t\tmin=\"0\"\n\tmax=\"10\"\n\tstep=\"1\">\n\n<div class=\"wpforms-field-number-slider-hint\"\n\tdata-hint=\"{value} St\u00fcck\">\n\t<b>0<\/b> St\u00fcck<\/div>\n<div class=\"wpforms-field-description\">f\u00fcr LGB\u00ae z.B. 40813 G\u00fcterwagen und Newqida Zweiachser\r\nmit Achsabstand von 185mm\r\n<\/div><\/div><div id=\"wpforms-961-field_22-container\" class=\"wpforms-field wpforms-field-number-slider\" data-field-id=\"22\"><label class=\"wpforms-field-label\" for=\"wpforms-961-field_22\">Hiermit bestelle ich von KS7-206<\/label>\n<input\n\ttype=\"range\"\n\tid=\"wpforms-961-field_22\" class=\"wpforms-field-medium\" name=\"wpforms[fields][22]\" value=\"0\"\t\tmin=\"0\"\n\tmax=\"10\"\n\tstep=\"1\">\n\n<div class=\"wpforms-field-number-slider-hint\"\n\tdata-hint=\"{value} St\u00fcck\">\n\t<b>0<\/b> St\u00fcck<\/div>\n<div class=\"wpforms-field-description\">f\u00fcr RhB Hochbordwagen LGB\u00ae 40880\/40883\r\nmit Achsabstand von 206mm<\/div><\/div><div id=\"wpforms-961-field_18-container\" class=\"wpforms-field wpforms-field-number-slider\" data-field-id=\"18\"><label class=\"wpforms-field-label\" for=\"wpforms-961-field_18\">Hiermit bestelle ich von KS8-252<\/label>\n<input\n\ttype=\"range\"\n\tid=\"wpforms-961-field_18\" class=\"wpforms-field-medium\" name=\"wpforms[fields][18]\" value=\"0\"\t\tmin=\"0\"\n\tmax=\"10\"\n\tstep=\"1\">\n\n<div class=\"wpforms-field-number-slider-hint\"\n\tdata-hint=\"{value} St\u00fcck\">\n\t<b>0<\/b> St\u00fcck<\/div>\n<div class=\"wpforms-field-description\">f\u00fcr RhB Gep\u00e4ckwagen LGB\u00ae 40840\/41840\r\nmit Achsabstand von 252mm<\/div><\/div><div id=\"wpforms-961-field_23-container\" class=\"wpforms-field wpforms-field-number-slider\" data-field-id=\"23\"><label class=\"wpforms-field-label\" for=\"wpforms-961-field_23\">Hiermit bestelle ich von KS9-185<\/label>\n<input\n\ttype=\"range\"\n\tid=\"wpforms-961-field_23\" class=\"wpforms-field-medium\" name=\"wpforms[fields][23]\" value=\"0\"\t\tmin=\"0\"\n\tmax=\"10\"\n\tstep=\"1\">\n\n<div class=\"wpforms-field-number-slider-hint\"\n\tdata-hint=\"{value} St\u00fcck\">\n\t<b>0<\/b> St\u00fcck<\/div>\n<div class=\"wpforms-field-description\">f\u00fcr KISS\u00ae GBK G\u00fcterwagen\r\nmit Achsabstand von 185 mm<\/div><\/div><div id=\"wpforms-961-field_20-container\" class=\"wpforms-field wpforms-field-number-slider\" data-field-id=\"20\"><label class=\"wpforms-field-label\" for=\"wpforms-961-field_20\">Hiermit bestelle ich von KS10-180<\/label>\n<input\n\ttype=\"range\"\n\tid=\"wpforms-961-field_20\" class=\"wpforms-field-medium\" name=\"wpforms[fields][20]\" value=\"0\"\t\tmin=\"0\"\n\tmax=\"10\"\n\tstep=\"1\">\n\n<div class=\"wpforms-field-number-slider-hint\"\n\tdata-hint=\"{value} St\u00fcck\">\n\t<b>0<\/b> St\u00fcck<\/div>\n<div class=\"wpforms-field-description\">f\u00fcr PIKO\u00ae Wagen\r\nmit Achsabstand von 180 mm<\/div><\/div><div id=\"wpforms-961-field_24-container\" class=\"wpforms-field wpforms-field-number-slider\" data-field-id=\"24\"><label class=\"wpforms-field-label\" for=\"wpforms-961-field_24\">Hiermit bestelle ich  von KS11<\/label>\n<input\n\ttype=\"range\"\n\tid=\"wpforms-961-field_24\" class=\"wpforms-field-medium\" name=\"wpforms[fields][24]\" value=\"0\"\t\tmin=\"0\"\n\tmax=\"10\"\n\tstep=\"1\">\n\n<div class=\"wpforms-field-number-slider-hint\"\n\tdata-hint=\"{value} St\u00fcck\">\n\t<b>0<\/b> St\u00fcck<\/div>\n<div class=\"wpforms-field-description\">f\u00fcr LGB\u00ae Doppelwagen 35094 Sachsen<\/div><\/div><div id=\"wpforms-961-field_25-container\" class=\"wpforms-field wpforms-field-number-slider\" data-field-id=\"25\"><label class=\"wpforms-field-label\" for=\"wpforms-961-field_25\">Hier mit bestelle ich vom KS-R Adapterset<\/label>\n<input\n\ttype=\"range\"\n\tid=\"wpforms-961-field_25\" class=\"wpforms-field-medium\" name=\"wpforms[fields][25]\" value=\"0\"\t\tmin=\"0\"\n\tmax=\"10\"\n\tstep=\"1\">\n\n<div class=\"wpforms-field-number-slider-hint\"\n\tdata-hint=\"{value} St\u00fcck\">\n\t<b>0<\/b> St\u00fcck<\/div>\n<div class=\"wpforms-field-description\">Bei diesem Set wird die Kuppelstange \u201etiefergelegt\u201c, um den Einbau von Schienenreinigern oder Batteriek\u00e4sten zu erm\u00f6glichen.<\/div><\/div><div id=\"wpforms-961-field_0-container\" class=\"wpforms-field wpforms-field-name\" data-field-id=\"0\"><label class=\"wpforms-field-label\" for=\"wpforms-961-field_0\">Ihr Name (Pflichtfeld) <span class=\"wpforms-required-label\">*<\/span><\/label><div class=\"wpforms-field-row wpforms-field-medium\"><div class=\"wpforms-field-row-block wpforms-first wpforms-one-half\"><input type=\"text\" id=\"wpforms-961-field_0\" class=\"wpforms-field-name-first wpforms-field-required\" name=\"wpforms[fields][0][first]\" placeholder=\"Vorname\" required><label for=\"wpforms-961-field_0\" class=\"wpforms-field-sublabel after wpforms-sublabel-hide\">Vorname<\/label><\/div><div class=\"wpforms-field-row-block wpforms-one-half\"><input type=\"text\" id=\"wpforms-961-field_0-last\" class=\"wpforms-field-name-last wpforms-field-required\" name=\"wpforms[fields][0][last]\" placeholder=\"Nachname\" required><label for=\"wpforms-961-field_0-last\" class=\"wpforms-field-sublabel after wpforms-sublabel-hide\">Nachname<\/label><\/div><\/div><\/div><div id=\"wpforms-961-field_6-container\" class=\"wpforms-field wpforms-field-text\" data-field-id=\"6\"><label class=\"wpforms-field-label\" for=\"wpforms-961-field_6\">Ihre Stra\u00dfe + Hausnummer (Pflichtfeld) <span class=\"wpforms-required-label\">*<\/span><\/label><input type=\"text\" id=\"wpforms-961-field_6\" class=\"wpforms-field-medium wpforms-field-required\" name=\"wpforms[fields][6]\" required><\/div><div id=\"wpforms-961-field_14-container\" class=\"wpforms-field wpforms-field-text\" data-field-id=\"14\"><label class=\"wpforms-field-label\" for=\"wpforms-961-field_14\">Ihre PLZ (Pflichtfeld) <span class=\"wpforms-required-label\">*<\/span><\/label><input type=\"text\" id=\"wpforms-961-field_14\" class=\"wpforms-field-medium wpforms-field-required\" name=\"wpforms[fields][14]\" required><\/div><div id=\"wpforms-961-field_8-container\" class=\"wpforms-field wpforms-field-text\" data-field-id=\"8\"><label class=\"wpforms-field-label\" for=\"wpforms-961-field_8\">Ihr Ort (Pflichtfeld) <span class=\"wpforms-required-label\">*<\/span><\/label><input type=\"text\" id=\"wpforms-961-field_8\" class=\"wpforms-field-medium wpforms-field-required\" name=\"wpforms[fields][8]\" required><\/div><div id=\"wpforms-961-field_26-container\" class=\"wpforms-field wpforms-field-text\" data-field-id=\"26\"><label class=\"wpforms-field-label\" for=\"wpforms-961-field_26\">Ihr Land<\/label><input type=\"text\" id=\"wpforms-961-field_26\" class=\"wpforms-field-medium\" name=\"wpforms[fields][26]\" ><\/div><div id=\"wpforms-961-field_1-container\" class=\"wpforms-field wpforms-field-email\" data-field-id=\"1\"><label class=\"wpforms-field-label\" for=\"wpforms-961-field_1\">Ihre E-Mail-Adresse (Pflichtfeld) <span class=\"wpforms-required-label\">*<\/span><\/label><input type=\"email\" id=\"wpforms-961-field_1\" class=\"wpforms-field-medium wpforms-field-required\" name=\"wpforms[fields][1]\" spellcheck=\"false\" required><\/div><div id=\"wpforms-961-field_9-container\" class=\"wpforms-field wpforms-field-text\" data-field-id=\"9\"><label class=\"wpforms-field-label\" for=\"wpforms-961-field_9\">Ihre Kundennummer (wenn vorhanden)<\/label><input type=\"text\" id=\"wpforms-961-field_9\" class=\"wpforms-field-medium\" name=\"wpforms[fields][9]\" ><\/div><div id=\"wpforms-961-field_10-container\" class=\"wpforms-field wpforms-field-text\" data-field-id=\"10\"><label class=\"wpforms-field-label\" for=\"wpforms-961-field_10\">Ihre Telefonnummer f\u00fcr R\u00fcckfragen<\/label><input type=\"text\" id=\"wpforms-961-field_10\" class=\"wpforms-field-medium\" name=\"wpforms[fields][10]\" ><\/div><div id=\"wpforms-961-field_2-container\" class=\"wpforms-field wpforms-field-textarea\" data-field-id=\"2\"><label class=\"wpforms-field-label\" for=\"wpforms-961-field_2\">Ihr Kommentar f\u00fcr uns<\/label><textarea id=\"wpforms-961-field_2\" class=\"wpforms-field-medium\" name=\"wpforms[fields][2]\" ><\/textarea><div class=\"wpforms-field-description\">Dieses Formular \u00fcbertr\u00e4gt Ihren Namen, E-Mail Adresse und Ihre Telefonnummer sowie den Inhalt, damit wir Ihre Anfrage beantworten k\u00f6nnen. Weitere Informationen finden Sie auf unserer Seite der Datenschutzbestimmungen unter: <a href=\"https:\/\/ib-bb.de\/?page_id=185\">Datenschutz<\/a> <\/div><\/div><div id=\"wpforms-961-field_12-container\" class=\"wpforms-field wpforms-field-checkbox\" data-field-id=\"12\"><label class=\"wpforms-field-label\">Die Checkbox f\u00fcr die Zustimmung der \u00dcbertragung ist nach DSGVO zwingend <span class=\"wpforms-required-label\">*<\/span><\/label><ul id=\"wpforms-961-field_12\" class=\"wpforms-field-required\"><li class=\"choice-1 depth-1\"><input type=\"checkbox\" id=\"wpforms-961-field_12_1\" name=\"wpforms[fields][12][]\" value=\"Ich stimme zu\" required ><label class=\"wpforms-field-label-inline\" for=\"wpforms-961-field_12_1\">Ich stimme zu<\/label><\/li><\/ul><div class=\"wpforms-field-description\">Mit der Nutzung dieses Formulars erkl\u00e4ren Sie sich mit der Speicherung und Verarbeitung Ihrer Daten durch diese Website einverstanden.<\/div><\/div><\/div><!-- .wpforms-field-container --><div class=\"wpforms-submit-container\" ><input type=\"hidden\" name=\"wpforms[id]\" value=\"961\"><input type=\"hidden\" name=\"page_title\" value=\"\"><input type=\"hidden\" name=\"page_url\" value=\"https:\/\/ib-bb.de\/index.php?rest_route=\/wp\/v2\/pages\/962\"><input type=\"hidden\" name=\"url_referer\" value=\"\"><button type=\"submit\" name=\"wpforms[submit]\" id=\"wpforms-submit-961\" class=\"wpforms-submit\" data-alt-text=\"Senden...\" data-submit-text=\"Absenden\" aria-live=\"assertive\" value=\"wpforms-submit\">Absenden<\/button><img loading=\"lazy\" decoding=\"async\" src=\"https:\/\/ib-bb.de\/wp-content\/plugins\/wpforms-lite\/assets\/images\/submit-spin.svg\" class=\"wpforms-submit-spinner\" style=\"display: none;\" width=\"26\" height=\"26\" alt=\"Wird geladen\"><\/div><\/form><\/div>  <!-- .wpforms-container -->","protected":false},"excerpt":{"rendered":"","protected":false},"author":1,"featured_media":0,"parent":0,"menu_order":0,"comment_status":"closed","ping_status":"closed","template":"","meta":{"site-sidebar-layout":"default","site-content-layout":"default","ast-site-content-layout":"default","site-content-style":"default","site-sidebar-style":"default","ast-global-header-display":"","ast-banner-title-visibility":"","ast-main-header-display":"","ast-hfb-above-header-display":"","ast-hfb-below-header-display":"","ast-hfb-mobile-header-display":"","site-post-title":"","ast-breadcrumbs-content":"","ast-featured-img":"","footer-sml-layout":"","ast-disable-related-posts":"","theme-transparent-header-meta":"default","adv-header-id-meta":"","stick-header-meta":"","header-above-stick-meta":"","header-main-stick-meta":"","header-below-stick-meta":"","astra-migrate-meta-layouts":"default","ast-page-background-enabled":"default","ast-page-background-meta":{"desktop":{"background-color":"","background-image":"","background-repeat":"repeat","background-position":"center center","background-size":"auto","background-attachment":"scroll","background-type":"","background-media":"","overlay-type":"","overlay-color":"","overlay-opacity":"","overlay-gradient":""},"tablet":{"background-color":"","background-image":"","background-repeat":"repeat","background-position":"center center","background-size":"auto","background-attachment":"scroll","background-type":"","background-media":"","overlay-type":"","overlay-color":"","overlay-opacity":"","overlay-gradient":""},"mobile":{"background-color":"","background-image":"","background-repeat":"repeat","background-position":"center center","background-size":"auto","background-attachment":"scroll","background-type":"","background-media":"","overlay-type":"","overlay-color":"","overlay-opacity":"","overlay-gradient":""}},"ast-content-background-meta":{"desktop":{"background-color":"var(--ast-global-color-5)","background-image":"","background-repeat":"repeat","background-position":"center center","background-size":"auto","background-attachment":"scroll","background-type":"","background-media":"","overlay-type":"","overlay-color":"","overlay-opacity":"","overlay-gradient":""},"tablet":{"background-color":"var(--ast-global-color-5)","background-image":"","background-repeat":"repeat","background-position":"center center","background-size":"auto","background-attachment":"scroll","background-type":"","background-media":"","overlay-type":"","overlay-color":"","overlay-opacity":"","overlay-gradient":""},"mobile":{"background-color":"var(--ast-global-color-5)","background-image":"","background-repeat":"repeat","background-position":"center center","background-size":"auto","background-attachment":"scroll","background-type":"","background-media":"","overlay-type":"","overlay-color":"","overlay-opacity":"","overlay-gradient":""}},"footnotes":""},"_links":{"self":[{"href":"https:\/\/ib-bb.de\/index.php?rest_route=\/wp\/v2\/pages\/962"}],"collection":[{"href":"https:\/\/ib-bb.de\/index.php?rest_route=\/wp\/v2\/pages"}],"about":[{"href":"https:\/\/ib-bb.de\/index.php?rest_route=\/wp\/v2\/types\/page"}],"author":[{"embeddable":true,"href":"https:\/\/ib-bb.de\/index.php?rest_route=\/wp\/v2\/users\/1"}],"replies":[{"embeddable":true,"href":"https:\/\/ib-bb.de\/index.php?rest_route=%2Fwp%2Fv2%2Fcomments&post=962"}],"version-history":[{"count":1,"href":"https:\/\/ib-bb.de\/index.php?rest_route=\/wp\/v2\/pages\/962\/revisions"}],"predecessor-version":[{"id":963,"href":"https:\/\/ib-bb.de\/index.php?rest_route=\/wp\/v2\/pages\/962\/revisions\/963"}],"wp:attachment":[{"href":"https:\/\/ib-bb.de\/index.php?rest_route=%2Fwp%2Fv2%2Fmedia&parent=962"}],"curies":[{"name":"wp","href":"https:\/\/api.w.org\/{rel}","templated":true}]}}