{"id":929,"date":"2020-10-16T21:19:51","date_gmt":"2020-10-16T20:19:51","guid":{"rendered":"http:\/\/ib-bb.de\/?page_id=929"},"modified":"2020-10-16T21:29:10","modified_gmt":"2020-10-16T20:29:10","slug":"relingstangen-aus-messing-fuer-rhb-heidi","status":"publish","type":"page","link":"https:\/\/ib-bb.de\/?page_id=929","title":{"rendered":"Relingstangen aus Messing f\u00fcr RhB Heidi"},"content":{"rendered":"\n<p>Gelegentlich brechen die Reling- und Griffstangen der RhB Heidi oder gehen im Einsatz auf der Anlage verloren.<\/p>\n\n\n\n<p>Unser Reparatursatz, bestehend aus 2 Relingstangen f\u00fcr die Wasserk\u00e4sten und 4 f\u00fcr den F\u00fchrerhauseinstieg.<\/p>\n\n\n\n<p><strong>RS-Relingstangen Heidi<\/strong><\/p>\n\n\n\n<p>schafft Abhilfe und kann das Modell technisch als auch optisch aufwerten<\/p>\n\n\n\n<figure class=\"wp-block-gallery columns-1 is-cropped wp-block-gallery-1 is-layout-flex wp-block-gallery-is-layout-flex\"><ul class=\"blocks-gallery-grid\"><li class=\"blocks-gallery-item\"><figure><img loading=\"lazy\" decoding=\"async\" width=\"1024\" height=\"768\" src=\"https:\/\/ib-bb.de\/wp-content\/uploads\/2020\/10\/IMG_8741-hp-1024x768.jpg\" alt=\"\" data-id=\"930\" data-full-url=\"https:\/\/ib-bb.de\/wp-content\/uploads\/2020\/10\/IMG_8741-hp.jpg\" data-link=\"https:\/\/ib-bb.de\/?attachment_id=930\" class=\"wp-image-930\" srcset=\"https:\/\/ib-bb.de\/wp-content\/uploads\/2020\/10\/IMG_8741-hp-1024x768.jpg 1024w, https:\/\/ib-bb.de\/wp-content\/uploads\/2020\/10\/IMG_8741-hp-300x225.jpg 300w, https:\/\/ib-bb.de\/wp-content\/uploads\/2020\/10\/IMG_8741-hp-768x576.jpg 768w, https:\/\/ib-bb.de\/wp-content\/uploads\/2020\/10\/IMG_8741-hp-1536x1152.jpg 1536w, https:\/\/ib-bb.de\/wp-content\/uploads\/2020\/10\/IMG_8741-hp.jpg 1632w\" sizes=\"(max-width: 1024px) 100vw, 1024px\" \/><\/figure><\/li><\/ul><\/figure>\n\n\n\n<p>Aktuelle Preise entnehmen Sie bitte aus unserer Preisliste , diese finden Sie unter <a href=\"https:\/\/ib-bb.de\/?page_id=288\">Download<\/a>.<br><br>Sollten Sie Interesse haben, kontaktieren Sie uns bitte per <a href=\"mailto:info@ib-bb.de?subject=Anfrage%20Brueckenbausatz\">Email<\/a>.<\/p>\n","protected":false},"excerpt":{"rendered":"<p>Gelegentlich brechen die Reling- und Griffstangen der RhB Heidi oder gehen im Einsatz auf der Anlage verloren. Unser Reparatursatz, bestehend aus 2 Relingstangen f\u00fcr die Wasserk\u00e4sten und 4 f\u00fcr den F\u00fchrerhauseinstieg. RS-Relingstangen Heidi schafft Abhilfe und kann das Modell technisch als auch optisch aufwerten Aktuelle Preise entnehmen Sie bitte aus unserer Preisliste , diese finden [&hellip;]<\/p>\n","protected":false},"author":1,"featured_media":0,"parent":0,"menu_order":0,"comment_status":"closed","ping_status":"closed","template":"","meta":{"site-sidebar-layout":"default","site-content-layout":"default","ast-site-content-layout":"default","site-content-style":"default","site-sidebar-style":"default","ast-global-header-display":"","ast-banner-title-visibility":"","ast-main-header-display":"","ast-hfb-above-header-display":"","ast-hfb-below-header-display":"","ast-hfb-mobile-header-display":"","site-post-title":"","ast-breadcrumbs-content":"","ast-featured-img":"","footer-sml-layout":"","ast-disable-related-posts":"","theme-transparent-header-meta":"default","adv-header-id-meta":"","stick-header-meta":"","header-above-stick-meta":"","header-main-stick-meta":"","header-below-stick-meta":"","astra-migrate-meta-layouts":"default","ast-page-background-enabled":"default","ast-page-background-meta":{"desktop":{"background-color":"","background-image":"","background-repeat":"repeat","background-position":"center center","background-size":"auto","background-attachment":"scroll","background-type":"","background-media":"","overlay-type":"","overlay-color":"","overlay-opacity":"","overlay-gradient":""},"tablet":{"background-color":"","background-image":"","background-repeat":"repeat","background-position":"center center","background-size":"auto","background-attachment":"scroll","background-type":"","background-media":"","overlay-type":"","overlay-color":"","overlay-opacity":"","overlay-gradient":""},"mobile":{"background-color":"","background-image":"","background-repeat":"repeat","background-position":"center center","background-size":"auto","background-attachment":"scroll","background-type":"","background-media":"","overlay-type":"","overlay-color":"","overlay-opacity":"","overlay-gradient":""}},"ast-content-background-meta":{"desktop":{"background-color":"var(--ast-global-color-5)","background-image":"","background-repeat":"repeat","background-position":"center center","background-size":"auto","background-attachment":"scroll","background-type":"","background-media":"","overlay-type":"","overlay-color":"","overlay-opacity":"","overlay-gradient":""},"tablet":{"background-color":"var(--ast-global-color-5)","background-image":"","background-repeat":"repeat","background-position":"center center","background-size":"auto","background-attachment":"scroll","background-type":"","background-media":"","overlay-type":"","overlay-color":"","overlay-opacity":"","overlay-gradient":""},"mobile":{"background-color":"var(--ast-global-color-5)","background-image":"","background-repeat":"repeat","background-position":"center center","background-size":"auto","background-attachment":"scroll","background-type":"","background-media":"","overlay-type":"","overlay-color":"","overlay-opacity":"","overlay-gradient":""}},"footnotes":""},"_links":{"self":[{"href":"https:\/\/ib-bb.de\/index.php?rest_route=\/wp\/v2\/pages\/929"}],"collection":[{"href":"https:\/\/ib-bb.de\/index.php?rest_route=\/wp\/v2\/pages"}],"about":[{"href":"https:\/\/ib-bb.de\/index.php?rest_route=\/wp\/v2\/types\/page"}],"author":[{"embeddable":true,"href":"https:\/\/ib-bb.de\/index.php?rest_route=\/wp\/v2\/users\/1"}],"replies":[{"embeddable":true,"href":"https:\/\/ib-bb.de\/index.php?rest_route=%2Fwp%2Fv2%2Fcomments&post=929"}],"version-history":[{"count":3,"href":"https:\/\/ib-bb.de\/index.php?rest_route=\/wp\/v2\/pages\/929\/revisions"}],"predecessor-version":[{"id":939,"href":"https:\/\/ib-bb.de\/index.php?rest_route=\/wp\/v2\/pages\/929\/revisions\/939"}],"wp:attachment":[{"href":"https:\/\/ib-bb.de\/index.php?rest_route=%2Fwp%2Fv2%2Fmedia&parent=929"}],"curies":[{"name":"wp","href":"https:\/\/api.w.org\/{rel}","templated":true}]}}