{"id":825,"date":"2020-10-15T13:40:14","date_gmt":"2020-10-15T12:40:14","guid":{"rendered":"http:\/\/ib-bb.de\/?page_id=825"},"modified":"2020-10-21T16:26:32","modified_gmt":"2020-10-21T15:26:32","slug":"tuerhalter-rhb-wagen-3067","status":"publish","type":"page","link":"https:\/\/ib-bb.de\/?page_id=825","title":{"rendered":"T\u00fcrhalter  RhB Wagen 3067"},"content":{"rendered":"\n<p>Gerne brechen die angespritzten Regenrinnen der RhB Einheitswagen 3067 und vergleichbar ab.<\/p>\n\n\n\n<p>Unser Erstatzteil , hergestellt in 3D Druck aus PETG bietet Abhilfe. <\/p>\n\n\n\n<p>Verf\u00fcgbar in den Varianten:<\/p>\n\n\n\n<p><strong>TH-3067 rot<\/strong>: T\u00fcrhalter in rot<\/p>\n\n\n\n<p><strong>TH-3067 weiss<\/strong>: T\u00fcrhalter in weiss<\/p>\n\n\n\n<p><strong>TH-3067 gr\u00fcn<\/strong>: T\u00fcrhalter in gr\u00fcn<\/p>\n\n\n\n<figure class=\"wp-block-gallery columns-2 is-cropped wp-block-gallery-1 is-layout-flex wp-block-gallery-is-layout-flex\"><ul class=\"blocks-gallery-grid\"><li class=\"blocks-gallery-item\"><figure><img loading=\"lazy\" decoding=\"async\" width=\"1024\" height=\"768\" src=\"https:\/\/ib-bb.de\/wp-content\/uploads\/2020\/10\/Nachfertigung-IB-BB-hp-1024x768.jpg\" alt=\"\" data-id=\"826\" data-full-url=\"https:\/\/ib-bb.de\/wp-content\/uploads\/2020\/10\/Nachfertigung-IB-BB-hp.jpg\" data-link=\"https:\/\/ib-bb.de\/?attachment_id=826\" class=\"wp-image-826\" srcset=\"https:\/\/ib-bb.de\/wp-content\/uploads\/2020\/10\/Nachfertigung-IB-BB-hp-1024x768.jpg 1024w, https:\/\/ib-bb.de\/wp-content\/uploads\/2020\/10\/Nachfertigung-IB-BB-hp-300x225.jpg 300w, https:\/\/ib-bb.de\/wp-content\/uploads\/2020\/10\/Nachfertigung-IB-BB-hp-768x576.jpg 768w, https:\/\/ib-bb.de\/wp-content\/uploads\/2020\/10\/Nachfertigung-IB-BB-hp-1536x1152.jpg 1536w, https:\/\/ib-bb.de\/wp-content\/uploads\/2020\/10\/Nachfertigung-IB-BB-hp.jpg 1632w\" sizes=\"(max-width: 1024px) 100vw, 1024px\" \/><figcaption class=\"blocks-gallery-item__caption\">Original , abgebrochen<\/figcaption><\/figure><\/li><li class=\"blocks-gallery-item\"><figure><img loading=\"lazy\" decoding=\"async\" width=\"1024\" height=\"768\" src=\"https:\/\/ib-bb.de\/wp-content\/uploads\/2020\/10\/Original-gebrochen-hp-1024x768.jpg\" alt=\"\" data-id=\"827\" data-full-url=\"https:\/\/ib-bb.de\/wp-content\/uploads\/2020\/10\/Original-gebrochen-hp.jpg\" data-link=\"https:\/\/ib-bb.de\/?attachment_id=827\" class=\"wp-image-827\" srcset=\"https:\/\/ib-bb.de\/wp-content\/uploads\/2020\/10\/Original-gebrochen-hp-1024x768.jpg 1024w, https:\/\/ib-bb.de\/wp-content\/uploads\/2020\/10\/Original-gebrochen-hp-300x225.jpg 300w, https:\/\/ib-bb.de\/wp-content\/uploads\/2020\/10\/Original-gebrochen-hp-768x576.jpg 768w, https:\/\/ib-bb.de\/wp-content\/uploads\/2020\/10\/Original-gebrochen-hp-1536x1152.jpg 1536w, https:\/\/ib-bb.de\/wp-content\/uploads\/2020\/10\/Original-gebrochen-hp.jpg 1632w\" sizes=\"(max-width: 1024px) 100vw, 1024px\" \/><figcaption class=\"blocks-gallery-item__caption\">Nachfertigung<\/figcaption><\/figure><\/li><\/ul><\/figure>\n\n\n\n<p>Aktuelle Preise entnehmen Sie bitte aus unserer Preisliste , diese finden Sie unter <a href=\"https:\/\/ib-bb.de\/?page_id=288\">Download<\/a>.<\/p>\n\n\n\n<p>Sollten Sie Interesse haben, kontaktieren Sie uns bitte per <a href=\"mailto:info@ib-bb.de?subject=Bobby%20car\">Email<\/a>.<\/p>\n","protected":false},"excerpt":{"rendered":"<p>Gerne brechen die angespritzten Regenrinnen der RhB Einheitswagen 3067 und vergleichbar ab. Unser Erstatzteil , hergestellt in 3D Druck aus PETG bietet Abhilfe. Verf\u00fcgbar in den Varianten: TH-3067 rot: T\u00fcrhalter in rot TH-3067 weiss: T\u00fcrhalter in weiss TH-3067 gr\u00fcn: T\u00fcrhalter in gr\u00fcn Aktuelle Preise entnehmen Sie bitte aus unserer Preisliste , diese finden Sie unter [&hellip;]<\/p>\n","protected":false},"author":1,"featured_media":0,"parent":0,"menu_order":0,"comment_status":"closed","ping_status":"closed","template":"","meta":{"site-sidebar-layout":"default","site-content-layout":"default","ast-site-content-layout":"default","site-content-style":"default","site-sidebar-style":"default","ast-global-header-display":"","ast-banner-title-visibility":"","ast-main-header-display":"","ast-hfb-above-header-display":"","ast-hfb-below-header-display":"","ast-hfb-mobile-header-display":"","site-post-title":"","ast-breadcrumbs-content":"","ast-featured-img":"","footer-sml-layout":"","ast-disable-related-posts":"","theme-transparent-header-meta":"default","adv-header-id-meta":"","stick-header-meta":"","header-above-stick-meta":"","header-main-stick-meta":"","header-below-stick-meta":"","astra-migrate-meta-layouts":"default","ast-page-background-enabled":"default","ast-page-background-meta":{"desktop":{"background-color":"","background-image":"","background-repeat":"repeat","background-position":"center center","background-size":"auto","background-attachment":"scroll","background-type":"","background-media":"","overlay-type":"","overlay-color":"","overlay-opacity":"","overlay-gradient":""},"tablet":{"background-color":"","background-image":"","background-repeat":"repeat","background-position":"center center","background-size":"auto","background-attachment":"scroll","background-type":"","background-media":"","overlay-type":"","overlay-color":"","overlay-opacity":"","overlay-gradient":""},"mobile":{"background-color":"","background-image":"","background-repeat":"repeat","background-position":"center center","background-size":"auto","background-attachment":"scroll","background-type":"","background-media":"","overlay-type":"","overlay-color":"","overlay-opacity":"","overlay-gradient":""}},"ast-content-background-meta":{"desktop":{"background-color":"var(--ast-global-color-5)","background-image":"","background-repeat":"repeat","background-position":"center center","background-size":"auto","background-attachment":"scroll","background-type":"","background-media":"","overlay-type":"","overlay-color":"","overlay-opacity":"","overlay-gradient":""},"tablet":{"background-color":"var(--ast-global-color-5)","background-image":"","background-repeat":"repeat","background-position":"center center","background-size":"auto","background-attachment":"scroll","background-type":"","background-media":"","overlay-type":"","overlay-color":"","overlay-opacity":"","overlay-gradient":""},"mobile":{"background-color":"var(--ast-global-color-5)","background-image":"","background-repeat":"repeat","background-position":"center center","background-size":"auto","background-attachment":"scroll","background-type":"","background-media":"","overlay-type":"","overlay-color":"","overlay-opacity":"","overlay-gradient":""}},"footnotes":""},"_links":{"self":[{"href":"https:\/\/ib-bb.de\/index.php?rest_route=\/wp\/v2\/pages\/825"}],"collection":[{"href":"https:\/\/ib-bb.de\/index.php?rest_route=\/wp\/v2\/pages"}],"about":[{"href":"https:\/\/ib-bb.de\/index.php?rest_route=\/wp\/v2\/types\/page"}],"author":[{"embeddable":true,"href":"https:\/\/ib-bb.de\/index.php?rest_route=\/wp\/v2\/users\/1"}],"replies":[{"embeddable":true,"href":"https:\/\/ib-bb.de\/index.php?rest_route=%2Fwp%2Fv2%2Fcomments&post=825"}],"version-history":[{"count":5,"href":"https:\/\/ib-bb.de\/index.php?rest_route=\/wp\/v2\/pages\/825\/revisions"}],"predecessor-version":[{"id":949,"href":"https:\/\/ib-bb.de\/index.php?rest_route=\/wp\/v2\/pages\/825\/revisions\/949"}],"wp:attachment":[{"href":"https:\/\/ib-bb.de\/index.php?rest_route=%2Fwp%2Fv2%2Fmedia&parent=825"}],"curies":[{"name":"wp","href":"https:\/\/api.w.org\/{rel}","templated":true}]}}