{"id":7,"date":"2019-02-10T18:40:12","date_gmt":"2019-02-10T18:40:12","guid":{"rendered":"http:\/\/ib-bb.de\/?page_id=7"},"modified":"2023-11-12T19:12:24","modified_gmt":"2023-11-12T18:12:24","slug":"produkte","status":"publish","type":"page","link":"https:\/\/ib-bb.de\/?page_id=7","title":{"rendered":"Produkte"},"content":{"rendered":"\n<p><strong>W\u00e4hlen Sie aus einer unserer Produktkategorien:<\/strong><br> <br> <a href=\"https:\/\/ib-bb.de\/?page_id=1009\" data-type=\"page\" data-id=\"1009\"><strong>Br\u00fccken<\/strong><\/a> (Ober und Unterzugbr\u00fccken in beliebiger L\u00e4nge und Radius)<\/p>\n\n\n\n<p> <a href=\"https:\/\/ib-bb.de\/?page_id=981\" data-type=\"page\" data-id=\"981\"><strong>Reperatursets<\/strong><\/a> f\u00fcr Loks, Wagen und Weichen<br> <br> <a href=\"https:\/\/ib-bb.de\/?page_id=16\" data-type=\"URL\" data-id=\"https:\/\/ib-bb.de\/?page_id=16\"><strong>Massoth-Produkte<\/strong><\/a><\/p>\n\n\n\n<p><a href=\"https:\/\/ib-bb.de\/?page_id=918\" data-type=\"page\" data-id=\"918\"><strong>Produkte von MD electronis<\/strong><\/a><br><strong> <br> <a href=\"https:\/\/ib-bb.de\/?page_id=22\" data-type=\"URL\" data-id=\"https:\/\/ib-bb.de\/?page_id=22\">Weichenreparaturset<\/a><\/strong> (unser Klassiker)<br><a href=\"https:\/\/ib-bb.de\/?page_id=41\" data-type=\"page\" data-id=\"41\"> <br><strong> Kuppelstangen<\/strong><\/a> DAS ORIGINAL f\u00fcr alle 2-Achser, tausendfach bew\u00e4hrt<br> <strong><br> <a href=\"https:\/\/ib-bb.de\/?page_id=111\" data-type=\"URL\" data-id=\"https:\/\/ib-bb.de\/?page_id=111\">Umbausatz f\u00fcr Drehgestelle<\/a><\/strong> jetzt als neue 3D Version mit vereinfachtem Umbau<br>  <br> <a href=\"https:\/\/ib-bb.de\/?page_id=141\" data-type=\"URL\" data-id=\"https:\/\/ib-bb.de\/?page_id=141\"><strong>Einlegest\u00fcck<\/strong><\/a> damit werden alte R1 Weichen wieder nutzbar<br>  <br> <a href=\"https:\/\/ib-bb.de\/?page_id=153\" data-type=\"URL\" data-id=\"https:\/\/ib-bb.de\/?page_id=153\"><strong>BOBBY-CAR<\/strong><\/a> Spass muss sein<\/p>\n\n\n\n<p><a href=\"https:\/\/ib-bb.de\/?page_id=802\" data-type=\"page\" data-id=\"802\"><strong>Weichenschilder<\/strong><\/a> NEU ! Kennzeichen Sie Ihre Weichen mit der richtigen Adresse<\/p>\n\n\n\n<p><strong><a href=\"https:\/\/ib-bb.de\/?page_id=1106\" data-type=\"page\" data-id=\"1106\">Lampenschirme <\/a><\/strong>f\u00fcr SOEG Barwagen 36360<\/p>\n\n\n\n<p><br> <a href=\"https:\/\/ib-bb.de\/?page_id=141\" data-type=\"URL\" data-id=\"https:\/\/ib-bb.de\/?page_id=141\"><strong>Trockenmischung<\/strong><\/a> zur Gel\u00e4ndegestaltung<\/p>\n","protected":false},"excerpt":{"rendered":"<p>W\u00e4hlen Sie aus einer unserer Produktkategorien: Br\u00fccken (Ober und Unterzugbr\u00fccken in beliebiger L\u00e4nge und Radius) Reperatursets f\u00fcr Loks, Wagen und Weichen Massoth-Produkte Produkte von MD electronis Weichenreparaturset (unser Klassiker) Kuppelstangen DAS ORIGINAL f\u00fcr alle 2-Achser, tausendfach bew\u00e4hrt Umbausatz f\u00fcr Drehgestelle jetzt als neue 3D Version mit vereinfachtem Umbau Einlegest\u00fcck damit werden alte R1 Weichen wieder [&hellip;]<\/p>\n","protected":false},"author":1,"featured_media":0,"parent":0,"menu_order":0,"comment_status":"closed","ping_status":"closed","template":"","meta":{"site-sidebar-layout":"default","site-content-layout":"default","ast-site-content-layout":"default","site-content-style":"default","site-sidebar-style":"default","ast-global-header-display":"","ast-banner-title-visibility":"","ast-main-header-display":"","ast-hfb-above-header-display":"","ast-hfb-below-header-display":"","ast-hfb-mobile-header-display":"","site-post-title":"","ast-breadcrumbs-content":"","ast-featured-img":"","footer-sml-layout":"","ast-disable-related-posts":"","theme-transparent-header-meta":"default","adv-header-id-meta":"","stick-header-meta":"","header-above-stick-meta":"","header-main-stick-meta":"","header-below-stick-meta":"","astra-migrate-meta-layouts":"set","ast-page-background-enabled":"default","ast-page-background-meta":{"desktop":{"background-color":"","background-image":"","background-repeat":"repeat","background-position":"center center","background-size":"auto","background-attachment":"scroll","background-type":"","background-media":"","overlay-type":"","overlay-color":"","overlay-opacity":"","overlay-gradient":""},"tablet":{"background-color":"","background-image":"","background-repeat":"repeat","background-position":"center center","background-size":"auto","background-attachment":"scroll","background-type":"","background-media":"","overlay-type":"","overlay-color":"","overlay-opacity":"","overlay-gradient":""},"mobile":{"background-color":"","background-image":"","background-repeat":"repeat","background-position":"center center","background-size":"auto","background-attachment":"scroll","background-type":"","background-media":"","overlay-type":"","overlay-color":"","overlay-opacity":"","overlay-gradient":""}},"ast-content-background-meta":{"desktop":{"background-color":"var(--ast-global-color-5)","background-image":"","background-repeat":"repeat","background-position":"center center","background-size":"auto","background-attachment":"scroll","background-type":"","background-media":"","overlay-type":"","overlay-color":"","overlay-opacity":"","overlay-gradient":""},"tablet":{"background-color":"var(--ast-global-color-5)","background-image":"","background-repeat":"repeat","background-position":"center center","background-size":"auto","background-attachment":"scroll","background-type":"","background-media":"","overlay-type":"","overlay-color":"","overlay-opacity":"","overlay-gradient":""},"mobile":{"background-color":"var(--ast-global-color-5)","background-image":"","background-repeat":"repeat","background-position":"center center","background-size":"auto","background-attachment":"scroll","background-type":"","background-media":"","overlay-type":"","overlay-color":"","overlay-opacity":"","overlay-gradient":""}},"footnotes":""},"_links":{"self":[{"href":"https:\/\/ib-bb.de\/index.php?rest_route=\/wp\/v2\/pages\/7"}],"collection":[{"href":"https:\/\/ib-bb.de\/index.php?rest_route=\/wp\/v2\/pages"}],"about":[{"href":"https:\/\/ib-bb.de\/index.php?rest_route=\/wp\/v2\/types\/page"}],"author":[{"embeddable":true,"href":"https:\/\/ib-bb.de\/index.php?rest_route=\/wp\/v2\/users\/1"}],"replies":[{"embeddable":true,"href":"https:\/\/ib-bb.de\/index.php?rest_route=%2Fwp%2Fv2%2Fcomments&post=7"}],"version-history":[{"count":16,"href":"https:\/\/ib-bb.de\/index.php?rest_route=\/wp\/v2\/pages\/7\/revisions"}],"predecessor-version":[{"id":1141,"href":"https:\/\/ib-bb.de\/index.php?rest_route=\/wp\/v2\/pages\/7\/revisions\/1141"}],"wp:attachment":[{"href":"https:\/\/ib-bb.de\/index.php?rest_route=%2Fwp%2Fv2%2Fmedia&parent=7"}],"curies":[{"name":"wp","href":"https:\/\/api.w.org\/{rel}","templated":true}]}}