{"id":622,"date":"2019-03-01T17:28:21","date_gmt":"2019-03-01T16:28:21","guid":{"rendered":"http:\/\/ib-bb.de\/?page_id=622"},"modified":"2019-03-02T10:32:41","modified_gmt":"2019-03-02T09:32:41","slug":"unsere-maschinen","status":"publish","type":"page","link":"https:\/\/ib-bb.de\/?page_id=622","title":{"rendered":"Unsere Maschinen"},"content":{"rendered":"\n<ul class=\"wp-block-gallery columns-3 is-cropped wp-block-gallery-1 is-layout-flex wp-block-gallery-is-layout-flex\"><li class=\"blocks-gallery-item\"><figure><a href=\"https:\/\/ib-bb.de\/wp-content\/uploads\/2019\/03\/IMG_0008-1-542x1024.jpg\"><img loading=\"lazy\" decoding=\"async\" width=\"542\" height=\"1024\" src=\"https:\/\/ib-bb.de\/wp-content\/uploads\/2019\/03\/IMG_0008-1-542x1024.jpg\" alt=\"\" data-id=\"646\" data-link=\"https:\/\/ib-bb.de\/?attachment_id=646\" class=\"wp-image-646\" srcset=\"https:\/\/ib-bb.de\/wp-content\/uploads\/2019\/03\/IMG_0008-1-542x1024.jpg 542w, https:\/\/ib-bb.de\/wp-content\/uploads\/2019\/03\/IMG_0008-1-159x300.jpg 159w, https:\/\/ib-bb.de\/wp-content\/uploads\/2019\/03\/IMG_0008-1-768x1451.jpg 768w, https:\/\/ib-bb.de\/wp-content\/uploads\/2019\/03\/IMG_0008-1.jpg 1825w\" sizes=\"(max-width: 542px) 100vw, 542px\" \/><\/a><figcaption>Fr\u00e4se Kunzmann UFV 500 Bj 1963 <\/figcaption><\/figure><\/li><li class=\"blocks-gallery-item\"><figure><a href=\"https:\/\/ib-bb.de\/wp-content\/uploads\/2019\/03\/IMG_3499-1-768x1024.jpg\"><img loading=\"lazy\" decoding=\"async\" width=\"768\" height=\"1024\" src=\"https:\/\/ib-bb.de\/wp-content\/uploads\/2019\/03\/IMG_3499-1-768x1024.jpg\" alt=\"\" data-id=\"648\" data-link=\"https:\/\/ib-bb.de\/?attachment_id=648\" class=\"wp-image-648\" srcset=\"https:\/\/ib-bb.de\/wp-content\/uploads\/2019\/03\/IMG_3499-1-768x1024.jpg 768w, https:\/\/ib-bb.de\/wp-content\/uploads\/2019\/03\/IMG_3499-1-225x300.jpg 225w\" sizes=\"(max-width: 768px) 100vw, 768px\" \/><\/a><figcaption>Ixion St\u00e4nderbohrmaschine MK3<\/figcaption><\/figure><\/li><li class=\"blocks-gallery-item\"><figure><a href=\"https:\/\/ib-bb.de\/wp-content\/uploads\/2019\/03\/IMG_3500-1-1024x768.jpg\"><img loading=\"lazy\" decoding=\"async\" width=\"1024\" height=\"768\" src=\"https:\/\/ib-bb.de\/wp-content\/uploads\/2019\/03\/IMG_3500-1-1024x768.jpg\" alt=\"\" data-id=\"649\" data-link=\"https:\/\/ib-bb.de\/?attachment_id=649\" class=\"wp-image-649\" srcset=\"https:\/\/ib-bb.de\/wp-content\/uploads\/2019\/03\/IMG_3500-1-1024x768.jpg 1024w, https:\/\/ib-bb.de\/wp-content\/uploads\/2019\/03\/IMG_3500-1-300x225.jpg 300w, https:\/\/ib-bb.de\/wp-content\/uploads\/2019\/03\/IMG_3500-1-768x576.jpg 768w\" sizes=\"(max-width: 1024px) 100vw, 1024px\" \/><\/a><figcaption>CNC Fr\u00e4se Eigenbau BJ 2011<\/figcaption><\/figure><\/li><li class=\"blocks-gallery-item\"><figure><a href=\"https:\/\/ib-bb.de\/wp-content\/uploads\/2019\/03\/IMG_4652-1-1024x768.jpg\"><img loading=\"lazy\" decoding=\"async\" width=\"1024\" height=\"768\" src=\"https:\/\/ib-bb.de\/wp-content\/uploads\/2019\/03\/IMG_4652-1-1024x768.jpg\" alt=\"\" data-id=\"650\" data-link=\"https:\/\/ib-bb.de\/?attachment_id=650\" class=\"wp-image-650\" srcset=\"https:\/\/ib-bb.de\/wp-content\/uploads\/2019\/03\/IMG_4652-1-1024x768.jpg 1024w, https:\/\/ib-bb.de\/wp-content\/uploads\/2019\/03\/IMG_4652-1-300x225.jpg 300w, https:\/\/ib-bb.de\/wp-content\/uploads\/2019\/03\/IMG_4652-1-768x576.jpg 768w\" sizes=\"(max-width: 1024px) 100vw, 1024px\" \/><\/a><figcaption>Hommel UWG 2<\/figcaption><\/figure><\/li><li class=\"blocks-gallery-item\"><figure><a href=\"https:\/\/ib-bb.de\/wp-content\/uploads\/2019\/03\/IMG_4653-1-768x1024.jpg\"><img loading=\"lazy\" decoding=\"async\" width=\"768\" height=\"1024\" src=\"https:\/\/ib-bb.de\/wp-content\/uploads\/2019\/03\/IMG_4653-1-768x1024.jpg\" alt=\"\" data-id=\"651\" data-link=\"https:\/\/ib-bb.de\/?attachment_id=651\" class=\"wp-image-651\" srcset=\"https:\/\/ib-bb.de\/wp-content\/uploads\/2019\/03\/IMG_4653-1-768x1024.jpg 768w, https:\/\/ib-bb.de\/wp-content\/uploads\/2019\/03\/IMG_4653-1-225x300.jpg 225w\" sizes=\"(max-width: 768px) 100vw, 768px\" \/><\/a><figcaption>Deckel FP1 MK4<\/figcaption><\/figure><\/li><li class=\"blocks-gallery-item\"><figure><a href=\"https:\/\/ib-bb.de\/wp-content\/uploads\/2019\/03\/IMG_3497-1002x1024.jpg\"><img loading=\"lazy\" decoding=\"async\" width=\"1002\" height=\"1024\" src=\"https:\/\/ib-bb.de\/wp-content\/uploads\/2019\/03\/IMG_3497-1002x1024.jpg\" alt=\"\" data-id=\"652\" data-link=\"https:\/\/ib-bb.de\/?attachment_id=652\" class=\"wp-image-652\" srcset=\"https:\/\/ib-bb.de\/wp-content\/uploads\/2019\/03\/IMG_3497-1002x1024.jpg 1002w, https:\/\/ib-bb.de\/wp-content\/uploads\/2019\/03\/IMG_3497-293x300.jpg 293w, https:\/\/ib-bb.de\/wp-content\/uploads\/2019\/03\/IMG_3497-768x785.jpg 768w\" sizes=\"(max-width: 1002px) 100vw, 1002px\" \/><\/a><figcaption>Weiler MD 260 BJ 1953<\/figcaption><\/figure><\/li><li class=\"blocks-gallery-item\"><figure><a href=\"https:\/\/ib-bb.de\/wp-content\/uploads\/2019\/03\/IMG_0001-1024x575.jpg\"><img loading=\"lazy\" decoding=\"async\" width=\"1024\" height=\"575\" src=\"https:\/\/ib-bb.de\/wp-content\/uploads\/2019\/03\/IMG_0001-1024x575.jpg\" alt=\"\" data-id=\"655\" data-link=\"https:\/\/ib-bb.de\/?attachment_id=655\" class=\"wp-image-655\" srcset=\"https:\/\/ib-bb.de\/wp-content\/uploads\/2019\/03\/IMG_0001-1024x575.jpg 1024w, https:\/\/ib-bb.de\/wp-content\/uploads\/2019\/03\/IMG_0001-300x169.jpg 300w, https:\/\/ib-bb.de\/wp-content\/uploads\/2019\/03\/IMG_0001-768x432.jpg 768w\" sizes=\"(max-width: 1024px) 100vw, 1024px\" \/><\/a><figcaption>Weiler Matador VS1 BJ 1979<\/figcaption><\/figure><\/li><li class=\"blocks-gallery-item\"><figure><a href=\"https:\/\/ib-bb.de\/wp-content\/uploads\/2019\/03\/IMG_78071-1-1024x768.jpg\"><img loading=\"lazy\" decoding=\"async\" width=\"1024\" height=\"768\" src=\"https:\/\/ib-bb.de\/wp-content\/uploads\/2019\/03\/IMG_78071-1-1024x768.jpg\" alt=\"\" data-id=\"665\" data-link=\"https:\/\/ib-bb.de\/?attachment_id=665\" class=\"wp-image-665\" srcset=\"https:\/\/ib-bb.de\/wp-content\/uploads\/2019\/03\/IMG_78071-1-1024x768.jpg 1024w, https:\/\/ib-bb.de\/wp-content\/uploads\/2019\/03\/IMG_78071-1-300x225.jpg 300w, https:\/\/ib-bb.de\/wp-content\/uploads\/2019\/03\/IMG_78071-1-768x576.jpg 768w\" sizes=\"(max-width: 1024px) 100vw, 1024px\" \/><\/a><figcaption>Prusa I3 MK3 3D Drucker<\/figcaption><\/figure><\/li><\/ul>\n\n\n\n<p>F\u00fcr s\u00e4mtliche Maschinen haben wir nat\u00fcrlich fast das komplette Zubeh\u00f6r<br><\/p>\n","protected":false},"excerpt":{"rendered":"<p>F\u00fcr s\u00e4mtliche Maschinen haben wir nat\u00fcrlich fast das komplette Zubeh\u00f6r<\/p>\n","protected":false},"author":1,"featured_media":0,"parent":0,"menu_order":0,"comment_status":"closed","ping_status":"closed","template":"","meta":{"site-sidebar-layout":"default","site-content-layout":"default","ast-site-content-layout":"default","site-content-style":"default","site-sidebar-style":"default","ast-global-header-display":"","ast-banner-title-visibility":"","ast-main-header-display":"","ast-hfb-above-header-display":"","ast-hfb-below-header-display":"","ast-hfb-mobile-header-display":"","site-post-title":"","ast-breadcrumbs-content":"","ast-featured-img":"","footer-sml-layout":"","ast-disable-related-posts":"","theme-transparent-header-meta":"default","adv-header-id-meta":"","stick-header-meta":"","header-above-stick-meta":"","header-main-stick-meta":"","header-below-stick-meta":"","astra-migrate-meta-layouts":"default","ast-page-background-enabled":"default","ast-page-background-meta":{"desktop":{"background-color":"","background-image":"","background-repeat":"repeat","background-position":"center center","background-size":"auto","background-attachment":"scroll","background-type":"","background-media":"","overlay-type":"","overlay-color":"","overlay-opacity":"","overlay-gradient":""},"tablet":{"background-color":"","background-image":"","background-repeat":"repeat","background-position":"center center","background-size":"auto","background-attachment":"scroll","background-type":"","background-media":"","overlay-type":"","overlay-color":"","overlay-opacity":"","overlay-gradient":""},"mobile":{"background-color":"","background-image":"","background-repeat":"repeat","background-position":"center center","background-size":"auto","background-attachment":"scroll","background-type":"","background-media":"","overlay-type":"","overlay-color":"","overlay-opacity":"","overlay-gradient":""}},"ast-content-background-meta":{"desktop":{"background-color":"var(--ast-global-color-5)","background-image":"","background-repeat":"repeat","background-position":"center center","background-size":"auto","background-attachment":"scroll","background-type":"","background-media":"","overlay-type":"","overlay-color":"","overlay-opacity":"","overlay-gradient":""},"tablet":{"background-color":"var(--ast-global-color-5)","background-image":"","background-repeat":"repeat","background-position":"center center","background-size":"auto","background-attachment":"scroll","background-type":"","background-media":"","overlay-type":"","overlay-color":"","overlay-opacity":"","overlay-gradient":""},"mobile":{"background-color":"var(--ast-global-color-5)","background-image":"","background-repeat":"repeat","background-position":"center center","background-size":"auto","background-attachment":"scroll","background-type":"","background-media":"","overlay-type":"","overlay-color":"","overlay-opacity":"","overlay-gradient":""}},"footnotes":""},"_links":{"self":[{"href":"https:\/\/ib-bb.de\/index.php?rest_route=\/wp\/v2\/pages\/622"}],"collection":[{"href":"https:\/\/ib-bb.de\/index.php?rest_route=\/wp\/v2\/pages"}],"about":[{"href":"https:\/\/ib-bb.de\/index.php?rest_route=\/wp\/v2\/types\/page"}],"author":[{"embeddable":true,"href":"https:\/\/ib-bb.de\/index.php?rest_route=\/wp\/v2\/users\/1"}],"replies":[{"embeddable":true,"href":"https:\/\/ib-bb.de\/index.php?rest_route=%2Fwp%2Fv2%2Fcomments&post=622"}],"version-history":[{"count":18,"href":"https:\/\/ib-bb.de\/index.php?rest_route=\/wp\/v2\/pages\/622\/revisions"}],"predecessor-version":[{"id":800,"href":"https:\/\/ib-bb.de\/index.php?rest_route=\/wp\/v2\/pages\/622\/revisions\/800"}],"wp:attachment":[{"href":"https:\/\/ib-bb.de\/index.php?rest_route=%2Fwp%2Fv2%2Fmedia&parent=622"}],"curies":[{"name":"wp","href":"https:\/\/api.w.org\/{rel}","templated":true}]}}