{"id":41,"date":"2019-02-10T18:38:56","date_gmt":"2019-02-10T18:38:56","guid":{"rendered":"http:\/\/ib-bb.de\/?page_id=41"},"modified":"2020-11-09T21:01:17","modified_gmt":"2020-11-09T20:01:17","slug":"kuppelstange","status":"publish","type":"page","link":"https:\/\/ib-bb.de\/?page_id=41","title":{"rendered":"Kuppelstangen"},"content":{"rendered":"\n<h2 class=\"wp-block-heading\">Drehgestell Lenkhilfe f\u00fcr 2-achsige Wagen:<\/h2>\n\n\n\n<p>Neu: siehe aktueller Bericht von Bernd Spiller im Gartenbahnprofi 6\/2020<\/p>\n\n\n\n<p>Das neue Spur-G-Blog-Video zeigt unsere Kuppelstangen. Mit  Hilfe der  Kuppelstangen kann verhindert werden, dass sich bei  zweiachsigen  Waggons die Achsen nach einer engen Kurve verkanten:<\/p>\n\n\n<p><iframe loading=\"lazy\" title=\"Spur-G-Blog: Kupplungsstangen von Bernd Betz\" width=\"500\" height=\"281\" src=\"https:\/\/www.youtube.com\/embed\/weFRz-FtRgE?feature=oembed\" frameborder=\"0\" allow=\"accelerometer; autoplay; clipboard-write; encrypted-media; gyroscope; picture-in-picture; web-share\" referrerpolicy=\"strict-origin-when-cross-origin\" allowfullscreen><\/iframe><\/p>\n\n\n\n<p><\/p>\n\n\n\n<p>In den Bildern sind zwei Hebel erkennbar, welche mit einer  Kuppelstange und Gabelk\u00f6pfen miteinander verbunden sind. <\/p>\n\n\n\n<figure class=\"wp-block-gallery columns-3 is-cropped wp-block-gallery-1 is-layout-flex wp-block-gallery-is-layout-flex\"><ul class=\"blocks-gallery-grid\"><li class=\"blocks-gallery-item\"><figure><a href=\"https:\/\/ib-bb.de\/wp-content\/uploads\/2019\/03\/IMG_0014-1-1024x575.jpg\"><img loading=\"lazy\" decoding=\"async\" width=\"1024\" height=\"575\" src=\"https:\/\/ib-bb.de\/wp-content\/uploads\/2019\/03\/IMG_0014-1-1024x575.jpg\" alt=\"\" data-id=\"713\" data-link=\"https:\/\/ib-bb.de\/?attachment_id=713\" class=\"wp-image-713\" srcset=\"https:\/\/ib-bb.de\/wp-content\/uploads\/2019\/03\/IMG_0014-1-1024x575.jpg 1024w, https:\/\/ib-bb.de\/wp-content\/uploads\/2019\/03\/IMG_0014-1-300x169.jpg 300w, https:\/\/ib-bb.de\/wp-content\/uploads\/2019\/03\/IMG_0014-1-768x432.jpg 768w\" sizes=\"(max-width: 1024px) 100vw, 1024px\" \/><\/a><\/figure><\/li><li class=\"blocks-gallery-item\"><figure><a href=\"https:\/\/ib-bb.de\/wp-content\/uploads\/2019\/03\/IMG_0017-1024x575.jpg\"><img loading=\"lazy\" decoding=\"async\" width=\"1024\" height=\"575\" src=\"https:\/\/ib-bb.de\/wp-content\/uploads\/2019\/03\/IMG_0017-1024x575.jpg\" alt=\"\" data-id=\"717\" data-link=\"https:\/\/ib-bb.de\/?attachment_id=717\" class=\"wp-image-717\" srcset=\"https:\/\/ib-bb.de\/wp-content\/uploads\/2019\/03\/IMG_0017-1024x575.jpg 1024w, https:\/\/ib-bb.de\/wp-content\/uploads\/2019\/03\/IMG_0017-300x169.jpg 300w, https:\/\/ib-bb.de\/wp-content\/uploads\/2019\/03\/IMG_0017-768x432.jpg 768w\" sizes=\"(max-width: 1024px) 100vw, 1024px\" \/><\/a><\/figure><\/li><li class=\"blocks-gallery-item\"><figure><a href=\"https:\/\/ib-bb.de\/wp-content\/uploads\/2019\/03\/Set-1-130-1024x575.jpg\"><img loading=\"lazy\" decoding=\"async\" width=\"1024\" height=\"575\" src=\"https:\/\/ib-bb.de\/wp-content\/uploads\/2019\/03\/Set-1-130-1024x575.jpg\" alt=\"\" data-id=\"720\" data-link=\"https:\/\/ib-bb.de\/?attachment_id=720\" class=\"wp-image-720\" srcset=\"https:\/\/ib-bb.de\/wp-content\/uploads\/2019\/03\/Set-1-130-1024x575.jpg 1024w, https:\/\/ib-bb.de\/wp-content\/uploads\/2019\/03\/Set-1-130-300x169.jpg 300w, https:\/\/ib-bb.de\/wp-content\/uploads\/2019\/03\/Set-1-130-768x432.jpg 768w\" sizes=\"(max-width: 1024px) 100vw, 1024px\" \/><\/a><\/figure><\/li><li class=\"blocks-gallery-item\"><figure><a href=\"https:\/\/ib-bb.de\/wp-content\/uploads\/2019\/03\/Set-3-135-1024x575.jpg\"><img loading=\"lazy\" decoding=\"async\" width=\"1024\" height=\"575\" src=\"https:\/\/ib-bb.de\/wp-content\/uploads\/2019\/03\/Set-3-135-1024x575.jpg\" alt=\"\" data-id=\"721\" data-link=\"https:\/\/ib-bb.de\/?attachment_id=721\" class=\"wp-image-721\" srcset=\"https:\/\/ib-bb.de\/wp-content\/uploads\/2019\/03\/Set-3-135-1024x575.jpg 1024w, https:\/\/ib-bb.de\/wp-content\/uploads\/2019\/03\/Set-3-135-300x169.jpg 300w, https:\/\/ib-bb.de\/wp-content\/uploads\/2019\/03\/Set-3-135-768x432.jpg 768w\" sizes=\"(max-width: 1024px) 100vw, 1024px\" \/><\/a><figcaption class=\"blocks-gallery-item__caption\">Set 3<\/figcaption><\/figure><\/li><li class=\"blocks-gallery-item\"><figure><a href=\"https:\/\/ib-bb.de\/wp-content\/uploads\/2019\/03\/Set-4-105-1024x575.jpg\"><img loading=\"lazy\" decoding=\"async\" width=\"1024\" height=\"575\" src=\"https:\/\/ib-bb.de\/wp-content\/uploads\/2019\/03\/Set-4-105-1024x575.jpg\" alt=\"\" data-id=\"722\" data-link=\"https:\/\/ib-bb.de\/?attachment_id=722\" class=\"wp-image-722\" srcset=\"https:\/\/ib-bb.de\/wp-content\/uploads\/2019\/03\/Set-4-105-1024x575.jpg 1024w, https:\/\/ib-bb.de\/wp-content\/uploads\/2019\/03\/Set-4-105-300x169.jpg 300w, https:\/\/ib-bb.de\/wp-content\/uploads\/2019\/03\/Set-4-105-768x432.jpg 768w\" sizes=\"(max-width: 1024px) 100vw, 1024px\" \/><\/a><figcaption class=\"blocks-gallery-item__caption\">Set 4<\/figcaption><\/figure><\/li><li class=\"blocks-gallery-item\"><figure><a href=\"https:\/\/ib-bb.de\/wp-content\/uploads\/2019\/03\/Set-6-185-1024x575.jpg\"><img loading=\"lazy\" decoding=\"async\" width=\"1024\" height=\"575\" src=\"https:\/\/ib-bb.de\/wp-content\/uploads\/2019\/03\/Set-6-185-1024x575.jpg\" alt=\"\" data-id=\"723\" data-link=\"https:\/\/ib-bb.de\/?attachment_id=723\" class=\"wp-image-723\" srcset=\"https:\/\/ib-bb.de\/wp-content\/uploads\/2019\/03\/Set-6-185-1024x575.jpg 1024w, https:\/\/ib-bb.de\/wp-content\/uploads\/2019\/03\/Set-6-185-300x169.jpg 300w, https:\/\/ib-bb.de\/wp-content\/uploads\/2019\/03\/Set-6-185-768x432.jpg 768w\" sizes=\"(max-width: 1024px) 100vw, 1024px\" \/><\/a><figcaption class=\"blocks-gallery-item__caption\">Set 6<\/figcaption><\/figure><\/li><li class=\"blocks-gallery-item\"><figure><a href=\"https:\/\/ib-bb.de\/wp-content\/uploads\/2019\/03\/Set-7-206-1024x575.jpg\"><img loading=\"lazy\" decoding=\"async\" width=\"1024\" height=\"575\" src=\"https:\/\/ib-bb.de\/wp-content\/uploads\/2019\/03\/Set-7-206-1024x575.jpg\" alt=\"\" data-id=\"724\" data-link=\"https:\/\/ib-bb.de\/?attachment_id=724\" class=\"wp-image-724\" srcset=\"https:\/\/ib-bb.de\/wp-content\/uploads\/2019\/03\/Set-7-206-1024x575.jpg 1024w, https:\/\/ib-bb.de\/wp-content\/uploads\/2019\/03\/Set-7-206-300x169.jpg 300w, https:\/\/ib-bb.de\/wp-content\/uploads\/2019\/03\/Set-7-206-768x432.jpg 768w\" sizes=\"(max-width: 1024px) 100vw, 1024px\" \/><\/a><figcaption class=\"blocks-gallery-item__caption\">Set 7<\/figcaption><\/figure><\/li><li class=\"blocks-gallery-item\"><figure><a href=\"https:\/\/ib-bb.de\/wp-content\/uploads\/2019\/03\/Set-8-f\u00fcr-LGB-RhB-Gep\u00e4ckwagen-40840_41840-1024x575.jpg\"><img loading=\"lazy\" decoding=\"async\" width=\"1024\" height=\"575\" src=\"https:\/\/ib-bb.de\/wp-content\/uploads\/2019\/03\/Set-8-f\u00fcr-LGB-RhB-Gep\u00e4ckwagen-40840_41840-1024x575.jpg\" alt=\"\" data-id=\"725\" data-link=\"https:\/\/ib-bb.de\/?attachment_id=725\" class=\"wp-image-725\" srcset=\"https:\/\/ib-bb.de\/wp-content\/uploads\/2019\/03\/Set-8-f\u00fcr-LGB-RhB-Gep\u00e4ckwagen-40840_41840-1024x575.jpg 1024w, https:\/\/ib-bb.de\/wp-content\/uploads\/2019\/03\/Set-8-f\u00fcr-LGB-RhB-Gep\u00e4ckwagen-40840_41840-300x169.jpg 300w, https:\/\/ib-bb.de\/wp-content\/uploads\/2019\/03\/Set-8-f\u00fcr-LGB-RhB-Gep\u00e4ckwagen-40840_41840-768x432.jpg 768w\" sizes=\"(max-width: 1024px) 100vw, 1024px\" \/><\/a><figcaption class=\"blocks-gallery-item__caption\">Set 8<\/figcaption><\/figure><\/li><li class=\"blocks-gallery-item\"><figure><a href=\"https:\/\/ib-bb.de\/wp-content\/uploads\/2019\/03\/Set1-130-1024x575.jpg\"><img loading=\"lazy\" decoding=\"async\" width=\"1024\" height=\"575\" src=\"https:\/\/ib-bb.de\/wp-content\/uploads\/2019\/03\/Set1-130-1024x575.jpg\" alt=\"\" data-id=\"727\" data-link=\"https:\/\/ib-bb.de\/?attachment_id=727\" class=\"wp-image-727\" srcset=\"https:\/\/ib-bb.de\/wp-content\/uploads\/2019\/03\/Set1-130-1024x575.jpg 1024w, https:\/\/ib-bb.de\/wp-content\/uploads\/2019\/03\/Set1-130-300x169.jpg 300w, https:\/\/ib-bb.de\/wp-content\/uploads\/2019\/03\/Set1-130-768x432.jpg 768w\" sizes=\"(max-width: 1024px) 100vw, 1024px\" \/><\/a><figcaption class=\"blocks-gallery-item__caption\">Set 1<\/figcaption><\/figure><\/li><li class=\"blocks-gallery-item\"><figure><a href=\"https:\/\/ib-bb.de\/wp-content\/uploads\/2019\/03\/Set2-168-1024x575.jpg\"><img loading=\"lazy\" decoding=\"async\" width=\"1024\" height=\"575\" src=\"https:\/\/ib-bb.de\/wp-content\/uploads\/2019\/03\/Set2-168-1024x575.jpg\" alt=\"\" data-id=\"728\" data-link=\"https:\/\/ib-bb.de\/?attachment_id=728\" class=\"wp-image-728\" srcset=\"https:\/\/ib-bb.de\/wp-content\/uploads\/2019\/03\/Set2-168-1024x575.jpg 1024w, https:\/\/ib-bb.de\/wp-content\/uploads\/2019\/03\/Set2-168-300x169.jpg 300w, https:\/\/ib-bb.de\/wp-content\/uploads\/2019\/03\/Set2-168-768x432.jpg 768w\" sizes=\"(max-width: 1024px) 100vw, 1024px\" \/><\/a><figcaption class=\"blocks-gallery-item__caption\">Set 2<\/figcaption><\/figure><\/li><li class=\"blocks-gallery-item\"><figure><a href=\"https:\/\/ib-bb.de\/wp-content\/uploads\/2019\/03\/Set5-210-1024x575.jpg\"><img loading=\"lazy\" decoding=\"async\" width=\"1024\" height=\"575\" src=\"https:\/\/ib-bb.de\/wp-content\/uploads\/2019\/03\/Set5-210-1024x575.jpg\" alt=\"\" data-id=\"729\" data-link=\"https:\/\/ib-bb.de\/?attachment_id=729\" class=\"wp-image-729\" srcset=\"https:\/\/ib-bb.de\/wp-content\/uploads\/2019\/03\/Set5-210-1024x575.jpg 1024w, https:\/\/ib-bb.de\/wp-content\/uploads\/2019\/03\/Set5-210-300x169.jpg 300w, https:\/\/ib-bb.de\/wp-content\/uploads\/2019\/03\/Set5-210-768x432.jpg 768w\" sizes=\"(max-width: 1024px) 100vw, 1024px\" \/><\/a><figcaption class=\"blocks-gallery-item__caption\">Set 5<\/figcaption><\/figure><\/li><\/ul><\/figure>\n\n\n\n<p>Bei den zweiachsigen Wagen gibt es das Problem, dass sich die Drehgestelle -insbesondere das nachlaufende- nach einer Kurvenfahrt nicht mehr alleine geradestellen.<br>Der Effekt ist, dass ein Zug mit zweiachsigen Wagen nicht sauber geradeaus l\u00e4uft, bzw. sogar an Problemstellen zum Entgleisen neigen kann.<br>Der Einbau dieses Sets behebt dieses Problem insofern, dass das nachlaufende Drehgestell zwangsgef\u00fchrt in die Position gebracht wird, die das vordere vorgibt.<br> <br>Wie merkt man nun den Unterschied?<br> <br>Ein Zug mit z.B. f\u00fcnf oder mehr zweiachsigen Wagen l\u00e4uft nach Umr\u00fcstung seidenweich durch die Kurven und auf den Geraden, man h\u00f6rt nur noch die Ger\u00e4usche der Metallr\u00e4der, sofern vorhanden.<br> <br>Ein weiterer Vorteil beim Einbau der Kuppelstangen liegt im verbesserten Schiebebetrieb der Wagen, vor allem durch Kurven, Weichenfelder und Steigungen.<br>Die Schubkraft wird aufgrund definierter Stellung der Drehgestelle optimal eingeleitet und an die nachfolgenden Wagen weitergeleitet.<br>Dies geschieht direkt und nicht \u00fcber &#8222;Umleitung&#8220; \u00fcber das Wagengeh\u00e4use. <br> <br> Es gibt 11 verschiedene Sets:<br> <br> <strong>Set 1<\/strong><br> f\u00fcr kurze Personen- und G\u00fcterwagen<br> mit Achsabstand von 130 -135 mm (hier ist die Toleranz seitens des Herstellers \u00fcber die baujahre hinweg gro\u00df, Set1 passt aber f\u00fcr alle)<br> <br> <strong>Set 2<\/strong><br> f\u00fcr G\u00fcterwagen mit Bremserb\u00fchne (z.B. RhB-Zementsilowagen)<br> mit Achsabstand von 168mm<br> <br> <strong>Set 3<\/strong><br> f\u00fcr LGB\u00ae 7-fenstriger Personenwagen<br> mit Achsabstand von 135mm<br> <br> <strong>Set 4<\/strong><br> f\u00fcr LGB\u00ae Toy-Train<br> mit Achsabstand von 105mm<br> <br> <strong>Set 5<\/strong><br> f\u00fcr LGB\u00ae RHB-Container-Wagen<br> mit Achsabstand von 210mm<br> <br> <strong>Set 6<\/strong><br> f\u00fcr LGB\u00ae 40813 G\u00fcterwagen und Newqida Zweiachser<br> mit Achsabstand von 185mm<br> <br> <strong>Set 7<\/strong><br> f\u00fcr RhB Hochbordwagen LGB\u00ae 40880\/40883<br> mit Achsabstand von 206mm<br> <br> <strong>Set 8<\/strong><br> f\u00fcr RhB Gep\u00e4ckwagen LGB\u00ae 40840\/41840<br> mit Achsabstand von 252mm<br> <br> <strong>Set 9 &#8211; KS-9-185<\/strong><br> f\u00fcr KISS\u00ae GBK<br> mit Achsabstand von 185 mm<br> <br> <strong>Set 10 &#8211; KS-10-180<\/strong><br> f\u00fcr PIKO\u00ae Wagen<br> mit Achsabstand von 180 mm<br> <br> <strong>Set 11 &#8211; KS-11-25K\/8K<\/strong><br> f\u00fcr LGB\u00ae Doppelwagen 35094<br> <br> <strong>R-Adapterset<\/strong><br> (ersetzt die bisherigen R-Sets)<br> Bei diesem Set wird die Kuppelstange &#8222;tiefergelegt&#8220;, um den Einbau von Schienenreinigern oder Batteriek\u00e4sten zu erm\u00f6glichen.<br> Dazu liegen neben den Adaptern weitere zwei M2-Muttern und Schlitzschrauben bei <br> <br> Jedes Set besteht aus: <\/p>\n\n\n\n<ul><li>2 Hebeln <\/li><li>2 Gabelk\u00f6pfen <\/li><li>2 Kontermuttern <\/li><li>2-4 Schrauben <\/li><li>1 Kuppelstange <\/li><\/ul>\n\n\n\n<p>Eine Montage bei vorhandenen LGB\u00ae 63193 Schleifkontakten ist nicht m\u00f6glich, diese sollten dann durch den LGB\u00ae 67403 Kugellagerradsatz ersetzt werden.<br> <\/p>\n\n\n\n<p>Aktuelle Preise entnehmen Sie bitte aus unserer Preisliste , diese finden Sie unter <a href=\"https:\/\/ib-bb.de\/?page_id=288\">Download<\/a>.<br>Sollten Sie Interesse haben, kontaktieren Sie uns bitte per <a href=\"mailto:info@ib-bb.de?subject=Anfrage%20Kuppelstange\">Email<\/a> oder benutzen Sie unser neues <a href=\"https:\/\/ib-bb.de\/?page_id=962\" data-type=\"URL\" data-id=\"https:\/\/ib-bb.de\/?page_id=962\">Bestellformular<\/a>.<\/p>\n","protected":false},"excerpt":{"rendered":"<p>Drehgestell Lenkhilfe f\u00fcr 2-achsige Wagen: Neu: siehe aktueller Bericht von Bernd Spiller im Gartenbahnprofi 6\/2020 Das neue Spur-G-Blog-Video zeigt unsere Kuppelstangen. Mit Hilfe der Kuppelstangen kann verhindert werden, dass sich bei zweiachsigen Waggons die Achsen nach einer engen Kurve verkanten: In den Bildern sind zwei Hebel erkennbar, welche mit einer Kuppelstange und Gabelk\u00f6pfen miteinander verbunden [&hellip;]<\/p>\n","protected":false},"author":1,"featured_media":0,"parent":0,"menu_order":0,"comment_status":"closed","ping_status":"closed","template":"","meta":{"site-sidebar-layout":"default","site-content-layout":"default","ast-site-content-layout":"default","site-content-style":"default","site-sidebar-style":"default","ast-global-header-display":"","ast-banner-title-visibility":"","ast-main-header-display":"","ast-hfb-above-header-display":"","ast-hfb-below-header-display":"","ast-hfb-mobile-header-display":"","site-post-title":"","ast-breadcrumbs-content":"","ast-featured-img":"","footer-sml-layout":"","ast-disable-related-posts":"","theme-transparent-header-meta":"default","adv-header-id-meta":"","stick-header-meta":"","header-above-stick-meta":"","header-main-stick-meta":"","header-below-stick-meta":"","astra-migrate-meta-layouts":"default","ast-page-background-enabled":"default","ast-page-background-meta":{"desktop":{"background-color":"","background-image":"","background-repeat":"repeat","background-position":"center center","background-size":"auto","background-attachment":"scroll","background-type":"","background-media":"","overlay-type":"","overlay-color":"","overlay-opacity":"","overlay-gradient":""},"tablet":{"background-color":"","background-image":"","background-repeat":"repeat","background-position":"center center","background-size":"auto","background-attachment":"scroll","background-type":"","background-media":"","overlay-type":"","overlay-color":"","overlay-opacity":"","overlay-gradient":""},"mobile":{"background-color":"","background-image":"","background-repeat":"repeat","background-position":"center center","background-size":"auto","background-attachment":"scroll","background-type":"","background-media":"","overlay-type":"","overlay-color":"","overlay-opacity":"","overlay-gradient":""}},"ast-content-background-meta":{"desktop":{"background-color":"var(--ast-global-color-5)","background-image":"","background-repeat":"repeat","background-position":"center center","background-size":"auto","background-attachment":"scroll","background-type":"","background-media":"","overlay-type":"","overlay-color":"","overlay-opacity":"","overlay-gradient":""},"tablet":{"background-color":"var(--ast-global-color-5)","background-image":"","background-repeat":"repeat","background-position":"center center","background-size":"auto","background-attachment":"scroll","background-type":"","background-media":"","overlay-type":"","overlay-color":"","overlay-opacity":"","overlay-gradient":""},"mobile":{"background-color":"var(--ast-global-color-5)","background-image":"","background-repeat":"repeat","background-position":"center center","background-size":"auto","background-attachment":"scroll","background-type":"","background-media":"","overlay-type":"","overlay-color":"","overlay-opacity":"","overlay-gradient":""}},"footnotes":""},"_links":{"self":[{"href":"https:\/\/ib-bb.de\/index.php?rest_route=\/wp\/v2\/pages\/41"}],"collection":[{"href":"https:\/\/ib-bb.de\/index.php?rest_route=\/wp\/v2\/pages"}],"about":[{"href":"https:\/\/ib-bb.de\/index.php?rest_route=\/wp\/v2\/types\/page"}],"author":[{"embeddable":true,"href":"https:\/\/ib-bb.de\/index.php?rest_route=\/wp\/v2\/users\/1"}],"replies":[{"embeddable":true,"href":"https:\/\/ib-bb.de\/index.php?rest_route=%2Fwp%2Fv2%2Fcomments&post=41"}],"version-history":[{"count":18,"href":"https:\/\/ib-bb.de\/index.php?rest_route=\/wp\/v2\/pages\/41\/revisions"}],"predecessor-version":[{"id":1006,"href":"https:\/\/ib-bb.de\/index.php?rest_route=\/wp\/v2\/pages\/41\/revisions\/1006"}],"wp:attachment":[{"href":"https:\/\/ib-bb.de\/index.php?rest_route=%2Fwp%2Fv2%2Fmedia&parent=41"}],"curies":[{"name":"wp","href":"https:\/\/api.w.org\/{rel}","templated":true}]}}