{"id":293,"date":"2019-02-14T20:04:57","date_gmt":"2019-02-14T19:04:57","guid":{"rendered":"http:\/\/ib-bb.de\/?page_id=293"},"modified":"2023-11-12T19:06:09","modified_gmt":"2023-11-12T18:06:09","slug":"downloads-2","status":"publish","type":"page","link":"https:\/\/ib-bb.de\/?page_id=293&lang=en","title":{"rendered":"Downloads"},"content":{"rendered":"\n<p><a href=\"https:\/\/ib-bb.de\/wp-content\/uploads\/2019\/02\/Erweiterung-Piko-Zentrale.pdf\">Erweiterung Piko Zentrale.pdf<\/a><br><a href=\"https:\/\/ib-bb.de\/wp-content\/uploads\/2019\/02\/Flyer_2016.pdf\">Flyer_2016.pdf<\/a><br><a href=\"https:\/\/ib-bb.de\/wp-content\/uploads\/2019\/02\/H\u00f6henmesseinrichtung-f\u00fcr-Drehmeissel.pdf\">H\u00f6henmesseinrichtung f\u00fcr Drehmeissel.pdf<\/a><br><a href=\"https:\/\/ib-bb.de\/wp-content\/uploads\/2019\/02\/Montageanleitung-Br\u00fccken-gerade.pdf\">Montageanleitung Br\u00fccken gerade.pdf<\/a><br><a href=\"https:\/\/ib-bb.de\/wp-content\/uploads\/2019\/02\/Montageanleitung-Br\u00fccken-R2.pdf\">Montageanleitung Br\u00fccken R2.pdf<\/a><br><a href=\"https:\/\/ib-bb.de\/wp-content\/uploads\/2019\/02\/Montageanleitung-Kleineisen.pdf\">Montageanleitung Kleineisen.pdf<\/a><br><a href=\"https:\/\/ib-bb.de\/wp-content\/uploads\/2019\/02\/Montageanleitung-Kuppelstange_1_4_de.pdf\">Montageanleitung Kuppelstange_1_4_de.pdf<\/a><br><a href=\"https:\/\/ib-bb.de\/wp-content\/uploads\/2019\/02\/Montageanleitung-Kuppelstange_1_4_de_Kurzanleitung.pdf\">Montageanleitung Kuppelstange_1_4_de_Kurzanleitung.pdf<\/a><br><a href=\"https:\/\/ib-bb.de\/wp-content\/uploads\/2019\/02\/Montageanleitung-Reparatursatz-RS-ZD.pdf\">Montageanleitung Reparatursatz RS-ZD.pdf<\/a><br><a href=\"https:\/\/ib-bb.de\/wp-content\/uploads\/2019\/02\/Montageanleitung-Umbausatz-Drehgestell.pdf\">Montageanleitung Umbausatz Drehgestell.pdf<\/a><br><a href=\"https:\/\/ib-bb.de\/wp-content\/uploads\/2019\/02\/Montageanleitung_Sino_DRO_Matador-compressed.pdf\">Montageanleitung_Sino_DRO_Matador.pdf<\/a><br><\/p>\n\n\n\n<p><a href=\"https:\/\/ib-bb.de\/wp-content\/uploads\/2020\/11\/Assembly-instruction_coupling_rod_1_4_en.pdf\">Assembly instruction coupling rods<\/a><\/p>\n\n\n\n<p><a href=\"https:\/\/ib-bb.de\/wp-content\/uploads\/2020\/11\/Assembly-instruction-coupling-rod_1_4_en-short.pdf\">Asssembly instrucktion coupling rods short<\/a><\/p>\n\n\n\n<p><a href=\"https:\/\/ib-bb.de\/wp-content\/uploads\/2020\/11\/Assembly-instruction_switch-repair_2_0_en.pdf\">Assembly instruction switch repair<\/a><\/p>\n\n\n\n<p><a href=\"https:\/\/ib-bb.de\/wp-content\/uploads\/2019\/02\/Preisliste-IB-Produkte_2017_10_18.pdf\"><strong>P<\/strong><\/a><a href=\"https:\/\/ib-bb.de\/wp-content\/uploads\/2023\/11\/Preisliste-IB-Produkte_2023-11-12.pdf\"><strong>reisliste<\/strong> <\/a><\/p>\n\n\n\n<p><br><a href=\"https:\/\/ib-bb.de\/wp-content\/uploads\/2019\/02\/Widerruf.pdf\">Widerruf.pdf<\/a><\/p>\n","protected":false},"excerpt":{"rendered":"<p>Erweiterung Piko Zentrale.pdfFlyer_2016.pdfH\u00f6henmesseinrichtung f\u00fcr Drehmeissel.pdfMontageanleitung Br\u00fccken gerade.pdfMontageanleitung Br\u00fccken R2.pdfMontageanleitung Kleineisen.pdfMontageanleitung Kuppelstange_1_4_de.pdfMontageanleitung Kuppelstange_1_4_de_Kurzanleitung.pdfMontageanleitung Reparatursatz RS-ZD.pdfMontageanleitung Umbausatz Drehgestell.pdfMontageanleitung_Sino_DRO_Matador.pdf Assembly instruction coupling rods Asssembly instrucktion coupling rods short Assembly instruction switch repair Preisliste Widerruf.pdf<\/p>\n","protected":false},"author":1,"featured_media":0,"parent":0,"menu_order":0,"comment_status":"closed","ping_status":"closed","template":"","meta":{"site-sidebar-layout":"default","site-content-layout":"default","ast-site-content-layout":"default","site-content-style":"default","site-sidebar-style":"default","ast-global-header-display":"","ast-banner-title-visibility":"","ast-main-header-display":"","ast-hfb-above-header-display":"","ast-hfb-below-header-display":"","ast-hfb-mobile-header-display":"","site-post-title":"","ast-breadcrumbs-content":"","ast-featured-img":"","footer-sml-layout":"","ast-disable-related-posts":"","theme-transparent-header-meta":"default","adv-header-id-meta":"","stick-header-meta":"","header-above-stick-meta":"","header-main-stick-meta":"","header-below-stick-meta":"","astra-migrate-meta-layouts":"set","ast-page-background-enabled":"default","ast-page-background-meta":{"desktop":{"background-color":"","background-image":"","background-repeat":"repeat","background-position":"center center","background-size":"auto","background-attachment":"scroll","background-type":"","background-media":"","overlay-type":"","overlay-color":"","overlay-opacity":"","overlay-gradient":""},"tablet":{"background-color":"","background-image":"","background-repeat":"repeat","background-position":"center center","background-size":"auto","background-attachment":"scroll","background-type":"","background-media":"","overlay-type":"","overlay-color":"","overlay-opacity":"","overlay-gradient":""},"mobile":{"background-color":"","background-image":"","background-repeat":"repeat","background-position":"center center","background-size":"auto","background-attachment":"scroll","background-type":"","background-media":"","overlay-type":"","overlay-color":"","overlay-opacity":"","overlay-gradient":""}},"ast-content-background-meta":{"desktop":{"background-color":"var(--ast-global-color-5)","background-image":"","background-repeat":"repeat","background-position":"center center","background-size":"auto","background-attachment":"scroll","background-type":"","background-media":"","overlay-type":"","overlay-color":"","overlay-opacity":"","overlay-gradient":""},"tablet":{"background-color":"var(--ast-global-color-5)","background-image":"","background-repeat":"repeat","background-position":"center center","background-size":"auto","background-attachment":"scroll","background-type":"","background-media":"","overlay-type":"","overlay-color":"","overlay-opacity":"","overlay-gradient":""},"mobile":{"background-color":"var(--ast-global-color-5)","background-image":"","background-repeat":"repeat","background-position":"center center","background-size":"auto","background-attachment":"scroll","background-type":"","background-media":"","overlay-type":"","overlay-color":"","overlay-opacity":"","overlay-gradient":""}},"footnotes":""},"_links":{"self":[{"href":"https:\/\/ib-bb.de\/index.php?rest_route=\/wp\/v2\/pages\/293"}],"collection":[{"href":"https:\/\/ib-bb.de\/index.php?rest_route=\/wp\/v2\/pages"}],"about":[{"href":"https:\/\/ib-bb.de\/index.php?rest_route=\/wp\/v2\/types\/page"}],"author":[{"embeddable":true,"href":"https:\/\/ib-bb.de\/index.php?rest_route=\/wp\/v2\/users\/1"}],"replies":[{"embeddable":true,"href":"https:\/\/ib-bb.de\/index.php?rest_route=%2Fwp%2Fv2%2Fcomments&post=293"}],"version-history":[{"count":7,"href":"https:\/\/ib-bb.de\/index.php?rest_route=\/wp\/v2\/pages\/293\/revisions"}],"predecessor-version":[{"id":1136,"href":"https:\/\/ib-bb.de\/index.php?rest_route=\/wp\/v2\/pages\/293\/revisions\/1136"}],"wp:attachment":[{"href":"https:\/\/ib-bb.de\/index.php?rest_route=%2Fwp%2Fv2%2Fmedia&parent=293"}],"curies":[{"name":"wp","href":"https:\/\/api.w.org\/{rel}","templated":true}]}}