{"id":262,"date":"2019-02-14T19:51:38","date_gmt":"2019-02-14T18:51:38","guid":{"rendered":"http:\/\/ib-bb.de\/?page_id=262"},"modified":"2019-02-14T20:15:00","modified_gmt":"2019-02-14T19:15:00","slug":"informationen-zum-verpackgesetz","status":"publish","type":"page","link":"https:\/\/ib-bb.de\/?page_id=262","title":{"rendered":"Verpackgesetzinformationen"},"content":{"rendered":"\n<p>Best\u00e4tigung der Beteiligung gem. \u00a7 7 Abs. 1 VerpackG f\u00fcr das Jahr 2019<\/p>\n\n\n\n<p>Kunden-Nummer: 2180001394<\/p>\n\n\n\n<p>Sehr geehrter Herr Betz,<br>wir best\u00e4tigen Ihnen f\u00fcr die <\/p>\n\n\n\n<p><strong>Ingenieurb\u00fcro Betz<br>Hauptstrasse 3<br>D 93083 Obertraubling<br>Ihre Umsatzsteuer-ID-Nr. DE198224811<\/strong><\/p>\n\n\n\n<p>die Beteiligung an einem Dualen System f\u00fcr das Jahr 2019.<br>Mit Abschluss und Erf\u00fcllung des Vertrages mit der EKO-PUNKT GmbH haben Sie f\u00fcr das vorstehend genannte Unternehmen die Beteiligungspflicht gem. \u00a7 7 Abs. 1 VerpackG f\u00fcr alle systembeteiligungspflichtige Verpackungen, die dieses w\u00e4hrend der Vertragslaufzeit bundesweit in Verkehr bringt, erf\u00fcllt.<\/p>\n\n\n\n<p>F\u00fcr Fragen stehen wir Ihnen jederzeit gerne zur Verf\u00fcgung.<\/p>\n\n\n\n<p>Mit freundlichen Gr\u00fc\u00dfen<br>EKO-PUNKT GmbH<\/p>\n\n\n\n<p><a href=\"https:\/\/ib-bb.de\/wp-content\/uploads\/2019\/02\/Beteiligungsbest\u00e4tigung-2019_Ingenieurb\u00fcro-Betz_2180001394.pdf\">Download<\/a><\/p>\n","protected":false},"excerpt":{"rendered":"<p>Best\u00e4tigung der Beteiligung gem. \u00a7 7 Abs. 1 VerpackG f\u00fcr das Jahr 2019 Kunden-Nummer: 2180001394 Sehr geehrter Herr Betz,wir best\u00e4tigen Ihnen f\u00fcr die Ingenieurb\u00fcro BetzHauptstrasse 3D 93083 ObertraublingIhre Umsatzsteuer-ID-Nr. DE198224811 die Beteiligung an einem Dualen System f\u00fcr das Jahr 2019.Mit Abschluss und Erf\u00fcllung des Vertrages mit der EKO-PUNKT GmbH haben Sie f\u00fcr das vorstehend genannte [&hellip;]<\/p>\n","protected":false},"author":1,"featured_media":0,"parent":0,"menu_order":0,"comment_status":"closed","ping_status":"closed","template":"","meta":{"site-sidebar-layout":"default","site-content-layout":"default","ast-site-content-layout":"default","site-content-style":"default","site-sidebar-style":"default","ast-global-header-display":"","ast-banner-title-visibility":"","ast-main-header-display":"","ast-hfb-above-header-display":"","ast-hfb-below-header-display":"","ast-hfb-mobile-header-display":"","site-post-title":"","ast-breadcrumbs-content":"","ast-featured-img":"","footer-sml-layout":"","ast-disable-related-posts":"","theme-transparent-header-meta":"default","adv-header-id-meta":"","stick-header-meta":"","header-above-stick-meta":"","header-main-stick-meta":"","header-below-stick-meta":"","astra-migrate-meta-layouts":"default","ast-page-background-enabled":"default","ast-page-background-meta":{"desktop":{"background-color":"","background-image":"","background-repeat":"repeat","background-position":"center center","background-size":"auto","background-attachment":"scroll","background-type":"","background-media":"","overlay-type":"","overlay-color":"","overlay-opacity":"","overlay-gradient":""},"tablet":{"background-color":"","background-image":"","background-repeat":"repeat","background-position":"center center","background-size":"auto","background-attachment":"scroll","background-type":"","background-media":"","overlay-type":"","overlay-color":"","overlay-opacity":"","overlay-gradient":""},"mobile":{"background-color":"","background-image":"","background-repeat":"repeat","background-position":"center center","background-size":"auto","background-attachment":"scroll","background-type":"","background-media":"","overlay-type":"","overlay-color":"","overlay-opacity":"","overlay-gradient":""}},"ast-content-background-meta":{"desktop":{"background-color":"var(--ast-global-color-5)","background-image":"","background-repeat":"repeat","background-position":"center center","background-size":"auto","background-attachment":"scroll","background-type":"","background-media":"","overlay-type":"","overlay-color":"","overlay-opacity":"","overlay-gradient":""},"tablet":{"background-color":"var(--ast-global-color-5)","background-image":"","background-repeat":"repeat","background-position":"center center","background-size":"auto","background-attachment":"scroll","background-type":"","background-media":"","overlay-type":"","overlay-color":"","overlay-opacity":"","overlay-gradient":""},"mobile":{"background-color":"var(--ast-global-color-5)","background-image":"","background-repeat":"repeat","background-position":"center center","background-size":"auto","background-attachment":"scroll","background-type":"","background-media":"","overlay-type":"","overlay-color":"","overlay-opacity":"","overlay-gradient":""}},"footnotes":""},"_links":{"self":[{"href":"https:\/\/ib-bb.de\/index.php?rest_route=\/wp\/v2\/pages\/262"}],"collection":[{"href":"https:\/\/ib-bb.de\/index.php?rest_route=\/wp\/v2\/pages"}],"about":[{"href":"https:\/\/ib-bb.de\/index.php?rest_route=\/wp\/v2\/types\/page"}],"author":[{"embeddable":true,"href":"https:\/\/ib-bb.de\/index.php?rest_route=\/wp\/v2\/users\/1"}],"replies":[{"embeddable":true,"href":"https:\/\/ib-bb.de\/index.php?rest_route=%2Fwp%2Fv2%2Fcomments&post=262"}],"version-history":[{"count":4,"href":"https:\/\/ib-bb.de\/index.php?rest_route=\/wp\/v2\/pages\/262\/revisions"}],"predecessor-version":[{"id":301,"href":"https:\/\/ib-bb.de\/index.php?rest_route=\/wp\/v2\/pages\/262\/revisions\/301"}],"wp:attachment":[{"href":"https:\/\/ib-bb.de\/index.php?rest_route=%2Fwp%2Fv2%2Fmedia&parent=262"}],"curies":[{"name":"wp","href":"https:\/\/api.w.org\/{rel}","templated":true}]}}