{"id":177,"date":"2019-02-10T18:38:08","date_gmt":"2019-02-10T18:38:08","guid":{"rendered":"http:\/\/ib-bb.de\/?page_id=177"},"modified":"2021-03-12T13:44:23","modified_gmt":"2021-03-12T12:44:23","slug":"eigene-projekte","status":"publish","type":"page","link":"https:\/\/ib-bb.de\/?page_id=177","title":{"rendered":"Eigene Projekte"},"content":{"rendered":"\n<p>Umbau einer Drehmaschine Weiler Matador auf Sino Digitalanzeige mit Magnet-Ma\u00dfst\u00e4ben:<br><a href=\"https:\/\/ib-bb.de\/wp-content\/uploads\/2019\/02\/Montageanleitung_Sino_DRO_Matador-compressed.pdf\">Montageanleitung_Sino_DRO_Matador.pdf<\/a><br><br>Erweiterung einer Piko 35010 Zentrale:<br><a href=\"https:\/\/ib-bb.de\/wp-content\/uploads\/2019\/02\/Erweiterung-Piko-Zentrale.pdf\">Erweiterung Piko Zentrale.pdf<\/a><br><br>Bau einer H\u00f6henmessvorrichtung f\u00fcr Drehmeissel:<br><a href=\"https:\/\/ib-bb.de\/wp-content\/uploads\/2019\/02\/H\u00f6henmesseinrichtung-f\u00fcr-Drehmeissel.pdf\">H\u00f6henmesseinrichtung f\u00fcr Drehmeissel.pdf<\/a><\/p>\n\n\n\n<h2 class=\"wp-block-heading\">Hobbies und Fahrzeuge<\/h2>\n\n\n\n<figure class=\"wp-block-gallery columns-3 is-cropped wp-block-gallery-1 is-layout-flex wp-block-gallery-is-layout-flex\"><ul class=\"blocks-gallery-grid\"><li class=\"blocks-gallery-item\"><figure><a href=\"https:\/\/ib-bb.de\/wp-content\/uploads\/2019\/03\/61415-3-1024x707.jpg\"><img loading=\"lazy\" decoding=\"async\" width=\"1024\" height=\"707\" src=\"https:\/\/ib-bb.de\/wp-content\/uploads\/2019\/03\/61415-3-1024x707.jpg\" alt=\"\" data-id=\"669\" class=\"wp-image-669\" srcset=\"https:\/\/ib-bb.de\/wp-content\/uploads\/2019\/03\/61415-3-1024x707.jpg 1024w, https:\/\/ib-bb.de\/wp-content\/uploads\/2019\/03\/61415-3-300x207.jpg 300w, https:\/\/ib-bb.de\/wp-content\/uploads\/2019\/03\/61415-3-768x530.jpg 768w, https:\/\/ib-bb.de\/wp-content\/uploads\/2019\/03\/61415-3.jpg 1390w\" sizes=\"(max-width: 1024px) 100vw, 1024px\" \/><\/a><figcaption class=\"blocks-gallery-item__caption\"><br>Toyota MR2 SW20 BJ 1992<\/figcaption><\/figure><\/li><li class=\"blocks-gallery-item\"><figure><a href=\"https:\/\/ib-bb.de\/wp-content\/uploads\/2019\/03\/IMG_0979-klein-1-1024x484.jpg\"><img loading=\"lazy\" decoding=\"async\" width=\"1024\" height=\"484\" src=\"https:\/\/ib-bb.de\/wp-content\/uploads\/2019\/03\/IMG_0979-klein-1-1024x484.jpg\" alt=\"\" data-id=\"673\" data-link=\"https:\/\/ib-bb.de\/?attachment_id=673\" class=\"wp-image-673\" srcset=\"https:\/\/ib-bb.de\/wp-content\/uploads\/2019\/03\/IMG_0979-klein-1-1024x484.jpg 1024w, https:\/\/ib-bb.de\/wp-content\/uploads\/2019\/03\/IMG_0979-klein-1-300x142.jpg 300w, https:\/\/ib-bb.de\/wp-content\/uploads\/2019\/03\/IMG_0979-klein-1-768x363.jpg 768w\" sizes=\"(max-width: 1024px) 100vw, 1024px\" \/><\/a><figcaption class=\"blocks-gallery-item__caption\">Agria 2400<\/figcaption><\/figure><\/li><li class=\"blocks-gallery-item\"><figure><a href=\"https:\/\/ib-bb.de\/wp-content\/uploads\/2019\/03\/IMG_6351-klein-1-1024x581.jpg\"><img loading=\"lazy\" decoding=\"async\" width=\"1024\" height=\"581\" src=\"https:\/\/ib-bb.de\/wp-content\/uploads\/2019\/03\/IMG_6351-klein-1-1024x581.jpg\" alt=\"\" data-id=\"674\" data-link=\"https:\/\/ib-bb.de\/?attachment_id=674\" class=\"wp-image-674\" srcset=\"https:\/\/ib-bb.de\/wp-content\/uploads\/2019\/03\/IMG_6351-klein-1-1024x581.jpg 1024w, https:\/\/ib-bb.de\/wp-content\/uploads\/2019\/03\/IMG_6351-klein-1-300x170.jpg 300w, https:\/\/ib-bb.de\/wp-content\/uploads\/2019\/03\/IMG_6351-klein-1-768x435.jpg 768w\" sizes=\"(max-width: 1024px) 100vw, 1024px\" \/><\/a><figcaption class=\"blocks-gallery-item__caption\">Holder A10 BJ 1957<\/figcaption><\/figure><\/li><li class=\"blocks-gallery-item\"><figure><a href=\"https:\/\/ib-bb.de\/wp-content\/uploads\/2019\/03\/DSC_6543-1024x681.jpg\"><img loading=\"lazy\" decoding=\"async\" width=\"1024\" height=\"681\" src=\"https:\/\/ib-bb.de\/wp-content\/uploads\/2019\/03\/DSC_6543-1024x681.jpg\" alt=\"\" data-id=\"675\" data-link=\"https:\/\/ib-bb.de\/?attachment_id=675\" class=\"wp-image-675\" srcset=\"https:\/\/ib-bb.de\/wp-content\/uploads\/2019\/03\/DSC_6543-1024x681.jpg 1024w, https:\/\/ib-bb.de\/wp-content\/uploads\/2019\/03\/DSC_6543-300x200.jpg 300w, https:\/\/ib-bb.de\/wp-content\/uploads\/2019\/03\/DSC_6543-768x511.jpg 768w\" sizes=\"(max-width: 1024px) 100vw, 1024px\" \/><\/a><figcaption class=\"blocks-gallery-item__caption\">Graupner Adolph Bermpohl 1:25<\/figcaption><\/figure><\/li><li class=\"blocks-gallery-item\"><figure><a href=\"https:\/\/ib-bb.de\/wp-content\/uploads\/2019\/03\/IMG_4141klein-1024x567.jpg\"><img loading=\"lazy\" decoding=\"async\" width=\"1024\" height=\"567\" src=\"https:\/\/ib-bb.de\/wp-content\/uploads\/2019\/03\/IMG_4141klein-1024x567.jpg\" alt=\"\" data-id=\"677\" data-link=\"https:\/\/ib-bb.de\/?attachment_id=677\" class=\"wp-image-677\" srcset=\"https:\/\/ib-bb.de\/wp-content\/uploads\/2019\/03\/IMG_4141klein-1024x567.jpg 1024w, https:\/\/ib-bb.de\/wp-content\/uploads\/2019\/03\/IMG_4141klein-300x166.jpg 300w, https:\/\/ib-bb.de\/wp-content\/uploads\/2019\/03\/IMG_4141klein-768x425.jpg 768w\" sizes=\"(max-width: 1024px) 100vw, 1024px\" \/><\/a><figcaption class=\"blocks-gallery-item__caption\">Robbe D\u00fcsseldorf und Dolly 1:25<\/figcaption><\/figure><\/li><li class=\"blocks-gallery-item\"><figure><a href=\"https:\/\/ib-bb.de\/wp-content\/uploads\/2021\/03\/BMW-R80-roadster.jpg\"><img loading=\"lazy\" decoding=\"async\" width=\"577\" height=\"433\" src=\"https:\/\/ib-bb.de\/wp-content\/uploads\/2021\/03\/BMW-R80-roadster.jpg\" alt=\"\" data-id=\"1096\" data-full-url=\"https:\/\/ib-bb.de\/wp-content\/uploads\/2021\/03\/BMW-R80-roadster.jpg\" data-link=\"https:\/\/ib-bb.de\/?attachment_id=1096\" class=\"wp-image-1096\" srcset=\"https:\/\/ib-bb.de\/wp-content\/uploads\/2021\/03\/BMW-R80-roadster.jpg 577w, https:\/\/ib-bb.de\/wp-content\/uploads\/2021\/03\/BMW-R80-roadster-300x225.jpg 300w\" sizes=\"(max-width: 577px) 100vw, 577px\" \/><\/a><figcaption class=\"blocks-gallery-item__caption\">BMW R80 Roadster BJ 1987<\/figcaption><\/figure><\/li><\/ul><\/figure>\n\n\n\n<h2 class=\"wp-block-heading\">Eigene Gartenbahn<\/h2>\n\n\n\n<figure class=\"wp-block-gallery columns-3 is-cropped wp-block-gallery-2 is-layout-flex wp-block-gallery-is-layout-flex\"><ul class=\"blocks-gallery-grid\"><li class=\"blocks-gallery-item\"><figure><a href=\"https:\/\/ib-bb.de\/wp-content\/uploads\/2019\/03\/IMG_0021.jpg\"><img loading=\"lazy\" decoding=\"async\" width=\"1000\" height=\"750\" src=\"https:\/\/ib-bb.de\/wp-content\/uploads\/2019\/03\/IMG_0021.jpg\" alt=\"\" data-id=\"760\" data-link=\"https:\/\/ib-bb.de\/?attachment_id=760\" class=\"wp-image-760\" srcset=\"https:\/\/ib-bb.de\/wp-content\/uploads\/2019\/03\/IMG_0021.jpg 1000w, https:\/\/ib-bb.de\/wp-content\/uploads\/2019\/03\/IMG_0021-300x225.jpg 300w, https:\/\/ib-bb.de\/wp-content\/uploads\/2019\/03\/IMG_0021-768x576.jpg 768w\" sizes=\"(max-width: 1000px) 100vw, 1000px\" \/><\/a><\/figure><\/li><li class=\"blocks-gallery-item\"><figure><a href=\"https:\/\/ib-bb.de\/wp-content\/uploads\/2019\/03\/IMG_0419-1024x768.jpg\"><img loading=\"lazy\" decoding=\"async\" width=\"1024\" height=\"768\" src=\"https:\/\/ib-bb.de\/wp-content\/uploads\/2019\/03\/IMG_0419-1024x768.jpg\" alt=\"\" data-id=\"761\" data-link=\"https:\/\/ib-bb.de\/?attachment_id=761\" class=\"wp-image-761\" srcset=\"https:\/\/ib-bb.de\/wp-content\/uploads\/2019\/03\/IMG_0419-1024x768.jpg 1024w, https:\/\/ib-bb.de\/wp-content\/uploads\/2019\/03\/IMG_0419-300x225.jpg 300w, https:\/\/ib-bb.de\/wp-content\/uploads\/2019\/03\/IMG_0419-768x576.jpg 768w, https:\/\/ib-bb.de\/wp-content\/uploads\/2019\/03\/IMG_0419.jpg 1632w\" sizes=\"(max-width: 1024px) 100vw, 1024px\" \/><\/a><\/figure><\/li><li class=\"blocks-gallery-item\"><figure><a href=\"https:\/\/ib-bb.de\/wp-content\/uploads\/2019\/03\/Modellbahn_20170413_02-1024x683.jpg\"><img loading=\"lazy\" decoding=\"async\" width=\"1024\" height=\"683\" src=\"https:\/\/ib-bb.de\/wp-content\/uploads\/2019\/03\/Modellbahn_20170413_02-1024x683.jpg\" alt=\"\" data-id=\"762\" data-link=\"https:\/\/ib-bb.de\/?attachment_id=762\" class=\"wp-image-762\" srcset=\"https:\/\/ib-bb.de\/wp-content\/uploads\/2019\/03\/Modellbahn_20170413_02-1024x683.jpg 1024w, https:\/\/ib-bb.de\/wp-content\/uploads\/2019\/03\/Modellbahn_20170413_02-300x200.jpg 300w, https:\/\/ib-bb.de\/wp-content\/uploads\/2019\/03\/Modellbahn_20170413_02-768x512.jpg 768w\" sizes=\"(max-width: 1024px) 100vw, 1024px\" \/><\/a><\/figure><\/li><li class=\"blocks-gallery-item\"><figure><a href=\"https:\/\/ib-bb.de\/wp-content\/uploads\/2019\/03\/Modellbahn_20170413_05-1024x683.jpg\"><img loading=\"lazy\" decoding=\"async\" width=\"1024\" height=\"683\" src=\"https:\/\/ib-bb.de\/wp-content\/uploads\/2019\/03\/Modellbahn_20170413_05-1024x683.jpg\" alt=\"\" data-id=\"763\" data-link=\"https:\/\/ib-bb.de\/?attachment_id=763\" class=\"wp-image-763\" srcset=\"https:\/\/ib-bb.de\/wp-content\/uploads\/2019\/03\/Modellbahn_20170413_05-1024x683.jpg 1024w, https:\/\/ib-bb.de\/wp-content\/uploads\/2019\/03\/Modellbahn_20170413_05-300x200.jpg 300w, https:\/\/ib-bb.de\/wp-content\/uploads\/2019\/03\/Modellbahn_20170413_05-768x512.jpg 768w\" sizes=\"(max-width: 1024px) 100vw, 1024px\" \/><\/a><\/figure><\/li><li class=\"blocks-gallery-item\"><figure><a href=\"https:\/\/ib-bb.de\/wp-content\/uploads\/2019\/03\/Modellbahn_20170413_09-1024x683.jpg\"><img loading=\"lazy\" decoding=\"async\" width=\"1024\" height=\"683\" src=\"https:\/\/ib-bb.de\/wp-content\/uploads\/2019\/03\/Modellbahn_20170413_09-1024x683.jpg\" alt=\"\" data-id=\"764\" data-link=\"https:\/\/ib-bb.de\/?attachment_id=764\" class=\"wp-image-764\" srcset=\"https:\/\/ib-bb.de\/wp-content\/uploads\/2019\/03\/Modellbahn_20170413_09-1024x683.jpg 1024w, https:\/\/ib-bb.de\/wp-content\/uploads\/2019\/03\/Modellbahn_20170413_09-300x200.jpg 300w, https:\/\/ib-bb.de\/wp-content\/uploads\/2019\/03\/Modellbahn_20170413_09-768x512.jpg 768w\" sizes=\"(max-width: 1024px) 100vw, 1024px\" \/><\/a><\/figure><\/li><li class=\"blocks-gallery-item\"><figure><a href=\"https:\/\/ib-bb.de\/wp-content\/uploads\/2019\/03\/Modellbahn_20170413_13-1024x683.jpg\"><img loading=\"lazy\" decoding=\"async\" width=\"1024\" height=\"683\" src=\"https:\/\/ib-bb.de\/wp-content\/uploads\/2019\/03\/Modellbahn_20170413_13-1024x683.jpg\" alt=\"\" data-id=\"765\" data-link=\"https:\/\/ib-bb.de\/?attachment_id=765\" class=\"wp-image-765\" srcset=\"https:\/\/ib-bb.de\/wp-content\/uploads\/2019\/03\/Modellbahn_20170413_13-1024x683.jpg 1024w, https:\/\/ib-bb.de\/wp-content\/uploads\/2019\/03\/Modellbahn_20170413_13-300x200.jpg 300w, https:\/\/ib-bb.de\/wp-content\/uploads\/2019\/03\/Modellbahn_20170413_13-768x512.jpg 768w\" sizes=\"(max-width: 1024px) 100vw, 1024px\" \/><\/a><\/figure><\/li><li class=\"blocks-gallery-item\"><figure><a href=\"https:\/\/ib-bb.de\/wp-content\/uploads\/2019\/03\/Modellbahn_20170413_19-1024x683.jpg\"><img loading=\"lazy\" decoding=\"async\" width=\"1024\" height=\"683\" src=\"https:\/\/ib-bb.de\/wp-content\/uploads\/2019\/03\/Modellbahn_20170413_19-1024x683.jpg\" alt=\"\" data-id=\"766\" data-link=\"https:\/\/ib-bb.de\/?attachment_id=766\" class=\"wp-image-766\" srcset=\"https:\/\/ib-bb.de\/wp-content\/uploads\/2019\/03\/Modellbahn_20170413_19-1024x683.jpg 1024w, https:\/\/ib-bb.de\/wp-content\/uploads\/2019\/03\/Modellbahn_20170413_19-300x200.jpg 300w, https:\/\/ib-bb.de\/wp-content\/uploads\/2019\/03\/Modellbahn_20170413_19-768x512.jpg 768w\" sizes=\"(max-width: 1024px) 100vw, 1024px\" \/><\/a><\/figure><\/li><li class=\"blocks-gallery-item\"><figure><a href=\"https:\/\/ib-bb.de\/wp-content\/uploads\/2019\/03\/Modellbahn_20170413_29-1024x683.jpg\"><img loading=\"lazy\" decoding=\"async\" width=\"1024\" height=\"683\" src=\"https:\/\/ib-bb.de\/wp-content\/uploads\/2019\/03\/Modellbahn_20170413_29-1024x683.jpg\" alt=\"\" data-id=\"767\" data-link=\"https:\/\/ib-bb.de\/?attachment_id=767\" class=\"wp-image-767\" srcset=\"https:\/\/ib-bb.de\/wp-content\/uploads\/2019\/03\/Modellbahn_20170413_29-1024x683.jpg 1024w, https:\/\/ib-bb.de\/wp-content\/uploads\/2019\/03\/Modellbahn_20170413_29-300x200.jpg 300w, https:\/\/ib-bb.de\/wp-content\/uploads\/2019\/03\/Modellbahn_20170413_29-768x512.jpg 768w\" sizes=\"(max-width: 1024px) 100vw, 1024px\" \/><\/a><\/figure><\/li><li class=\"blocks-gallery-item\"><figure><a href=\"https:\/\/ib-bb.de\/wp-content\/uploads\/2019\/03\/TN_LGB129828-1024x768.jpg\"><img loading=\"lazy\" decoding=\"async\" width=\"1024\" height=\"768\" src=\"https:\/\/ib-bb.de\/wp-content\/uploads\/2019\/03\/TN_LGB129828-1024x768.jpg\" alt=\"\" data-id=\"768\" data-link=\"https:\/\/ib-bb.de\/?attachment_id=768\" class=\"wp-image-768\" srcset=\"https:\/\/ib-bb.de\/wp-content\/uploads\/2019\/03\/TN_LGB129828-1024x768.jpg 1024w, https:\/\/ib-bb.de\/wp-content\/uploads\/2019\/03\/TN_LGB129828-300x225.jpg 300w, https:\/\/ib-bb.de\/wp-content\/uploads\/2019\/03\/TN_LGB129828-768x576.jpg 768w, https:\/\/ib-bb.de\/wp-content\/uploads\/2019\/03\/TN_LGB129828.jpg 2000w\" sizes=\"(max-width: 1024px) 100vw, 1024px\" \/><\/a><\/figure><\/li><li class=\"blocks-gallery-item\"><figure><a href=\"https:\/\/ib-bb.de\/wp-content\/uploads\/2019\/03\/IMG_0008-3-1024x768.jpg\"><img loading=\"lazy\" decoding=\"async\" width=\"1024\" height=\"768\" src=\"https:\/\/ib-bb.de\/wp-content\/uploads\/2019\/03\/IMG_0008-3-1024x768.jpg\" alt=\"\" data-id=\"781\" data-link=\"https:\/\/ib-bb.de\/?attachment_id=781\" class=\"wp-image-781\" srcset=\"https:\/\/ib-bb.de\/wp-content\/uploads\/2019\/03\/IMG_0008-3-1024x768.jpg 1024w, https:\/\/ib-bb.de\/wp-content\/uploads\/2019\/03\/IMG_0008-3-300x225.jpg 300w, https:\/\/ib-bb.de\/wp-content\/uploads\/2019\/03\/IMG_0008-3-768x576.jpg 768w, https:\/\/ib-bb.de\/wp-content\/uploads\/2019\/03\/IMG_0008-3.jpg 2000w\" sizes=\"(max-width: 1024px) 100vw, 1024px\" \/><\/a><\/figure><\/li><\/ul><\/figure>\n","protected":false},"excerpt":{"rendered":"<p>Umbau einer Drehmaschine Weiler Matador auf Sino Digitalanzeige mit Magnet-Ma\u00dfst\u00e4ben:Montageanleitung_Sino_DRO_Matador.pdf Erweiterung einer Piko 35010 Zentrale:Erweiterung Piko Zentrale.pdf Bau einer H\u00f6henmessvorrichtung f\u00fcr Drehmeissel:H\u00f6henmesseinrichtung f\u00fcr Drehmeissel.pdf Hobbies und Fahrzeuge Eigene Gartenbahn<\/p>\n","protected":false},"author":1,"featured_media":0,"parent":0,"menu_order":0,"comment_status":"closed","ping_status":"closed","template":"","meta":{"site-sidebar-layout":"default","site-content-layout":"default","ast-site-content-layout":"default","site-content-style":"default","site-sidebar-style":"default","ast-global-header-display":"","ast-banner-title-visibility":"","ast-main-header-display":"","ast-hfb-above-header-display":"","ast-hfb-below-header-display":"","ast-hfb-mobile-header-display":"","site-post-title":"","ast-breadcrumbs-content":"","ast-featured-img":"","footer-sml-layout":"","ast-disable-related-posts":"","theme-transparent-header-meta":"default","adv-header-id-meta":"","stick-header-meta":"","header-above-stick-meta":"","header-main-stick-meta":"","header-below-stick-meta":"","astra-migrate-meta-layouts":"default","ast-page-background-enabled":"default","ast-page-background-meta":{"desktop":{"background-color":"","background-image":"","background-repeat":"repeat","background-position":"center center","background-size":"auto","background-attachment":"scroll","background-type":"","background-media":"","overlay-type":"","overlay-color":"","overlay-opacity":"","overlay-gradient":""},"tablet":{"background-color":"","background-image":"","background-repeat":"repeat","background-position":"center center","background-size":"auto","background-attachment":"scroll","background-type":"","background-media":"","overlay-type":"","overlay-color":"","overlay-opacity":"","overlay-gradient":""},"mobile":{"background-color":"","background-image":"","background-repeat":"repeat","background-position":"center center","background-size":"auto","background-attachment":"scroll","background-type":"","background-media":"","overlay-type":"","overlay-color":"","overlay-opacity":"","overlay-gradient":""}},"ast-content-background-meta":{"desktop":{"background-color":"var(--ast-global-color-5)","background-image":"","background-repeat":"repeat","background-position":"center center","background-size":"auto","background-attachment":"scroll","background-type":"","background-media":"","overlay-type":"","overlay-color":"","overlay-opacity":"","overlay-gradient":""},"tablet":{"background-color":"var(--ast-global-color-5)","background-image":"","background-repeat":"repeat","background-position":"center center","background-size":"auto","background-attachment":"scroll","background-type":"","background-media":"","overlay-type":"","overlay-color":"","overlay-opacity":"","overlay-gradient":""},"mobile":{"background-color":"var(--ast-global-color-5)","background-image":"","background-repeat":"repeat","background-position":"center center","background-size":"auto","background-attachment":"scroll","background-type":"","background-media":"","overlay-type":"","overlay-color":"","overlay-opacity":"","overlay-gradient":""}},"footnotes":""},"_links":{"self":[{"href":"https:\/\/ib-bb.de\/index.php?rest_route=\/wp\/v2\/pages\/177"}],"collection":[{"href":"https:\/\/ib-bb.de\/index.php?rest_route=\/wp\/v2\/pages"}],"about":[{"href":"https:\/\/ib-bb.de\/index.php?rest_route=\/wp\/v2\/types\/page"}],"author":[{"embeddable":true,"href":"https:\/\/ib-bb.de\/index.php?rest_route=\/wp\/v2\/users\/1"}],"replies":[{"embeddable":true,"href":"https:\/\/ib-bb.de\/index.php?rest_route=%2Fwp%2Fv2%2Fcomments&post=177"}],"version-history":[{"count":10,"href":"https:\/\/ib-bb.de\/index.php?rest_route=\/wp\/v2\/pages\/177\/revisions"}],"predecessor-version":[{"id":1097,"href":"https:\/\/ib-bb.de\/index.php?rest_route=\/wp\/v2\/pages\/177\/revisions\/1097"}],"wp:attachment":[{"href":"https:\/\/ib-bb.de\/index.php?rest_route=%2Fwp%2Fv2%2Fmedia&parent=177"}],"curies":[{"name":"wp","href":"https:\/\/api.w.org\/{rel}","templated":true}]}}