{"id":164,"date":"2019-02-10T18:40:41","date_gmt":"2019-02-10T18:40:41","guid":{"rendered":"http:\/\/ib-bb.de\/?page_id=164"},"modified":"2020-10-16T15:21:36","modified_gmt":"2020-10-16T14:21:36","slug":"trittstufe-baureihe-3062","status":"publish","type":"page","link":"https:\/\/ib-bb.de\/?page_id=164","title":{"rendered":"Trittstufe Baureihe 3062 und 3070"},"content":{"rendered":"\n<p>Bei diesen Wagen brechen oft die Trittstufen ab und man bekommt nur mehr selten den Wagenboden mit passender Beschriftung, mit diesem Satz kann man abgebrochene Trittstufen kosteng\u00fcnstig ersetzten. Auch als Zur\u00fcst-Teil f\u00fcr Eigen oder Umbauten geeignet.<\/p>\n\n\n\n<figure class=\"wp-block-gallery columns-2 is-cropped wp-block-gallery-1 is-layout-flex wp-block-gallery-is-layout-flex\"><ul class=\"blocks-gallery-grid\"><li class=\"blocks-gallery-item\"><figure><img loading=\"lazy\" decoding=\"async\" width=\"1024\" height=\"768\" src=\"https:\/\/ib-bb.de\/wp-content\/uploads\/2020\/10\/IMG_4795-hp-1024x768.jpg\" alt=\"\" data-id=\"874\" data-link=\"https:\/\/ib-bb.de\/?attachment_id=874\" class=\"wp-image-874\" srcset=\"https:\/\/ib-bb.de\/wp-content\/uploads\/2020\/10\/IMG_4795-hp-1024x768.jpg 1024w, https:\/\/ib-bb.de\/wp-content\/uploads\/2020\/10\/IMG_4795-hp-300x225.jpg 300w, https:\/\/ib-bb.de\/wp-content\/uploads\/2020\/10\/IMG_4795-hp-768x576.jpg 768w, https:\/\/ib-bb.de\/wp-content\/uploads\/2020\/10\/IMG_4795-hp-1536x1152.jpg 1536w, https:\/\/ib-bb.de\/wp-content\/uploads\/2020\/10\/IMG_4795-hp.jpg 1632w\" sizes=\"(max-width: 1024px) 100vw, 1024px\" \/><\/figure><\/li><li class=\"blocks-gallery-item\"><figure><img loading=\"lazy\" decoding=\"async\" width=\"1024\" height=\"768\" src=\"https:\/\/ib-bb.de\/wp-content\/uploads\/2020\/10\/IMG_4796-hp-1024x768.jpg\" alt=\"\" data-id=\"875\" data-link=\"https:\/\/ib-bb.de\/?attachment_id=875\" class=\"wp-image-875\" srcset=\"https:\/\/ib-bb.de\/wp-content\/uploads\/2020\/10\/IMG_4796-hp-1024x768.jpg 1024w, https:\/\/ib-bb.de\/wp-content\/uploads\/2020\/10\/IMG_4796-hp-300x225.jpg 300w, https:\/\/ib-bb.de\/wp-content\/uploads\/2020\/10\/IMG_4796-hp-768x576.jpg 768w, https:\/\/ib-bb.de\/wp-content\/uploads\/2020\/10\/IMG_4796-hp-1536x1152.jpg 1536w, https:\/\/ib-bb.de\/wp-content\/uploads\/2020\/10\/IMG_4796-hp.jpg 1632w\" sizes=\"(max-width: 1024px) 100vw, 1024px\" \/><\/figure><\/li><\/ul><\/figure>\n\n\n\n<figure class=\"wp-block-gallery columns-1 is-cropped wp-block-gallery-2 is-layout-flex wp-block-gallery-is-layout-flex\"><ul class=\"blocks-gallery-grid\"><li class=\"blocks-gallery-item\"><figure><img loading=\"lazy\" decoding=\"async\" width=\"577\" height=\"433\" src=\"https:\/\/ib-bb.de\/wp-content\/uploads\/2020\/10\/IMG_5426-hp1-1.jpg\" alt=\"\" data-id=\"877\" data-full-url=\"https:\/\/ib-bb.de\/wp-content\/uploads\/2020\/10\/IMG_5426-hp1-1.jpg\" data-link=\"https:\/\/ib-bb.de\/?attachment_id=877\" class=\"wp-image-877\" srcset=\"https:\/\/ib-bb.de\/wp-content\/uploads\/2020\/10\/IMG_5426-hp1-1.jpg 577w, https:\/\/ib-bb.de\/wp-content\/uploads\/2020\/10\/IMG_5426-hp1-1-300x225.jpg 300w\" sizes=\"(max-width: 577px) 100vw, 577px\" \/><\/figure><\/li><\/ul><\/figure>\n\n\n\n<p>Aktuelle Preise entnehmen Sie bitte aus unserer Preisliste , diese finden Sie unter <a href=\"https:\/\/ib-bb.de\/?page_id=288\">Download<\/a>.<\/p>\n\n\n\n<p>Sollten Sie Interesse haben, kontaktieren Sie uns bitte per <a href=\"mailto:info@ib-bb.de?subject=Trittstufe%20Baureihe%203062\">Email<\/a>.<\/p>\n","protected":false},"excerpt":{"rendered":"<p>Bei diesen Wagen brechen oft die Trittstufen ab und man bekommt nur mehr selten den Wagenboden mit passender Beschriftung, mit diesem Satz kann man abgebrochene Trittstufen kosteng\u00fcnstig ersetzten. Auch als Zur\u00fcst-Teil f\u00fcr Eigen oder Umbauten geeignet. Aktuelle Preise entnehmen Sie bitte aus unserer Preisliste , diese finden Sie unter Download. Sollten Sie Interesse haben, kontaktieren [&hellip;]<\/p>\n","protected":false},"author":1,"featured_media":0,"parent":0,"menu_order":0,"comment_status":"closed","ping_status":"closed","template":"","meta":{"site-sidebar-layout":"default","site-content-layout":"default","ast-site-content-layout":"default","site-content-style":"default","site-sidebar-style":"default","ast-global-header-display":"","ast-banner-title-visibility":"","ast-main-header-display":"","ast-hfb-above-header-display":"","ast-hfb-below-header-display":"","ast-hfb-mobile-header-display":"","site-post-title":"","ast-breadcrumbs-content":"","ast-featured-img":"","footer-sml-layout":"","ast-disable-related-posts":"","theme-transparent-header-meta":"default","adv-header-id-meta":"","stick-header-meta":"","header-above-stick-meta":"","header-main-stick-meta":"","header-below-stick-meta":"","astra-migrate-meta-layouts":"default","ast-page-background-enabled":"default","ast-page-background-meta":{"desktop":{"background-color":"","background-image":"","background-repeat":"repeat","background-position":"center center","background-size":"auto","background-attachment":"scroll","background-type":"","background-media":"","overlay-type":"","overlay-color":"","overlay-opacity":"","overlay-gradient":""},"tablet":{"background-color":"","background-image":"","background-repeat":"repeat","background-position":"center center","background-size":"auto","background-attachment":"scroll","background-type":"","background-media":"","overlay-type":"","overlay-color":"","overlay-opacity":"","overlay-gradient":""},"mobile":{"background-color":"","background-image":"","background-repeat":"repeat","background-position":"center center","background-size":"auto","background-attachment":"scroll","background-type":"","background-media":"","overlay-type":"","overlay-color":"","overlay-opacity":"","overlay-gradient":""}},"ast-content-background-meta":{"desktop":{"background-color":"var(--ast-global-color-5)","background-image":"","background-repeat":"repeat","background-position":"center center","background-size":"auto","background-attachment":"scroll","background-type":"","background-media":"","overlay-type":"","overlay-color":"","overlay-opacity":"","overlay-gradient":""},"tablet":{"background-color":"var(--ast-global-color-5)","background-image":"","background-repeat":"repeat","background-position":"center center","background-size":"auto","background-attachment":"scroll","background-type":"","background-media":"","overlay-type":"","overlay-color":"","overlay-opacity":"","overlay-gradient":""},"mobile":{"background-color":"var(--ast-global-color-5)","background-image":"","background-repeat":"repeat","background-position":"center center","background-size":"auto","background-attachment":"scroll","background-type":"","background-media":"","overlay-type":"","overlay-color":"","overlay-opacity":"","overlay-gradient":""}},"footnotes":""},"_links":{"self":[{"href":"https:\/\/ib-bb.de\/index.php?rest_route=\/wp\/v2\/pages\/164"}],"collection":[{"href":"https:\/\/ib-bb.de\/index.php?rest_route=\/wp\/v2\/pages"}],"about":[{"href":"https:\/\/ib-bb.de\/index.php?rest_route=\/wp\/v2\/types\/page"}],"author":[{"embeddable":true,"href":"https:\/\/ib-bb.de\/index.php?rest_route=\/wp\/v2\/users\/1"}],"replies":[{"embeddable":true,"href":"https:\/\/ib-bb.de\/index.php?rest_route=%2Fwp%2Fv2%2Fcomments&post=164"}],"version-history":[{"count":4,"href":"https:\/\/ib-bb.de\/index.php?rest_route=\/wp\/v2\/pages\/164\/revisions"}],"predecessor-version":[{"id":903,"href":"https:\/\/ib-bb.de\/index.php?rest_route=\/wp\/v2\/pages\/164\/revisions\/903"}],"wp:attachment":[{"href":"https:\/\/ib-bb.de\/index.php?rest_route=%2Fwp%2Fv2%2Fmedia&parent=164"}],"curies":[{"name":"wp","href":"https:\/\/api.w.org\/{rel}","templated":true}]}}