{"id":16,"date":"2019-02-10T18:39:20","date_gmt":"2019-02-10T18:39:20","guid":{"rendered":"http:\/\/ib-bb.de\/?page_id=16"},"modified":"2019-02-14T21:21:10","modified_gmt":"2019-02-14T20:21:10","slug":"massoth-produkte%ef%bb%bf","status":"publish","type":"page","link":"https:\/\/ib-bb.de\/?page_id=16","title":{"rendered":"Massoth-Produkte\ufeff"},"content":{"rendered":"\n<p>Unser Ingenieurb\u00fcro ist zugleich auch St\u00fctzpunkth\u00e4ndler f\u00fcr Massoth\u00ae Produkte. Gerne erstellen wir Ihnen ein attraktives Angebot f\u00fcr die bew\u00e4hrten Massoth\u00ae Komponenten.<br><br>Sollten Sie Interesse haben, kontaktieren Sie uns bitte per <a href=\"mailto:info@ib-bb.de?subject=Anfrage%20Massoth%20Komponenten\">Email<\/a>.<\/p>\n\n\n\n<p>Massoth\u00ae ist eine eingetragene Marke der <a href=\"https:\/\/www.massoth.de\/\">Massoth Elektronik GmbH<\/a>.<\/p>\n","protected":false},"excerpt":{"rendered":"<p>Unser Ingenieurb\u00fcro ist zugleich auch St\u00fctzpunkth\u00e4ndler f\u00fcr Massoth\u00ae Produkte. Gerne erstellen wir Ihnen ein attraktives Angebot f\u00fcr die bew\u00e4hrten Massoth\u00ae Komponenten. Sollten Sie Interesse haben, kontaktieren Sie uns bitte per Email. Massoth\u00ae ist eine eingetragene Marke der Massoth Elektronik GmbH.<\/p>\n","protected":false},"author":1,"featured_media":0,"parent":0,"menu_order":0,"comment_status":"closed","ping_status":"closed","template":"","meta":{"site-sidebar-layout":"default","site-content-layout":"default","ast-site-content-layout":"default","site-content-style":"default","site-sidebar-style":"default","ast-global-header-display":"","ast-banner-title-visibility":"","ast-main-header-display":"","ast-hfb-above-header-display":"","ast-hfb-below-header-display":"","ast-hfb-mobile-header-display":"","site-post-title":"","ast-breadcrumbs-content":"","ast-featured-img":"","footer-sml-layout":"","ast-disable-related-posts":"","theme-transparent-header-meta":"default","adv-header-id-meta":"","stick-header-meta":"","header-above-stick-meta":"","header-main-stick-meta":"","header-below-stick-meta":"","astra-migrate-meta-layouts":"default","ast-page-background-enabled":"default","ast-page-background-meta":{"desktop":{"background-color":"","background-image":"","background-repeat":"repeat","background-position":"center center","background-size":"auto","background-attachment":"scroll","background-type":"","background-media":"","overlay-type":"","overlay-color":"","overlay-opacity":"","overlay-gradient":""},"tablet":{"background-color":"","background-image":"","background-repeat":"repeat","background-position":"center center","background-size":"auto","background-attachment":"scroll","background-type":"","background-media":"","overlay-type":"","overlay-color":"","overlay-opacity":"","overlay-gradient":""},"mobile":{"background-color":"","background-image":"","background-repeat":"repeat","background-position":"center center","background-size":"auto","background-attachment":"scroll","background-type":"","background-media":"","overlay-type":"","overlay-color":"","overlay-opacity":"","overlay-gradient":""}},"ast-content-background-meta":{"desktop":{"background-color":"var(--ast-global-color-5)","background-image":"","background-repeat":"repeat","background-position":"center center","background-size":"auto","background-attachment":"scroll","background-type":"","background-media":"","overlay-type":"","overlay-color":"","overlay-opacity":"","overlay-gradient":""},"tablet":{"background-color":"var(--ast-global-color-5)","background-image":"","background-repeat":"repeat","background-position":"center center","background-size":"auto","background-attachment":"scroll","background-type":"","background-media":"","overlay-type":"","overlay-color":"","overlay-opacity":"","overlay-gradient":""},"mobile":{"background-color":"var(--ast-global-color-5)","background-image":"","background-repeat":"repeat","background-position":"center center","background-size":"auto","background-attachment":"scroll","background-type":"","background-media":"","overlay-type":"","overlay-color":"","overlay-opacity":"","overlay-gradient":""}},"footnotes":""},"_links":{"self":[{"href":"https:\/\/ib-bb.de\/index.php?rest_route=\/wp\/v2\/pages\/16"}],"collection":[{"href":"https:\/\/ib-bb.de\/index.php?rest_route=\/wp\/v2\/pages"}],"about":[{"href":"https:\/\/ib-bb.de\/index.php?rest_route=\/wp\/v2\/types\/page"}],"author":[{"embeddable":true,"href":"https:\/\/ib-bb.de\/index.php?rest_route=\/wp\/v2\/users\/1"}],"replies":[{"embeddable":true,"href":"https:\/\/ib-bb.de\/index.php?rest_route=%2Fwp%2Fv2%2Fcomments&post=16"}],"version-history":[{"count":3,"href":"https:\/\/ib-bb.de\/index.php?rest_route=\/wp\/v2\/pages\/16\/revisions"}],"predecessor-version":[{"id":343,"href":"https:\/\/ib-bb.de\/index.php?rest_route=\/wp\/v2\/pages\/16\/revisions\/343"}],"wp:attachment":[{"href":"https:\/\/ib-bb.de\/index.php?rest_route=%2Fwp%2Fv2%2Fmedia&parent=16"}],"curies":[{"name":"wp","href":"https:\/\/api.w.org\/{rel}","templated":true}]}}