{"id":153,"date":"2019-02-10T18:35:39","date_gmt":"2019-02-10T18:35:39","guid":{"rendered":"http:\/\/ib-bb.de\/?page_id=153"},"modified":"2019-02-24T21:11:52","modified_gmt":"2019-02-24T20:11:52","slug":"bobby-car-2","status":"publish","type":"page","link":"https:\/\/ib-bb.de\/?page_id=153","title":{"rendered":"BOBBY-CAR"},"content":{"rendered":"\n<p>Auf dem Griesheimer Gartenbahntreffen 2015 sah ich zum ersten Mal ein Miniatur-Bobby-Car, welches an einem fahrenden Zug hinten angeh\u00e4ngt war.<\/p>\n\n\n<ul class=\"wp-block-gallery columns-3 is-cropped\">\n<li class=\"blocks-gallery-item\">\n<figure><a href=\"https:\/\/ib-bb.de\/wp-content\/uploads\/2019\/02\/IMG_3079-1024x768.jpg\"><img loading=\"lazy\" decoding=\"async\" width=\"1024\" height=\"768\" class=\"wp-image-458\" src=\"https:\/\/ib-bb.de\/wp-content\/uploads\/2019\/02\/IMG_3079-1024x768.jpg\" alt=\"\" data-id=\"458\" data-link=\"https:\/\/ib-bb.de\/?attachment_id=458\" srcset=\"https:\/\/ib-bb.de\/wp-content\/uploads\/2019\/02\/IMG_3079-1024x768.jpg 1024w, https:\/\/ib-bb.de\/wp-content\/uploads\/2019\/02\/IMG_3079-300x225.jpg 300w, https:\/\/ib-bb.de\/wp-content\/uploads\/2019\/02\/IMG_3079-768x576.jpg 768w\" sizes=\"(max-width: 1024px) 100vw, 1024px\" \/><\/a><\/figure>\n<\/li>\n<li class=\"blocks-gallery-item\">\n<figure><a href=\"https:\/\/ib-bb.de\/wp-content\/uploads\/2019\/02\/IMG_3082-1024x768.jpg\"><img loading=\"lazy\" decoding=\"async\" width=\"1024\" height=\"768\" class=\"wp-image-459\" src=\"https:\/\/ib-bb.de\/wp-content\/uploads\/2019\/02\/IMG_3082-1024x768.jpg\" alt=\"\" data-id=\"459\" data-link=\"https:\/\/ib-bb.de\/?attachment_id=459\" srcset=\"https:\/\/ib-bb.de\/wp-content\/uploads\/2019\/02\/IMG_3082-1024x768.jpg 1024w, https:\/\/ib-bb.de\/wp-content\/uploads\/2019\/02\/IMG_3082-300x225.jpg 300w, https:\/\/ib-bb.de\/wp-content\/uploads\/2019\/02\/IMG_3082-768x576.jpg 768w\" sizes=\"(max-width: 1024px) 100vw, 1024px\" \/><\/a><\/figure>\n<\/li>\n<li class=\"blocks-gallery-item\">\n<figure><a href=\"https:\/\/ib-bb.de\/wp-content\/uploads\/2019\/02\/IMG_3077-1024x768.jpg\"><img loading=\"lazy\" decoding=\"async\" width=\"1024\" height=\"768\" class=\"wp-image-460\" src=\"https:\/\/ib-bb.de\/wp-content\/uploads\/2019\/02\/IMG_3077-1024x768.jpg\" alt=\"\" data-id=\"460\" data-link=\"https:\/\/ib-bb.de\/?attachment_id=460\" srcset=\"https:\/\/ib-bb.de\/wp-content\/uploads\/2019\/02\/IMG_3077-1024x768.jpg 1024w, https:\/\/ib-bb.de\/wp-content\/uploads\/2019\/02\/IMG_3077-300x225.jpg 300w, https:\/\/ib-bb.de\/wp-content\/uploads\/2019\/02\/IMG_3077-768x576.jpg 768w\" sizes=\"(max-width: 1024px) 100vw, 1024px\" \/><\/a><\/figure>\n<\/li>\n<li class=\"blocks-gallery-item\">\n<figure><a href=\"https:\/\/ib-bb.de\/wp-content\/uploads\/2019\/02\/IMG_3078-1024x768.jpg\"><img loading=\"lazy\" decoding=\"async\" width=\"1024\" height=\"768\" class=\"wp-image-461\" src=\"https:\/\/ib-bb.de\/wp-content\/uploads\/2019\/02\/IMG_3078-1024x768.jpg\" alt=\"\" data-id=\"461\" data-link=\"https:\/\/ib-bb.de\/?attachment_id=461\" srcset=\"https:\/\/ib-bb.de\/wp-content\/uploads\/2019\/02\/IMG_3078-1024x768.jpg 1024w, https:\/\/ib-bb.de\/wp-content\/uploads\/2019\/02\/IMG_3078-300x225.jpg 300w, https:\/\/ib-bb.de\/wp-content\/uploads\/2019\/02\/IMG_3078-768x576.jpg 768w\" sizes=\"(max-width: 1024px) 100vw, 1024px\" \/><\/a><\/figure>\n<\/li>\n<li class=\"blocks-gallery-item\">\n<figure><a href=\"https:\/\/ib-bb.de\/wp-content\/uploads\/2019\/02\/IMG_3080-1024x768.jpg\"><img loading=\"lazy\" decoding=\"async\" width=\"1024\" height=\"768\" class=\"wp-image-462\" src=\"https:\/\/ib-bb.de\/wp-content\/uploads\/2019\/02\/IMG_3080-1024x768.jpg\" alt=\"\" data-id=\"462\" data-link=\"https:\/\/ib-bb.de\/?attachment_id=462\" srcset=\"https:\/\/ib-bb.de\/wp-content\/uploads\/2019\/02\/IMG_3080-1024x768.jpg 1024w, https:\/\/ib-bb.de\/wp-content\/uploads\/2019\/02\/IMG_3080-300x225.jpg 300w, https:\/\/ib-bb.de\/wp-content\/uploads\/2019\/02\/IMG_3080-768x576.jpg 768w\" sizes=\"(max-width: 1024px) 100vw, 1024px\" \/><\/a><\/figure>\n<\/li>\n<li class=\"blocks-gallery-item\">\n<figure><a href=\"https:\/\/ib-bb.de\/wp-content\/uploads\/2019\/02\/Bobby-car-mit-Metallachsen-1024x768.jpg\"><img loading=\"lazy\" decoding=\"async\" width=\"1024\" height=\"768\" class=\"wp-image-463\" src=\"https:\/\/ib-bb.de\/wp-content\/uploads\/2019\/02\/Bobby-car-mit-Metallachsen-1024x768.jpg\" alt=\"\" data-id=\"463\" data-link=\"https:\/\/ib-bb.de\/?attachment_id=463\" srcset=\"https:\/\/ib-bb.de\/wp-content\/uploads\/2019\/02\/Bobby-car-mit-Metallachsen-1024x768.jpg 1024w, https:\/\/ib-bb.de\/wp-content\/uploads\/2019\/02\/Bobby-car-mit-Metallachsen-300x225.jpg 300w, https:\/\/ib-bb.de\/wp-content\/uploads\/2019\/02\/Bobby-car-mit-Metallachsen-768x576.jpg 768w\" sizes=\"(max-width: 1024px) 100vw, 1024px\" \/><\/a><\/figure>\n<\/li>\n<li class=\"blocks-gallery-item\">\n<figure><a href=\"https:\/\/ib-bb.de\/wp-content\/uploads\/2019\/02\/BC-im-Einsatz-min-1024x768.jpg\"><img loading=\"lazy\" decoding=\"async\" width=\"1024\" height=\"768\" class=\"wp-image-465\" src=\"https:\/\/ib-bb.de\/wp-content\/uploads\/2019\/02\/BC-im-Einsatz-min-1024x768.jpg\" alt=\"\" data-id=\"465\" data-link=\"https:\/\/ib-bb.de\/?attachment_id=465\" srcset=\"https:\/\/ib-bb.de\/wp-content\/uploads\/2019\/02\/BC-im-Einsatz-min-1024x768.jpg 1024w, https:\/\/ib-bb.de\/wp-content\/uploads\/2019\/02\/BC-im-Einsatz-min-300x225.jpg 300w, https:\/\/ib-bb.de\/wp-content\/uploads\/2019\/02\/BC-im-Einsatz-min-768x576.jpg 768w\" sizes=\"(max-width: 1024px) 100vw, 1024px\" \/><\/a><\/figure>\n<\/li>\n<li class=\"blocks-gallery-item\">\n<figure><a href=\"https:\/\/ib-bb.de\/wp-content\/uploads\/2019\/02\/BC-KA-mit-Mann-min-1024x768.jpg\"><img loading=\"lazy\" decoding=\"async\" width=\"1024\" height=\"768\" class=\"wp-image-466\" src=\"https:\/\/ib-bb.de\/wp-content\/uploads\/2019\/02\/BC-KA-mit-Mann-min-1024x768.jpg\" alt=\"\" data-id=\"466\" data-link=\"https:\/\/ib-bb.de\/?attachment_id=466\" srcset=\"https:\/\/ib-bb.de\/wp-content\/uploads\/2019\/02\/BC-KA-mit-Mann-min-1024x768.jpg 1024w, https:\/\/ib-bb.de\/wp-content\/uploads\/2019\/02\/BC-KA-mit-Mann-min-300x225.jpg 300w, https:\/\/ib-bb.de\/wp-content\/uploads\/2019\/02\/BC-KA-mit-Mann-min-768x576.jpg 768w\" sizes=\"(max-width: 1024px) 100vw, 1024px\" \/><\/a><\/figure>\n<\/li>\n<li class=\"blocks-gallery-item\">\n<figure><a href=\"https:\/\/ib-bb.de\/wp-content\/uploads\/2019\/02\/BC-KA-rot-mit-Frau-min-1024x768.jpg\"><img loading=\"lazy\" decoding=\"async\" width=\"1024\" height=\"768\" class=\"wp-image-467\" src=\"https:\/\/ib-bb.de\/wp-content\/uploads\/2019\/02\/BC-KA-rot-mit-Frau-min-1024x768.jpg\" alt=\"\" data-id=\"467\" data-link=\"https:\/\/ib-bb.de\/?attachment_id=467\" srcset=\"https:\/\/ib-bb.de\/wp-content\/uploads\/2019\/02\/BC-KA-rot-mit-Frau-min-1024x768.jpg 1024w, https:\/\/ib-bb.de\/wp-content\/uploads\/2019\/02\/BC-KA-rot-mit-Frau-min-300x225.jpg 300w, https:\/\/ib-bb.de\/wp-content\/uploads\/2019\/02\/BC-KA-rot-mit-Frau-min-768x576.jpg 768w\" sizes=\"(max-width: 1024px) 100vw, 1024px\" \/><\/a><\/figure>\n<\/li>\n<li class=\"blocks-gallery-item\">\n<figure><a href=\"https:\/\/ib-bb.de\/wp-content\/uploads\/2019\/02\/BC-KA-min-1024x768.jpg\"><img loading=\"lazy\" decoding=\"async\" width=\"1024\" height=\"768\" class=\"wp-image-468\" src=\"https:\/\/ib-bb.de\/wp-content\/uploads\/2019\/02\/BC-KA-min-1024x768.jpg\" alt=\"\" data-id=\"468\" data-link=\"https:\/\/ib-bb.de\/?attachment_id=468\" srcset=\"https:\/\/ib-bb.de\/wp-content\/uploads\/2019\/02\/BC-KA-min-1024x768.jpg 1024w, https:\/\/ib-bb.de\/wp-content\/uploads\/2019\/02\/BC-KA-min-300x225.jpg 300w, https:\/\/ib-bb.de\/wp-content\/uploads\/2019\/02\/BC-KA-min-768x576.jpg 768w\" sizes=\"(max-width: 1024px) 100vw, 1024px\" \/><\/a><\/figure>\n<\/li>\n<li class=\"blocks-gallery-item\">\n<figure><a href=\"https:\/\/ib-bb.de\/wp-content\/uploads\/2019\/02\/BC-KPL-in-rot-mit-Frau-min-1024x768.jpg\"><img loading=\"lazy\" decoding=\"async\" width=\"1024\" height=\"768\" class=\"wp-image-469\" src=\"https:\/\/ib-bb.de\/wp-content\/uploads\/2019\/02\/BC-KPL-in-rot-mit-Frau-min-1024x768.jpg\" alt=\"\" data-id=\"469\" data-link=\"https:\/\/ib-bb.de\/?attachment_id=469\" srcset=\"https:\/\/ib-bb.de\/wp-content\/uploads\/2019\/02\/BC-KPL-in-rot-mit-Frau-min-1024x768.jpg 1024w, https:\/\/ib-bb.de\/wp-content\/uploads\/2019\/02\/BC-KPL-in-rot-mit-Frau-min-300x225.jpg 300w, https:\/\/ib-bb.de\/wp-content\/uploads\/2019\/02\/BC-KPL-in-rot-mit-Frau-min-768x576.jpg 768w\" sizes=\"(max-width: 1024px) 100vw, 1024px\" \/><\/a><\/figure>\n<\/li>\n<li class=\"blocks-gallery-item\">\n<figure><a href=\"https:\/\/ib-bb.de\/wp-content\/uploads\/2019\/02\/BC-MA-mit-Figur-Frau-min-1024x768.jpg\"><img loading=\"lazy\" decoding=\"async\" width=\"1024\" height=\"768\" class=\"wp-image-470\" src=\"https:\/\/ib-bb.de\/wp-content\/uploads\/2019\/02\/BC-MA-mit-Figur-Frau-min-1024x768.jpg\" alt=\"\" data-id=\"470\" data-link=\"https:\/\/ib-bb.de\/?attachment_id=470\" srcset=\"https:\/\/ib-bb.de\/wp-content\/uploads\/2019\/02\/BC-MA-mit-Figur-Frau-min-1024x768.jpg 1024w, https:\/\/ib-bb.de\/wp-content\/uploads\/2019\/02\/BC-MA-mit-Figur-Frau-min-300x225.jpg 300w, https:\/\/ib-bb.de\/wp-content\/uploads\/2019\/02\/BC-MA-mit-Figur-Frau-min-768x576.jpg 768w\" sizes=\"(max-width: 1024px) 100vw, 1024px\" \/><\/a><\/figure>\n<\/li>\n<li class=\"blocks-gallery-item\">\n<figure><a href=\"https:\/\/ib-bb.de\/wp-content\/uploads\/2019\/02\/BC-MA-mit-Figur-Mann-min-1024x768.jpg\"><img loading=\"lazy\" decoding=\"async\" width=\"1024\" height=\"768\" class=\"wp-image-471\" src=\"https:\/\/ib-bb.de\/wp-content\/uploads\/2019\/02\/BC-MA-mit-Figur-Mann-min-1024x768.jpg\" alt=\"\" data-id=\"471\" data-link=\"https:\/\/ib-bb.de\/?attachment_id=471\" srcset=\"https:\/\/ib-bb.de\/wp-content\/uploads\/2019\/02\/BC-MA-mit-Figur-Mann-min-1024x768.jpg 1024w, https:\/\/ib-bb.de\/wp-content\/uploads\/2019\/02\/BC-MA-mit-Figur-Mann-min-300x225.jpg 300w, https:\/\/ib-bb.de\/wp-content\/uploads\/2019\/02\/BC-MA-mit-Figur-Mann-min-768x576.jpg 768w\" sizes=\"(max-width: 1024px) 100vw, 1024px\" \/><\/a><\/figure>\n<\/li>\n<li class=\"blocks-gallery-item\">\n<figure><a href=\"https:\/\/ib-bb.de\/wp-content\/uploads\/2019\/02\/BC-MA-mit-Frau-und-Achsen-min-1024x768.jpg\"><img loading=\"lazy\" decoding=\"async\" width=\"1024\" height=\"768\" class=\"wp-image-472\" src=\"https:\/\/ib-bb.de\/wp-content\/uploads\/2019\/02\/BC-MA-mit-Frau-und-Achsen-min-1024x768.jpg\" alt=\"\" data-id=\"472\" data-link=\"https:\/\/ib-bb.de\/?attachment_id=472\" srcset=\"https:\/\/ib-bb.de\/wp-content\/uploads\/2019\/02\/BC-MA-mit-Frau-und-Achsen-min-1024x768.jpg 1024w, https:\/\/ib-bb.de\/wp-content\/uploads\/2019\/02\/BC-MA-mit-Frau-und-Achsen-min-300x225.jpg 300w, https:\/\/ib-bb.de\/wp-content\/uploads\/2019\/02\/BC-MA-mit-Frau-und-Achsen-min-768x576.jpg 768w\" sizes=\"(max-width: 1024px) 100vw, 1024px\" \/><\/a><\/figure>\n<\/li>\n<li class=\"blocks-gallery-item\">\n<figure><a href=\"https:\/\/ib-bb.de\/wp-content\/uploads\/2019\/02\/BC-MA-mit-Mann-und-Achsen-min-1024x768.jpg\"><img loading=\"lazy\" decoding=\"async\" width=\"1024\" height=\"768\" class=\"wp-image-473\" src=\"https:\/\/ib-bb.de\/wp-content\/uploads\/2019\/02\/BC-MA-mit-Mann-und-Achsen-min-1024x768.jpg\" alt=\"\" data-id=\"473\" data-link=\"https:\/\/ib-bb.de\/?attachment_id=473\" srcset=\"https:\/\/ib-bb.de\/wp-content\/uploads\/2019\/02\/BC-MA-mit-Mann-und-Achsen-min-1024x768.jpg 1024w, https:\/\/ib-bb.de\/wp-content\/uploads\/2019\/02\/BC-MA-mit-Mann-und-Achsen-min-300x225.jpg 300w, https:\/\/ib-bb.de\/wp-content\/uploads\/2019\/02\/BC-MA-mit-Mann-und-Achsen-min-768x576.jpg 768w\" sizes=\"(max-width: 1024px) 100vw, 1024px\" \/><\/a><\/figure>\n<\/li>\n<li class=\"blocks-gallery-item\">\n<figure><a href=\"https:\/\/ib-bb.de\/wp-content\/uploads\/2019\/02\/BC-MA-min-1024x768.jpg\"><img loading=\"lazy\" decoding=\"async\" width=\"1024\" height=\"768\" class=\"wp-image-474\" src=\"https:\/\/ib-bb.de\/wp-content\/uploads\/2019\/02\/BC-MA-min-1024x768.jpg\" alt=\"\" data-id=\"474\" data-link=\"https:\/\/ib-bb.de\/?attachment_id=474\" srcset=\"https:\/\/ib-bb.de\/wp-content\/uploads\/2019\/02\/BC-MA-min-1024x768.jpg 1024w, https:\/\/ib-bb.de\/wp-content\/uploads\/2019\/02\/BC-MA-min-300x225.jpg 300w, https:\/\/ib-bb.de\/wp-content\/uploads\/2019\/02\/BC-MA-min-768x576.jpg 768w\" sizes=\"(max-width: 1024px) 100vw, 1024px\" \/><\/a><\/figure>\n<\/li>\n<li class=\"blocks-gallery-item\">\n<figure><a href=\"https:\/\/ib-bb.de\/wp-content\/uploads\/2019\/02\/BC-SET-mit-Frau-min-1024x768.jpg\"><img loading=\"lazy\" decoding=\"async\" width=\"1024\" height=\"768\" class=\"wp-image-475\" src=\"https:\/\/ib-bb.de\/wp-content\/uploads\/2019\/02\/BC-SET-mit-Frau-min-1024x768.jpg\" alt=\"\" data-id=\"475\" data-link=\"https:\/\/ib-bb.de\/?attachment_id=475\" srcset=\"https:\/\/ib-bb.de\/wp-content\/uploads\/2019\/02\/BC-SET-mit-Frau-min-1024x768.jpg 1024w, https:\/\/ib-bb.de\/wp-content\/uploads\/2019\/02\/BC-SET-mit-Frau-min-300x225.jpg 300w, https:\/\/ib-bb.de\/wp-content\/uploads\/2019\/02\/BC-SET-mit-Frau-min-768x576.jpg 768w\" sizes=\"(max-width: 1024px) 100vw, 1024px\" \/><\/a><\/figure>\n<\/li>\n<li class=\"blocks-gallery-item\">\n<figure><a href=\"https:\/\/ib-bb.de\/wp-content\/uploads\/2019\/02\/BC-SET-mit-Mann-min-1024x768.jpg\"><img loading=\"lazy\" decoding=\"async\" width=\"1024\" height=\"768\" class=\"wp-image-476\" src=\"https:\/\/ib-bb.de\/wp-content\/uploads\/2019\/02\/BC-SET-mit-Mann-min-1024x768.jpg\" alt=\"\" data-id=\"476\" data-link=\"https:\/\/ib-bb.de\/?attachment_id=476\" srcset=\"https:\/\/ib-bb.de\/wp-content\/uploads\/2019\/02\/BC-SET-mit-Mann-min-1024x768.jpg 1024w, https:\/\/ib-bb.de\/wp-content\/uploads\/2019\/02\/BC-SET-mit-Mann-min-300x225.jpg 300w, https:\/\/ib-bb.de\/wp-content\/uploads\/2019\/02\/BC-SET-mit-Mann-min-768x576.jpg 768w\" sizes=\"(max-width: 1024px) 100vw, 1024px\" \/><\/a><\/figure>\n<\/li>\n<li class=\"blocks-gallery-item\">\n<figure><a href=\"https:\/\/ib-bb.de\/wp-content\/uploads\/2019\/02\/BC-SW-min-1024x768.jpg\"><img loading=\"lazy\" decoding=\"async\" width=\"1024\" height=\"768\" class=\"wp-image-477\" src=\"https:\/\/ib-bb.de\/wp-content\/uploads\/2019\/02\/BC-SW-min-1024x768.jpg\" alt=\"\" data-id=\"477\" data-link=\"https:\/\/ib-bb.de\/?attachment_id=477\" srcset=\"https:\/\/ib-bb.de\/wp-content\/uploads\/2019\/02\/BC-SW-min-1024x768.jpg 1024w, https:\/\/ib-bb.de\/wp-content\/uploads\/2019\/02\/BC-SW-min-300x225.jpg 300w, https:\/\/ib-bb.de\/wp-content\/uploads\/2019\/02\/BC-SW-min-768x576.jpg 768w\" sizes=\"(max-width: 1024px) 100vw, 1024px\" \/><\/a><\/figure>\n<\/li>\n<li class=\"blocks-gallery-item\">\n<figure><a href=\"https:\/\/ib-bb.de\/wp-content\/uploads\/2019\/02\/Rocker-unlackiert-min-1024x768.jpg\"><img loading=\"lazy\" decoding=\"async\" width=\"1024\" height=\"768\" class=\"wp-image-478\" src=\"https:\/\/ib-bb.de\/wp-content\/uploads\/2019\/02\/Rocker-unlackiert-min-1024x768.jpg\" alt=\"\" data-id=\"478\" data-link=\"https:\/\/ib-bb.de\/?attachment_id=478\" srcset=\"https:\/\/ib-bb.de\/wp-content\/uploads\/2019\/02\/Rocker-unlackiert-min-1024x768.jpg 1024w, https:\/\/ib-bb.de\/wp-content\/uploads\/2019\/02\/Rocker-unlackiert-min-300x225.jpg 300w, https:\/\/ib-bb.de\/wp-content\/uploads\/2019\/02\/Rocker-unlackiert-min-768x576.jpg 768w\" sizes=\"(max-width: 1024px) 100vw, 1024px\" \/><\/a><\/figure>\n<\/li>\n<\/ul>\n\n\n<p>Hier k\u00f6nnen Sie ein Video vom Bobby-Car sehen:<\/p>\n\n\n<p><iframe loading=\"lazy\" title=\"Spur-G-Blog: Mini Bobby-Car von Bernd Betz (IB-BB)\" width=\"500\" height=\"281\" src=\"https:\/\/www.youtube.com\/embed\/ZN5h5_7e4lM?feature=oembed\" frameborder=\"0\" allow=\"accelerometer; autoplay; clipboard-write; encrypted-media; gyroscope; picture-in-picture; web-share\" referrerpolicy=\"strict-origin-when-cross-origin\" allowfullscreen><\/iframe><\/p>\n\n\n\n<p>Obwohl eigentlich nicht ma\u00dfst\u00e4blich oder in irgendeiner Weise sinnmachend, \u00fcbte es vielleicht gerade deshalb eine gewisse Faszination auf mich aus, zumal das Bobby-Car ja eines der Schl\u00fcsselprodukte der neuen M\u00e4rklin-LGB\u00ae Eigent\u00fcmer ist. Unbest\u00e4tigten Quellen zufolge, soll auch schon Florian Sieber h\u00f6chstpers\u00f6nlich von dem kleinen Gef\u00e4hrt angetan gewesen sein. Die Kinder waren nat\u00fcrlich auch begeistert. Auf Nachfrage stellte sich Peter B\u00f6hmer von der Redaktion des Gartenbahnmagazins Volldampf als Eigent\u00fcmer und Urheber heraus. Der entsprechende Baubericht ist in der Ausgabe 4\/2015 des Magazins nachzulesen. Meine Intention war es, ein Umbauset mit ge\u00e4nderter Bodenplatte zu fertigen, welches dem Kunden erm\u00f6glicht Standard-Achsen zu verwenden, ohne diese aufw\u00e4ndig modifizieren zu m\u00fcssen.<br> <br>Ergebnis waren 2 unterschiedliche Bodenplatten, eine f\u00fcr Verwendung des LGB\u00ae Metall Radsatz klein 67343 , die andere basierend auf den LGB\u00ae Feldbahn Kunststoffachsen. Diese Kunststoffachsen sind im Durchmesser etwas kleiner, was je nach Geschmack evtl. besser zur Geometrie des Bobbycars passt. Leider habe ich sie noch nicht im Zubeh\u00f6rhandel entdeckt, d\u00fcrften jedoch in mancher Bastelkiste zu finden sein, auf jeden Fall dann, wenn man schon mal einen Feldbahnwagen auf Metallachsen umger\u00fcstet hat. Andererseits verleihen die Metallachsen dem Fahrzeug mehr Eigengewicht und ggf. Fahr- und Betriebssicherheit.<br> <br>Die Firma Elita bietet in Ihrem &#8222;That&#8217;s life Sortiment&#8220; einen Motorradfahrer &#8222;Rocker&#8220;, sowie die passende &#8222;Rockerbraut&#8220; an, lackiert und unlackiert. Diese muss man allerdings noch mit einem Hei\u00dfluftgebl\u00e4se entsprechend dem Umbaubericht von Peter B\u00f6hmer vorsichtig erw\u00e4rmen und auf die Sitzfl\u00e4che des Bobbycars anpassen. Zum Schluss ben\u00f6tigt man nur noch die Zugstange, mit der das Gef\u00e4hrt am Zugende angeh\u00e4ngt wird.<br> <br>Es gibt folgende Optionen:<br> <br>Set 1: Bodenplatte f\u00fcr Kunststoff (BC-KA) oder Metallachsen (BC-MA), Schrauben und Zugstange f\u00fcr 10.-Euro <br> <br>Set 2: Bodenplatte nach Wahl (BC-KA), (BC-MA), plus Bobbycar (BC-ROT, BC-SW, BC-PINK) nach Wahl, Schrauben und Zugstange 20.- Euro<br> <br>Set 3: Bodenplatte nach Wahl (BC-KA), (BC-MA), plus modifizierter Figur UNBEMALT (BC-M, BC-W) nach Wahl, plus Bobbycar (BC-ROT, BC-SW, BC-PINK) nach Wahl, Schrauben und Zugstange 27.- Euro<br> Aufpreis alternativ &#8222;Rockerbraut&#8220; bemalt. 3.- <br> <br> Set 4: Bobbycar kpl (BC-KPL) nach Wahl, modifizierter Figur &#8222;Rocker&#8220; UNBEMALT, mit Metallachsen und Zugstange 62.- Euro<br> <br> Aufpreis alternativ &#8222;Rockerbraut&#8220; bemalt. 3.- <br> <br> Set 5: Bobbycar kpl (BC-KPL) nach Wahl, modifizierter Figur &#8222;Rocker&#8220; UNBEMALT, mit KUNSTSTOFFACHSEN und Zugstange 56.- Euro<br> <br> Aufpreis alternativ &#8222;Rockerbraut&#8220; bemalt. 3.- <br> <strong><br> !!UPDATE 10.12.15: Leider gibt es die Figur &#8222;Rocker&#8220; nur mehr UNBEMALT. , Rockerbraut in begrenzter St\u00fcckzahl bis auf weiteres bemalt lieferbar<br> Bilder folgen!! <br> Restbest\u00e4nde von bemalter Frau noch begrenzt vorr\u00e4tig !!<br> <br> !!Alle detailierten Preise in der Preisliste unter Download, bei Sonderw\u00fcnschen:<br> <br><a href=\"mailto:info@ib-bb.de?subject=Anfrage%20Bobby%20car\"> Bitte kontaktieren Sie uns, wir finden eine L\u00f6sung !!<\/a><br> <br> Umbauanleitung siehe Volldampf 4\/2015<\/strong><\/p>\n\n\n\n<p>Sollten Sie Interesse haben, kontaktieren Sie uns bitte per <a href=\"mailto:info@ib-bb.de?subject=Bobby%20car\">Email<\/a>.<\/p>\n","protected":false},"excerpt":{"rendered":"<p>Auf dem Griesheimer Gartenbahntreffen 2015 sah ich zum ersten Mal ein Miniatur-Bobby-Car, welches an einem fahrenden Zug hinten angeh\u00e4ngt war. Hier k\u00f6nnen Sie ein Video vom Bobby-Car sehen: Obwohl eigentlich nicht ma\u00dfst\u00e4blich oder in irgendeiner Weise sinnmachend, \u00fcbte es vielleicht gerade deshalb eine gewisse Faszination auf mich aus, zumal das Bobby-Car ja eines der Schl\u00fcsselprodukte [&hellip;]<\/p>\n","protected":false},"author":1,"featured_media":0,"parent":0,"menu_order":0,"comment_status":"closed","ping_status":"closed","template":"","meta":{"site-sidebar-layout":"default","site-content-layout":"default","ast-site-content-layout":"default","site-content-style":"default","site-sidebar-style":"default","ast-global-header-display":"","ast-banner-title-visibility":"","ast-main-header-display":"","ast-hfb-above-header-display":"","ast-hfb-below-header-display":"","ast-hfb-mobile-header-display":"","site-post-title":"","ast-breadcrumbs-content":"","ast-featured-img":"","footer-sml-layout":"","ast-disable-related-posts":"","theme-transparent-header-meta":"default","adv-header-id-meta":"","stick-header-meta":"","header-above-stick-meta":"","header-main-stick-meta":"","header-below-stick-meta":"","astra-migrate-meta-layouts":"default","ast-page-background-enabled":"default","ast-page-background-meta":{"desktop":{"background-color":"","background-image":"","background-repeat":"repeat","background-position":"center center","background-size":"auto","background-attachment":"scroll","background-type":"","background-media":"","overlay-type":"","overlay-color":"","overlay-opacity":"","overlay-gradient":""},"tablet":{"background-color":"","background-image":"","background-repeat":"repeat","background-position":"center center","background-size":"auto","background-attachment":"scroll","background-type":"","background-media":"","overlay-type":"","overlay-color":"","overlay-opacity":"","overlay-gradient":""},"mobile":{"background-color":"","background-image":"","background-repeat":"repeat","background-position":"center center","background-size":"auto","background-attachment":"scroll","background-type":"","background-media":"","overlay-type":"","overlay-color":"","overlay-opacity":"","overlay-gradient":""}},"ast-content-background-meta":{"desktop":{"background-color":"var(--ast-global-color-5)","background-image":"","background-repeat":"repeat","background-position":"center center","background-size":"auto","background-attachment":"scroll","background-type":"","background-media":"","overlay-type":"","overlay-color":"","overlay-opacity":"","overlay-gradient":""},"tablet":{"background-color":"var(--ast-global-color-5)","background-image":"","background-repeat":"repeat","background-position":"center center","background-size":"auto","background-attachment":"scroll","background-type":"","background-media":"","overlay-type":"","overlay-color":"","overlay-opacity":"","overlay-gradient":""},"mobile":{"background-color":"var(--ast-global-color-5)","background-image":"","background-repeat":"repeat","background-position":"center center","background-size":"auto","background-attachment":"scroll","background-type":"","background-media":"","overlay-type":"","overlay-color":"","overlay-opacity":"","overlay-gradient":""}},"footnotes":""},"_links":{"self":[{"href":"https:\/\/ib-bb.de\/index.php?rest_route=\/wp\/v2\/pages\/153"}],"collection":[{"href":"https:\/\/ib-bb.de\/index.php?rest_route=\/wp\/v2\/pages"}],"about":[{"href":"https:\/\/ib-bb.de\/index.php?rest_route=\/wp\/v2\/types\/page"}],"author":[{"embeddable":true,"href":"https:\/\/ib-bb.de\/index.php?rest_route=\/wp\/v2\/users\/1"}],"replies":[{"embeddable":true,"href":"https:\/\/ib-bb.de\/index.php?rest_route=%2Fwp%2Fv2%2Fcomments&post=153"}],"version-history":[{"count":10,"href":"https:\/\/ib-bb.de\/index.php?rest_route=\/wp\/v2\/pages\/153\/revisions"}],"predecessor-version":[{"id":486,"href":"https:\/\/ib-bb.de\/index.php?rest_route=\/wp\/v2\/pages\/153\/revisions\/486"}],"wp:attachment":[{"href":"https:\/\/ib-bb.de\/index.php?rest_route=%2Fwp%2Fv2%2Fmedia&parent=153"}],"curies":[{"name":"wp","href":"https:\/\/api.w.org\/{rel}","templated":true}]}}