{"id":141,"date":"2019-02-10T18:38:20","date_gmt":"2019-02-10T18:38:20","guid":{"rendered":"http:\/\/ib-bb.de\/?page_id=141"},"modified":"2020-11-10T07:48:27","modified_gmt":"2020-11-10T06:48:27","slug":"einlegestueck","status":"publish","type":"page","link":"https:\/\/ib-bb.de\/?page_id=141","title":{"rendered":"Einlegest\u00fcck"},"content":{"rendered":"\n<figure class=\"wp-block-gallery columns-3 is-cropped wp-block-gallery-1 is-layout-flex wp-block-gallery-is-layout-flex\"><ul class=\"blocks-gallery-grid\"><li class=\"blocks-gallery-item\"><figure><a href=\"https:\/\/ib-bb.de\/wp-content\/uploads\/2019\/02\/IMG_0028-1024x575.jpg\"><img loading=\"lazy\" decoding=\"async\" width=\"1024\" height=\"575\" src=\"https:\/\/ib-bb.de\/wp-content\/uploads\/2019\/02\/IMG_0028-1024x575.jpg\" alt=\"\" data-id=\"599\" data-link=\"https:\/\/ib-bb.de\/?attachment_id=599\" class=\"wp-image-599\" srcset=\"https:\/\/ib-bb.de\/wp-content\/uploads\/2019\/02\/IMG_0028-1024x575.jpg 1024w, https:\/\/ib-bb.de\/wp-content\/uploads\/2019\/02\/IMG_0028-300x169.jpg 300w, https:\/\/ib-bb.de\/wp-content\/uploads\/2019\/02\/IMG_0028-768x432.jpg 768w\" sizes=\"(max-width: 1024px) 100vw, 1024px\" \/><\/a><\/figure><\/li><li class=\"blocks-gallery-item\"><figure><a href=\"https:\/\/ib-bb.de\/wp-content\/uploads\/2019\/02\/IMG_0029-1024x575.jpg\"><img loading=\"lazy\" decoding=\"async\" width=\"1024\" height=\"575\" src=\"https:\/\/ib-bb.de\/wp-content\/uploads\/2019\/02\/IMG_0029-1024x575.jpg\" alt=\"\" data-id=\"600\" data-link=\"https:\/\/ib-bb.de\/?attachment_id=600\" class=\"wp-image-600\" srcset=\"https:\/\/ib-bb.de\/wp-content\/uploads\/2019\/02\/IMG_0029-1024x575.jpg 1024w, https:\/\/ib-bb.de\/wp-content\/uploads\/2019\/02\/IMG_0029-300x169.jpg 300w, https:\/\/ib-bb.de\/wp-content\/uploads\/2019\/02\/IMG_0029-768x432.jpg 768w\" sizes=\"(max-width: 1024px) 100vw, 1024px\" \/><\/a><\/figure><\/li><li class=\"blocks-gallery-item\"><figure><a href=\"https:\/\/ib-bb.de\/wp-content\/uploads\/2019\/02\/IMG_0030-1024x575.jpg\"><img loading=\"lazy\" decoding=\"async\" width=\"1024\" height=\"575\" src=\"https:\/\/ib-bb.de\/wp-content\/uploads\/2019\/02\/IMG_0030-1024x575.jpg\" alt=\"\" data-id=\"601\" data-link=\"https:\/\/ib-bb.de\/?attachment_id=601\" class=\"wp-image-601\" srcset=\"https:\/\/ib-bb.de\/wp-content\/uploads\/2019\/02\/IMG_0030-1024x575.jpg 1024w, https:\/\/ib-bb.de\/wp-content\/uploads\/2019\/02\/IMG_0030-300x169.jpg 300w, https:\/\/ib-bb.de\/wp-content\/uploads\/2019\/02\/IMG_0030-768x432.jpg 768w\" sizes=\"(max-width: 1024px) 100vw, 1024px\" \/><\/a><\/figure><\/li><li class=\"blocks-gallery-item\"><figure><a href=\"https:\/\/ib-bb.de\/wp-content\/uploads\/2019\/02\/IMG_0031-1024x575.jpg\"><img loading=\"lazy\" decoding=\"async\" width=\"1024\" height=\"575\" src=\"https:\/\/ib-bb.de\/wp-content\/uploads\/2019\/02\/IMG_0031-1024x575.jpg\" alt=\"\" data-id=\"602\" data-link=\"https:\/\/ib-bb.de\/?attachment_id=602\" class=\"wp-image-602\" srcset=\"https:\/\/ib-bb.de\/wp-content\/uploads\/2019\/02\/IMG_0031-1024x575.jpg 1024w, https:\/\/ib-bb.de\/wp-content\/uploads\/2019\/02\/IMG_0031-300x169.jpg 300w, https:\/\/ib-bb.de\/wp-content\/uploads\/2019\/02\/IMG_0031-768x432.jpg 768w\" sizes=\"(max-width: 1024px) 100vw, 1024px\" \/><\/a><\/figure><\/li><li class=\"blocks-gallery-item\"><figure><a href=\"https:\/\/ib-bb.de\/wp-content\/uploads\/2019\/02\/IMG_0032-1024x575.jpg\"><img loading=\"lazy\" decoding=\"async\" width=\"1024\" height=\"575\" src=\"https:\/\/ib-bb.de\/wp-content\/uploads\/2019\/02\/IMG_0032-1024x575.jpg\" alt=\"\" data-id=\"603\" data-link=\"https:\/\/ib-bb.de\/?attachment_id=603\" class=\"wp-image-603\" srcset=\"https:\/\/ib-bb.de\/wp-content\/uploads\/2019\/02\/IMG_0032-1024x575.jpg 1024w, https:\/\/ib-bb.de\/wp-content\/uploads\/2019\/02\/IMG_0032-300x169.jpg 300w, https:\/\/ib-bb.de\/wp-content\/uploads\/2019\/02\/IMG_0032-768x432.jpg 768w\" sizes=\"(max-width: 1024px) 100vw, 1024px\" \/><\/a><\/figure><\/li><li class=\"blocks-gallery-item\"><figure><a href=\"https:\/\/ib-bb.de\/wp-content\/uploads\/2019\/02\/IMG_0033-1024x575.jpg\"><img loading=\"lazy\" decoding=\"async\" width=\"1024\" height=\"575\" src=\"https:\/\/ib-bb.de\/wp-content\/uploads\/2019\/02\/IMG_0033-1024x575.jpg\" alt=\"\" data-id=\"604\" data-link=\"https:\/\/ib-bb.de\/?attachment_id=604\" class=\"wp-image-604\" srcset=\"https:\/\/ib-bb.de\/wp-content\/uploads\/2019\/02\/IMG_0033-1024x575.jpg 1024w, https:\/\/ib-bb.de\/wp-content\/uploads\/2019\/02\/IMG_0033-300x169.jpg 300w, https:\/\/ib-bb.de\/wp-content\/uploads\/2019\/02\/IMG_0033-768x432.jpg 768w\" sizes=\"(max-width: 1024px) 100vw, 1024px\" \/><\/a><\/figure><\/li><li class=\"blocks-gallery-item\"><figure><a href=\"https:\/\/ib-bb.de\/wp-content\/uploads\/2019\/02\/IMG_0034-1024x575.jpg\"><img loading=\"lazy\" decoding=\"async\" width=\"1024\" height=\"575\" src=\"https:\/\/ib-bb.de\/wp-content\/uploads\/2019\/02\/IMG_0034-1024x575.jpg\" alt=\"\" data-id=\"605\" data-link=\"https:\/\/ib-bb.de\/?attachment_id=605\" class=\"wp-image-605\" srcset=\"https:\/\/ib-bb.de\/wp-content\/uploads\/2019\/02\/IMG_0034-1024x575.jpg 1024w, https:\/\/ib-bb.de\/wp-content\/uploads\/2019\/02\/IMG_0034-300x169.jpg 300w, https:\/\/ib-bb.de\/wp-content\/uploads\/2019\/02\/IMG_0034-768x432.jpg 768w\" sizes=\"(max-width: 1024px) 100vw, 1024px\" \/><\/a><\/figure><\/li><li class=\"blocks-gallery-item\"><figure><a href=\"https:\/\/ib-bb.de\/wp-content\/uploads\/2019\/02\/IMG_0035-1024x575.jpg\"><img loading=\"lazy\" decoding=\"async\" width=\"1024\" height=\"575\" src=\"https:\/\/ib-bb.de\/wp-content\/uploads\/2019\/02\/IMG_0035-1024x575.jpg\" alt=\"\" data-id=\"606\" data-link=\"https:\/\/ib-bb.de\/?attachment_id=606\" class=\"wp-image-606\" srcset=\"https:\/\/ib-bb.de\/wp-content\/uploads\/2019\/02\/IMG_0035-1024x575.jpg 1024w, https:\/\/ib-bb.de\/wp-content\/uploads\/2019\/02\/IMG_0035-300x169.jpg 300w, https:\/\/ib-bb.de\/wp-content\/uploads\/2019\/02\/IMG_0035-768x432.jpg 768w\" sizes=\"(max-width: 1024px) 100vw, 1024px\" \/><\/a><\/figure><\/li><li class=\"blocks-gallery-item\"><figure><a href=\"https:\/\/ib-bb.de\/wp-content\/uploads\/2019\/02\/IMG_0036-1024x575.jpg\"><img loading=\"lazy\" decoding=\"async\" width=\"1024\" height=\"575\" src=\"https:\/\/ib-bb.de\/wp-content\/uploads\/2019\/02\/IMG_0036-1024x575.jpg\" alt=\"\" data-id=\"607\" data-link=\"https:\/\/ib-bb.de\/?attachment_id=607\" class=\"wp-image-607\" srcset=\"https:\/\/ib-bb.de\/wp-content\/uploads\/2019\/02\/IMG_0036-1024x575.jpg 1024w, https:\/\/ib-bb.de\/wp-content\/uploads\/2019\/02\/IMG_0036-300x169.jpg 300w, https:\/\/ib-bb.de\/wp-content\/uploads\/2019\/02\/IMG_0036-768x432.jpg 768w\" sizes=\"(max-width: 1024px) 100vw, 1024px\" \/><\/a><\/figure><\/li><li class=\"blocks-gallery-item\"><figure><a href=\"https:\/\/ib-bb.de\/wp-content\/uploads\/2019\/02\/IMG_0037-1024x575.jpg\"><img loading=\"lazy\" decoding=\"async\" width=\"1024\" height=\"575\" src=\"https:\/\/ib-bb.de\/wp-content\/uploads\/2019\/02\/IMG_0037-1024x575.jpg\" alt=\"\" data-id=\"608\" data-link=\"https:\/\/ib-bb.de\/?attachment_id=608\" class=\"wp-image-608\" srcset=\"https:\/\/ib-bb.de\/wp-content\/uploads\/2019\/02\/IMG_0037-1024x575.jpg 1024w, https:\/\/ib-bb.de\/wp-content\/uploads\/2019\/02\/IMG_0037-300x169.jpg 300w, https:\/\/ib-bb.de\/wp-content\/uploads\/2019\/02\/IMG_0037-768x432.jpg 768w\" sizes=\"(max-width: 1024px) 100vw, 1024px\" \/><\/a><\/figure><\/li><li class=\"blocks-gallery-item\"><figure><a href=\"https:\/\/ib-bb.de\/wp-content\/uploads\/2019\/02\/IMG_0038-1024x575.jpg\"><img loading=\"lazy\" decoding=\"async\" width=\"1024\" height=\"575\" src=\"https:\/\/ib-bb.de\/wp-content\/uploads\/2019\/02\/IMG_0038-1024x575.jpg\" alt=\"\" data-id=\"609\" data-link=\"https:\/\/ib-bb.de\/?attachment_id=609\" class=\"wp-image-609\" srcset=\"https:\/\/ib-bb.de\/wp-content\/uploads\/2019\/02\/IMG_0038-1024x575.jpg 1024w, https:\/\/ib-bb.de\/wp-content\/uploads\/2019\/02\/IMG_0038-300x169.jpg 300w, https:\/\/ib-bb.de\/wp-content\/uploads\/2019\/02\/IMG_0038-768x432.jpg 768w\" sizes=\"(max-width: 1024px) 100vw, 1024px\" \/><\/a><\/figure><\/li><li class=\"blocks-gallery-item\"><figure><a href=\"https:\/\/ib-bb.de\/wp-content\/uploads\/2019\/02\/IMG_0039-1024x575.jpg\"><img loading=\"lazy\" decoding=\"async\" width=\"1024\" height=\"575\" src=\"https:\/\/ib-bb.de\/wp-content\/uploads\/2019\/02\/IMG_0039-1024x575.jpg\" alt=\"\" data-id=\"610\" data-link=\"https:\/\/ib-bb.de\/?attachment_id=610\" class=\"wp-image-610\" srcset=\"https:\/\/ib-bb.de\/wp-content\/uploads\/2019\/02\/IMG_0039-1024x575.jpg 1024w, https:\/\/ib-bb.de\/wp-content\/uploads\/2019\/02\/IMG_0039-300x169.jpg 300w, https:\/\/ib-bb.de\/wp-content\/uploads\/2019\/02\/IMG_0039-768x432.jpg 768w\" sizes=\"(max-width: 1024px) 100vw, 1024px\" \/><\/a><\/figure><\/li><li class=\"blocks-gallery-item\"><figure><a href=\"https:\/\/ib-bb.de\/wp-content\/uploads\/2019\/02\/IMG_0028-min-3-1024x575.jpg\"><img loading=\"lazy\" decoding=\"async\" width=\"1024\" height=\"575\" src=\"https:\/\/ib-bb.de\/wp-content\/uploads\/2019\/02\/IMG_0028-min-3-1024x575.jpg\" alt=\"\" data-id=\"611\" data-link=\"https:\/\/ib-bb.de\/?attachment_id=611\" class=\"wp-image-611\" srcset=\"https:\/\/ib-bb.de\/wp-content\/uploads\/2019\/02\/IMG_0028-min-3-1024x575.jpg 1024w, https:\/\/ib-bb.de\/wp-content\/uploads\/2019\/02\/IMG_0028-min-3-300x169.jpg 300w, https:\/\/ib-bb.de\/wp-content\/uploads\/2019\/02\/IMG_0028-min-3-768x432.jpg 768w\" sizes=\"(max-width: 1024px) 100vw, 1024px\" \/><\/a><\/figure><\/li><li class=\"blocks-gallery-item\"><figure><a href=\"https:\/\/ib-bb.de\/wp-content\/uploads\/2019\/02\/IMG_0040-min-1-1024x575.jpg\"><img loading=\"lazy\" decoding=\"async\" width=\"1024\" height=\"575\" src=\"https:\/\/ib-bb.de\/wp-content\/uploads\/2019\/02\/IMG_0040-min-1-1024x575.jpg\" alt=\"\" data-id=\"612\" data-link=\"https:\/\/ib-bb.de\/?attachment_id=612\" class=\"wp-image-612\" srcset=\"https:\/\/ib-bb.de\/wp-content\/uploads\/2019\/02\/IMG_0040-min-1-1024x575.jpg 1024w, https:\/\/ib-bb.de\/wp-content\/uploads\/2019\/02\/IMG_0040-min-1-300x169.jpg 300w, https:\/\/ib-bb.de\/wp-content\/uploads\/2019\/02\/IMG_0040-min-1-768x432.jpg 768w\" sizes=\"(max-width: 1024px) 100vw, 1024px\" \/><\/a><\/figure><\/li><\/ul><\/figure>\n\n\n\n<p>F\u00fcr alte LGB\u00ae R1 Weichen Nummer 1200 und Kreuzung Nr 130.<\/p>\n\n\n\n<p>Die \u00e4lteren R1 Weichen und die Kreuzung 1300 aus den 70er Jahren sind noch auf die h\u00f6heren Spurkr\u00e4nze ausgelegt, deshalb sind die Weichenherzen tiefer ausgespart.<\/p>\n\n\n\n<p>Mit diesen Einlegst\u00fccken k\u00f6nnen Sie die alten Weichen weiterhin mit den neuen Achsen benutzen.<\/p>\n\n\n\n<p>Die Teile sind aus transparentem Kunststoff gefr\u00e4st und werden einfach in die Weichenherzen eingedr\u00fcckt.<br>Sie erkennen die alten Weichen an den kurzen Weichenzungen und die Kreuzung 1300 an den von oben geschraubten Herzen.<br>Die Tiefe der Rillen in den Herzen betr\u00e4gt ca. 3,6 mm.<br> <strong>Set R1-Weiche: ES-R1<br> Set Kreuzung: ES-X<\/strong><\/p>\n\n\n\n<p>Aktuelle Preise entnehmen Sie bitte aus unserer Preisliste , diese finden Sie unter <a href=\"https:\/\/ib-bb.de\/?page_id=288\">Download<\/a>.<\/p>\n\n\n\n<p>Sollten Sie Interesse haben, kontaktieren Sie uns bitte per <a href=\"mailto:info@ib-bb.de?subject=Anfrage%20Einlegestueck\">Email<\/a>. <\/p>\n","protected":false},"excerpt":{"rendered":"<p>F\u00fcr alte LGB\u00ae R1 Weichen Nummer 1200 und Kreuzung Nr 130. Die \u00e4lteren R1 Weichen und die Kreuzung 1300 aus den 70er Jahren sind noch auf die h\u00f6heren Spurkr\u00e4nze ausgelegt, deshalb sind die Weichenherzen tiefer ausgespart. Mit diesen Einlegst\u00fccken k\u00f6nnen Sie die alten Weichen weiterhin mit den neuen Achsen benutzen. Die Teile sind aus transparentem [&hellip;]<\/p>\n","protected":false},"author":1,"featured_media":0,"parent":0,"menu_order":0,"comment_status":"closed","ping_status":"closed","template":"","meta":{"site-sidebar-layout":"default","site-content-layout":"default","ast-site-content-layout":"default","site-content-style":"default","site-sidebar-style":"default","ast-global-header-display":"","ast-banner-title-visibility":"","ast-main-header-display":"","ast-hfb-above-header-display":"","ast-hfb-below-header-display":"","ast-hfb-mobile-header-display":"","site-post-title":"","ast-breadcrumbs-content":"","ast-featured-img":"","footer-sml-layout":"","ast-disable-related-posts":"","theme-transparent-header-meta":"default","adv-header-id-meta":"","stick-header-meta":"","header-above-stick-meta":"","header-main-stick-meta":"","header-below-stick-meta":"","astra-migrate-meta-layouts":"default","ast-page-background-enabled":"default","ast-page-background-meta":{"desktop":{"background-color":"","background-image":"","background-repeat":"repeat","background-position":"center center","background-size":"auto","background-attachment":"scroll","background-type":"","background-media":"","overlay-type":"","overlay-color":"","overlay-opacity":"","overlay-gradient":""},"tablet":{"background-color":"","background-image":"","background-repeat":"repeat","background-position":"center center","background-size":"auto","background-attachment":"scroll","background-type":"","background-media":"","overlay-type":"","overlay-color":"","overlay-opacity":"","overlay-gradient":""},"mobile":{"background-color":"","background-image":"","background-repeat":"repeat","background-position":"center center","background-size":"auto","background-attachment":"scroll","background-type":"","background-media":"","overlay-type":"","overlay-color":"","overlay-opacity":"","overlay-gradient":""}},"ast-content-background-meta":{"desktop":{"background-color":"var(--ast-global-color-5)","background-image":"","background-repeat":"repeat","background-position":"center center","background-size":"auto","background-attachment":"scroll","background-type":"","background-media":"","overlay-type":"","overlay-color":"","overlay-opacity":"","overlay-gradient":""},"tablet":{"background-color":"var(--ast-global-color-5)","background-image":"","background-repeat":"repeat","background-position":"center center","background-size":"auto","background-attachment":"scroll","background-type":"","background-media":"","overlay-type":"","overlay-color":"","overlay-opacity":"","overlay-gradient":""},"mobile":{"background-color":"var(--ast-global-color-5)","background-image":"","background-repeat":"repeat","background-position":"center center","background-size":"auto","background-attachment":"scroll","background-type":"","background-media":"","overlay-type":"","overlay-color":"","overlay-opacity":"","overlay-gradient":""}},"footnotes":""},"_links":{"self":[{"href":"https:\/\/ib-bb.de\/index.php?rest_route=\/wp\/v2\/pages\/141"}],"collection":[{"href":"https:\/\/ib-bb.de\/index.php?rest_route=\/wp\/v2\/pages"}],"about":[{"href":"https:\/\/ib-bb.de\/index.php?rest_route=\/wp\/v2\/types\/page"}],"author":[{"embeddable":true,"href":"https:\/\/ib-bb.de\/index.php?rest_route=\/wp\/v2\/users\/1"}],"replies":[{"embeddable":true,"href":"https:\/\/ib-bb.de\/index.php?rest_route=%2Fwp%2Fv2%2Fcomments&post=141"}],"version-history":[{"count":6,"href":"https:\/\/ib-bb.de\/index.php?rest_route=\/wp\/v2\/pages\/141\/revisions"}],"predecessor-version":[{"id":900,"href":"https:\/\/ib-bb.de\/index.php?rest_route=\/wp\/v2\/pages\/141\/revisions\/900"}],"wp:attachment":[{"href":"https:\/\/ib-bb.de\/index.php?rest_route=%2Fwp%2Fv2%2Fmedia&parent=141"}],"curies":[{"name":"wp","href":"https:\/\/api.w.org\/{rel}","templated":true}]}}