{"id":132,"date":"2019-02-10T18:41:26","date_gmt":"2019-02-10T18:41:26","guid":{"rendered":"http:\/\/ib-bb.de\/?page_id=132"},"modified":"2019-02-24T21:54:28","modified_gmt":"2019-02-24T20:54:28","slug":"schaltelektronik","status":"publish","type":"page","link":"https:\/\/ib-bb.de\/?page_id=132","title":{"rendered":"Schaltelektronik"},"content":{"rendered":"<ul class=\"wp-block-gallery columns-3 is-cropped\"><li class=\"blocks-gallery-item\"><figure><a href=\"https:\/\/ib-bb.de\/wp-content\/uploads\/2019\/02\/IMG_0210-min-1024x768.jpg\"><img loading=\"lazy\" decoding=\"async\" width=\"1024\" height=\"768\" src=\"https:\/\/ib-bb.de\/wp-content\/uploads\/2019\/02\/IMG_0210-min-1024x768.jpg\" alt=\"\" data-id=\"580\" data-link=\"https:\/\/ib-bb.de\/?attachment_id=580\" class=\"wp-image-580\" srcset=\"https:\/\/ib-bb.de\/wp-content\/uploads\/2019\/02\/IMG_0210-min-1024x768.jpg 1024w, https:\/\/ib-bb.de\/wp-content\/uploads\/2019\/02\/IMG_0210-min-300x225.jpg 300w, https:\/\/ib-bb.de\/wp-content\/uploads\/2019\/02\/IMG_0210-min-768x576.jpg 768w\" sizes=\"(max-width: 1024px) 100vw, 1024px\" \/><\/a><\/figure><\/li><li class=\"blocks-gallery-item\"><figure><a href=\"https:\/\/ib-bb.de\/wp-content\/uploads\/2019\/02\/IMG_0211-min-1024x768.jpg\"><img loading=\"lazy\" decoding=\"async\" width=\"1024\" height=\"768\" src=\"https:\/\/ib-bb.de\/wp-content\/uploads\/2019\/02\/IMG_0211-min-1024x768.jpg\" alt=\"\" data-id=\"581\" data-link=\"https:\/\/ib-bb.de\/?attachment_id=581\" class=\"wp-image-581\" srcset=\"https:\/\/ib-bb.de\/wp-content\/uploads\/2019\/02\/IMG_0211-min-1024x768.jpg 1024w, https:\/\/ib-bb.de\/wp-content\/uploads\/2019\/02\/IMG_0211-min-300x225.jpg 300w, https:\/\/ib-bb.de\/wp-content\/uploads\/2019\/02\/IMG_0211-min-768x576.jpg 768w\" sizes=\"(max-width: 1024px) 100vw, 1024px\" \/><\/a><\/figure><\/li><li class=\"blocks-gallery-item\"><figure><a href=\"https:\/\/ib-bb.de\/wp-content\/uploads\/2019\/02\/IMG_0212-min-1024x768.jpg\"><img loading=\"lazy\" decoding=\"async\" width=\"1024\" height=\"768\" src=\"https:\/\/ib-bb.de\/wp-content\/uploads\/2019\/02\/IMG_0212-min-1024x768.jpg\" alt=\"\" data-id=\"582\" data-link=\"https:\/\/ib-bb.de\/?attachment_id=582\" class=\"wp-image-582\" srcset=\"https:\/\/ib-bb.de\/wp-content\/uploads\/2019\/02\/IMG_0212-min-1024x768.jpg 1024w, https:\/\/ib-bb.de\/wp-content\/uploads\/2019\/02\/IMG_0212-min-300x225.jpg 300w, https:\/\/ib-bb.de\/wp-content\/uploads\/2019\/02\/IMG_0212-min-768x576.jpg 768w\" sizes=\"(max-width: 1024px) 100vw, 1024px\" \/><\/a><\/figure><\/li><li class=\"blocks-gallery-item\"><figure><a href=\"https:\/\/ib-bb.de\/wp-content\/uploads\/2019\/02\/IMG_0213-min-1024x768.jpg\"><img loading=\"lazy\" decoding=\"async\" width=\"1024\" height=\"768\" src=\"https:\/\/ib-bb.de\/wp-content\/uploads\/2019\/02\/IMG_0213-min-1024x768.jpg\" alt=\"\" data-id=\"583\" data-link=\"https:\/\/ib-bb.de\/?attachment_id=583\" class=\"wp-image-583\" srcset=\"https:\/\/ib-bb.de\/wp-content\/uploads\/2019\/02\/IMG_0213-min-1024x768.jpg 1024w, https:\/\/ib-bb.de\/wp-content\/uploads\/2019\/02\/IMG_0213-min-300x225.jpg 300w, https:\/\/ib-bb.de\/wp-content\/uploads\/2019\/02\/IMG_0213-min-768x576.jpg 768w\" sizes=\"(max-width: 1024px) 100vw, 1024px\" \/><\/a><\/figure><\/li><li class=\"blocks-gallery-item\"><figure><a href=\"https:\/\/ib-bb.de\/wp-content\/uploads\/2019\/02\/IMG_0214-min-1024x768.jpg\"><img loading=\"lazy\" decoding=\"async\" width=\"1024\" height=\"768\" src=\"https:\/\/ib-bb.de\/wp-content\/uploads\/2019\/02\/IMG_0214-min-1024x768.jpg\" alt=\"\" data-id=\"584\" data-link=\"https:\/\/ib-bb.de\/?attachment_id=584\" class=\"wp-image-584\" srcset=\"https:\/\/ib-bb.de\/wp-content\/uploads\/2019\/02\/IMG_0214-min-1024x768.jpg 1024w, https:\/\/ib-bb.de\/wp-content\/uploads\/2019\/02\/IMG_0214-min-300x225.jpg 300w, https:\/\/ib-bb.de\/wp-content\/uploads\/2019\/02\/IMG_0214-min-768x576.jpg 768w\" sizes=\"(max-width: 1024px) 100vw, 1024px\" \/><\/a><\/figure><\/li><li class=\"blocks-gallery-item\"><figure><a href=\"https:\/\/ib-bb.de\/wp-content\/uploads\/2019\/02\/IMG_0215-min-1024x768.jpg\"><img loading=\"lazy\" decoding=\"async\" width=\"1024\" height=\"768\" src=\"https:\/\/ib-bb.de\/wp-content\/uploads\/2019\/02\/IMG_0215-min-1024x768.jpg\" alt=\"\" data-id=\"585\" data-link=\"https:\/\/ib-bb.de\/?attachment_id=585\" class=\"wp-image-585\" srcset=\"https:\/\/ib-bb.de\/wp-content\/uploads\/2019\/02\/IMG_0215-min-1024x768.jpg 1024w, https:\/\/ib-bb.de\/wp-content\/uploads\/2019\/02\/IMG_0215-min-300x225.jpg 300w, https:\/\/ib-bb.de\/wp-content\/uploads\/2019\/02\/IMG_0215-min-768x576.jpg 768w\" sizes=\"(max-width: 1024px) 100vw, 1024px\" \/><\/a><\/figure><\/li><li class=\"blocks-gallery-item\"><figure><a href=\"https:\/\/ib-bb.de\/wp-content\/uploads\/2019\/02\/IMG_0216-min-1024x768.jpg\"><img loading=\"lazy\" decoding=\"async\" width=\"1024\" height=\"768\" src=\"https:\/\/ib-bb.de\/wp-content\/uploads\/2019\/02\/IMG_0216-min-1024x768.jpg\" alt=\"\" data-id=\"586\" data-link=\"https:\/\/ib-bb.de\/?attachment_id=586\" class=\"wp-image-586\" srcset=\"https:\/\/ib-bb.de\/wp-content\/uploads\/2019\/02\/IMG_0216-min-1024x768.jpg 1024w, https:\/\/ib-bb.de\/wp-content\/uploads\/2019\/02\/IMG_0216-min-300x225.jpg 300w, https:\/\/ib-bb.de\/wp-content\/uploads\/2019\/02\/IMG_0216-min-768x576.jpg 768w\" sizes=\"(max-width: 1024px) 100vw, 1024px\" \/><\/a><\/figure><\/li><li class=\"blocks-gallery-item\"><figure><a href=\"https:\/\/ib-bb.de\/wp-content\/uploads\/2019\/02\/IMG_0217-min-1024x768.jpg\"><img loading=\"lazy\" decoding=\"async\" width=\"1024\" height=\"768\" src=\"https:\/\/ib-bb.de\/wp-content\/uploads\/2019\/02\/IMG_0217-min-1024x768.jpg\" alt=\"\" data-id=\"587\" data-link=\"https:\/\/ib-bb.de\/?attachment_id=587\" class=\"wp-image-587\" srcset=\"https:\/\/ib-bb.de\/wp-content\/uploads\/2019\/02\/IMG_0217-min-1024x768.jpg 1024w, https:\/\/ib-bb.de\/wp-content\/uploads\/2019\/02\/IMG_0217-min-300x225.jpg 300w, https:\/\/ib-bb.de\/wp-content\/uploads\/2019\/02\/IMG_0217-min-768x576.jpg 768w\" sizes=\"(max-width: 1024px) 100vw, 1024px\" \/><\/a><\/figure><\/li><li class=\"blocks-gallery-item\"><figure><a href=\"https:\/\/ib-bb.de\/wp-content\/uploads\/2019\/02\/IMG_0218-min-1024x768.jpg\"><img loading=\"lazy\" decoding=\"async\" width=\"1024\" height=\"768\" src=\"https:\/\/ib-bb.de\/wp-content\/uploads\/2019\/02\/IMG_0218-min-1024x768.jpg\" alt=\"\" data-id=\"588\" data-link=\"https:\/\/ib-bb.de\/?attachment_id=588\" class=\"wp-image-588\" srcset=\"https:\/\/ib-bb.de\/wp-content\/uploads\/2019\/02\/IMG_0218-min-1024x768.jpg 1024w, https:\/\/ib-bb.de\/wp-content\/uploads\/2019\/02\/IMG_0218-min-300x225.jpg 300w, https:\/\/ib-bb.de\/wp-content\/uploads\/2019\/02\/IMG_0218-min-768x576.jpg 768w\" sizes=\"(max-width: 1024px) 100vw, 1024px\" \/><\/a><\/figure><\/li><li class=\"blocks-gallery-item\"><figure><a href=\"https:\/\/ib-bb.de\/wp-content\/uploads\/2019\/02\/IMG_0219-min-1024x768.jpg\"><img loading=\"lazy\" decoding=\"async\" width=\"1024\" height=\"768\" src=\"https:\/\/ib-bb.de\/wp-content\/uploads\/2019\/02\/IMG_0219-min-1024x768.jpg\" alt=\"\" data-id=\"589\" data-link=\"https:\/\/ib-bb.de\/?attachment_id=589\" class=\"wp-image-589\" srcset=\"https:\/\/ib-bb.de\/wp-content\/uploads\/2019\/02\/IMG_0219-min-1024x768.jpg 1024w, https:\/\/ib-bb.de\/wp-content\/uploads\/2019\/02\/IMG_0219-min-300x225.jpg 300w, https:\/\/ib-bb.de\/wp-content\/uploads\/2019\/02\/IMG_0219-min-768x576.jpg 768w\" sizes=\"(max-width: 1024px) 100vw, 1024px\" \/><\/a><\/figure><\/li><li class=\"blocks-gallery-item\"><figure><a href=\"https:\/\/ib-bb.de\/wp-content\/uploads\/2019\/02\/IMG_0220-min-1024x768.jpg\"><img loading=\"lazy\" decoding=\"async\" width=\"1024\" height=\"768\" src=\"https:\/\/ib-bb.de\/wp-content\/uploads\/2019\/02\/IMG_0220-min-1024x768.jpg\" alt=\"\" data-id=\"590\" data-link=\"https:\/\/ib-bb.de\/?attachment_id=590\" class=\"wp-image-590\" srcset=\"https:\/\/ib-bb.de\/wp-content\/uploads\/2019\/02\/IMG_0220-min-1024x768.jpg 1024w, https:\/\/ib-bb.de\/wp-content\/uploads\/2019\/02\/IMG_0220-min-300x225.jpg 300w, https:\/\/ib-bb.de\/wp-content\/uploads\/2019\/02\/IMG_0220-min-768x576.jpg 768w\" sizes=\"(max-width: 1024px) 100vw, 1024px\" \/><\/a><\/figure><\/li><li class=\"blocks-gallery-item\"><figure><a href=\"https:\/\/ib-bb.de\/wp-content\/uploads\/2019\/02\/IMG_0221-min-1024x768.jpg\"><img loading=\"lazy\" decoding=\"async\" width=\"1024\" height=\"768\" src=\"https:\/\/ib-bb.de\/wp-content\/uploads\/2019\/02\/IMG_0221-min-1024x768.jpg\" alt=\"\" data-id=\"591\" data-link=\"https:\/\/ib-bb.de\/?attachment_id=591\" class=\"wp-image-591\" srcset=\"https:\/\/ib-bb.de\/wp-content\/uploads\/2019\/02\/IMG_0221-min-1024x768.jpg 1024w, https:\/\/ib-bb.de\/wp-content\/uploads\/2019\/02\/IMG_0221-min-300x225.jpg 300w, https:\/\/ib-bb.de\/wp-content\/uploads\/2019\/02\/IMG_0221-min-768x576.jpg 768w\" sizes=\"(max-width: 1024px) 100vw, 1024px\" \/><\/a><\/figure><\/li><li class=\"blocks-gallery-item\"><figure><a href=\"https:\/\/ib-bb.de\/wp-content\/uploads\/2019\/02\/IMG_0222-min-1024x768.jpg\"><img loading=\"lazy\" decoding=\"async\" width=\"1024\" height=\"768\" src=\"https:\/\/ib-bb.de\/wp-content\/uploads\/2019\/02\/IMG_0222-min-1024x768.jpg\" alt=\"\" data-id=\"592\" data-link=\"https:\/\/ib-bb.de\/?attachment_id=592\" class=\"wp-image-592\" srcset=\"https:\/\/ib-bb.de\/wp-content\/uploads\/2019\/02\/IMG_0222-min-1024x768.jpg 1024w, https:\/\/ib-bb.de\/wp-content\/uploads\/2019\/02\/IMG_0222-min-300x225.jpg 300w, https:\/\/ib-bb.de\/wp-content\/uploads\/2019\/02\/IMG_0222-min-768x576.jpg 768w\" sizes=\"(max-width: 1024px) 100vw, 1024px\" \/><\/a><\/figure><\/li><li class=\"blocks-gallery-item\"><figure><a href=\"https:\/\/ib-bb.de\/wp-content\/uploads\/2019\/02\/IMG_0223-min-1024x768.jpg\"><img loading=\"lazy\" decoding=\"async\" width=\"1024\" height=\"768\" src=\"https:\/\/ib-bb.de\/wp-content\/uploads\/2019\/02\/IMG_0223-min-1024x768.jpg\" alt=\"\" data-id=\"593\" data-link=\"https:\/\/ib-bb.de\/?attachment_id=593\" class=\"wp-image-593\" srcset=\"https:\/\/ib-bb.de\/wp-content\/uploads\/2019\/02\/IMG_0223-min-1024x768.jpg 1024w, https:\/\/ib-bb.de\/wp-content\/uploads\/2019\/02\/IMG_0223-min-300x225.jpg 300w, https:\/\/ib-bb.de\/wp-content\/uploads\/2019\/02\/IMG_0223-min-768x576.jpg 768w\" sizes=\"(max-width: 1024px) 100vw, 1024px\" \/><\/a><\/figure><\/li><li class=\"blocks-gallery-item\"><figure><a href=\"https:\/\/ib-bb.de\/wp-content\/uploads\/2019\/02\/IMG_0224-min-1024x768.jpg\"><img loading=\"lazy\" decoding=\"async\" width=\"1024\" height=\"768\" src=\"https:\/\/ib-bb.de\/wp-content\/uploads\/2019\/02\/IMG_0224-min-1024x768.jpg\" alt=\"\" data-id=\"594\" data-link=\"https:\/\/ib-bb.de\/?attachment_id=594\" class=\"wp-image-594\" srcset=\"https:\/\/ib-bb.de\/wp-content\/uploads\/2019\/02\/IMG_0224-min-1024x768.jpg 1024w, https:\/\/ib-bb.de\/wp-content\/uploads\/2019\/02\/IMG_0224-min-300x225.jpg 300w, https:\/\/ib-bb.de\/wp-content\/uploads\/2019\/02\/IMG_0224-min-768x576.jpg 768w\" sizes=\"(max-width: 1024px) 100vw, 1024px\" \/><\/a><\/figure><\/li><li class=\"blocks-gallery-item\"><figure><a href=\"https:\/\/ib-bb.de\/wp-content\/uploads\/2019\/02\/IMG_0225-min-1024x768.jpg\"><img loading=\"lazy\" decoding=\"async\" width=\"1024\" height=\"768\" src=\"https:\/\/ib-bb.de\/wp-content\/uploads\/2019\/02\/IMG_0225-min-1024x768.jpg\" alt=\"\" data-id=\"595\" data-link=\"https:\/\/ib-bb.de\/?attachment_id=595\" class=\"wp-image-595\" srcset=\"https:\/\/ib-bb.de\/wp-content\/uploads\/2019\/02\/IMG_0225-min-1024x768.jpg 1024w, https:\/\/ib-bb.de\/wp-content\/uploads\/2019\/02\/IMG_0225-min-300x225.jpg 300w, https:\/\/ib-bb.de\/wp-content\/uploads\/2019\/02\/IMG_0225-min-768x576.jpg 768w\" sizes=\"(max-width: 1024px) 100vw, 1024px\" \/><\/a><\/figure><\/li><li class=\"blocks-gallery-item\"><figure><a href=\"https:\/\/ib-bb.de\/wp-content\/uploads\/2019\/02\/IMG_0226-min-1024x768.jpg\"><img loading=\"lazy\" decoding=\"async\" width=\"1024\" height=\"768\" src=\"https:\/\/ib-bb.de\/wp-content\/uploads\/2019\/02\/IMG_0226-min-1024x768.jpg\" alt=\"\" data-id=\"596\" data-link=\"https:\/\/ib-bb.de\/?attachment_id=596\" class=\"wp-image-596\" srcset=\"https:\/\/ib-bb.de\/wp-content\/uploads\/2019\/02\/IMG_0226-min-1024x768.jpg 1024w, https:\/\/ib-bb.de\/wp-content\/uploads\/2019\/02\/IMG_0226-min-300x225.jpg 300w, https:\/\/ib-bb.de\/wp-content\/uploads\/2019\/02\/IMG_0226-min-768x576.jpg 768w\" sizes=\"(max-width: 1024px) 100vw, 1024px\" \/><\/a><\/figure><\/li><\/ul>\n\n\n<p>F\u00fcr Weichen und Signale<br>z.B. f\u00fcr Weichen bei Kehrschleifen.<br>Ersetzt die LGB\u00ae 17100 Technik.<\/p>\n\n\n\n<ul><li>Verbesserte Reed-Kontakte im Gleis <\/li><li>Kontrollfunktion durch LED <\/li><li>Gleichstromversorgung <\/li><li>Einfachere Verkabelung <\/li><\/ul>\n\n\n\n<p>Das Bild zeigt das fertige Produkt, es kann aber auch als Bausatz zum Selberl\u00f6ten geliefert werden. Im Lieferumfang sind die beiden Reedkontakte, sowie alle n\u00f6tigen Bauteile enthalten. Wir empfehlen als Spannungsquelle ein handels\u00fcbliches Laptop-Ladeger\u00e4t mit 19-24 V DC mit ca 4 Ampere (erh\u00e4ltlich in online shopping Portalen).<br> <br>Die 3 Led`s dienen zu \u00dcberwachung der Spannungsversorgung und dem Schalten der Reedkontakte . Es muss nur noch der EPL-Antrieb (mit LGB\u00ae R) und die DC Spannungsversorgung angeschlossen werden. Ein EPL Antrieb verbraucht ca. 800 mA im Haltezustand. <\/p>\n\n\n\n<h2 class=\"wp-block-heading\">Funktion der Schaltelektronik SE-BS\/ SE-FG:<\/h2>\n\n\n\n<p>Die Elektronik schaltet die Weiche der Kehrschleife durch bet\u00e4tigen des Reedkontaktes 1 mit einem an der Lok angebrachten Magnet immer in die gleiche Richtung.<br> <br>Der einfahrende Zug stellt also die Weiche nach rechts (auch links m\u00f6glich) und durchf\u00e4hrt die Kehrschleife im unten gezeigten Beispiel gegen den Uhrzeigersinn.<br> <br> F\u00e4hrt er wieder aus der Kehrschleife, stellt der Reedkontakt 2 die Weiche wieder in die andere Richtung zur\u00fcck.<\/p>\n\n\n\n<h2 class=\"wp-block-heading\">Vorteile:<\/h2>\n\n\n\n<ul><li>Kehrschleifen werden immer in der gleichen Richtung durchfahren<\/li><li>Ein &#8222;Aufschneiden&#8220; der Weichen wird vermieden<\/li><li>Geringer Verkabelungsaufwand, stabile und wetterfeste Reedkontakte im Gleis<\/li><li>An den Leuchtdioden kann folgendes \u00fcberpr\u00fcft werden: An den Leuchtdioden kann folgendes \u00fcberpr\u00fcft werden:<ul><li>Versorgungsspannung polrichtig anliegend<\/li><li>Reedkontakte und Weichenantrieb Antrieb schalten <\/li><\/ul><\/li><\/ul>\n\n\n\n<p>Bei der Planung ist zu beachten:<br>Die Abst\u00e4nde &#8222;Reed 1 zur Weiche&#8220; und &#8222;Weiche zum Reed 2&#8220; m\u00fcssen jeweils gr\u00f6\u00dfer als die maximal gefahrene Zugl\u00e4nge sein!<br> <br>Die Gleichspannung im Bereich von 18V bis 24V mit mindestens 1A pro Antrieb, sowie eine Kehrschleifenelektronik zum Umpolen des Gleises, muss bauseits vorhanden sein. (Keine Gleis- oder Digitalspannung verwenden, ggf. Verwendung eines handels\u00fcblichen Laptop (19V)- oder Stecker-Netzteils (24V))<br> <br>Sollten Sie Interesse haben, kontaktieren Sie uns bitte per <a href=\"mailto:info@ib-bb.de?subject=Anfrage%20Schaltelektronik\">Email<\/a>.<\/p>\n","protected":false},"excerpt":{"rendered":"<p>F\u00fcr Weichen und Signalez.B. f\u00fcr Weichen bei Kehrschleifen.Ersetzt die LGB\u00ae 17100 Technik. Verbesserte Reed-Kontakte im Gleis Kontrollfunktion durch LED Gleichstromversorgung Einfachere Verkabelung Das Bild zeigt das fertige Produkt, es kann aber auch als Bausatz zum Selberl\u00f6ten geliefert werden. Im Lieferumfang sind die beiden Reedkontakte, sowie alle n\u00f6tigen Bauteile enthalten. Wir empfehlen als Spannungsquelle ein handels\u00fcbliches [&hellip;]<\/p>\n","protected":false},"author":1,"featured_media":0,"parent":0,"menu_order":0,"comment_status":"closed","ping_status":"closed","template":"","meta":{"site-sidebar-layout":"default","site-content-layout":"default","ast-site-content-layout":"default","site-content-style":"default","site-sidebar-style":"default","ast-global-header-display":"","ast-banner-title-visibility":"","ast-main-header-display":"","ast-hfb-above-header-display":"","ast-hfb-below-header-display":"","ast-hfb-mobile-header-display":"","site-post-title":"","ast-breadcrumbs-content":"","ast-featured-img":"","footer-sml-layout":"","ast-disable-related-posts":"","theme-transparent-header-meta":"default","adv-header-id-meta":"","stick-header-meta":"","header-above-stick-meta":"","header-main-stick-meta":"","header-below-stick-meta":"","astra-migrate-meta-layouts":"default","ast-page-background-enabled":"default","ast-page-background-meta":{"desktop":{"background-color":"","background-image":"","background-repeat":"repeat","background-position":"center center","background-size":"auto","background-attachment":"scroll","background-type":"","background-media":"","overlay-type":"","overlay-color":"","overlay-opacity":"","overlay-gradient":""},"tablet":{"background-color":"","background-image":"","background-repeat":"repeat","background-position":"center center","background-size":"auto","background-attachment":"scroll","background-type":"","background-media":"","overlay-type":"","overlay-color":"","overlay-opacity":"","overlay-gradient":""},"mobile":{"background-color":"","background-image":"","background-repeat":"repeat","background-position":"center center","background-size":"auto","background-attachment":"scroll","background-type":"","background-media":"","overlay-type":"","overlay-color":"","overlay-opacity":"","overlay-gradient":""}},"ast-content-background-meta":{"desktop":{"background-color":"var(--ast-global-color-5)","background-image":"","background-repeat":"repeat","background-position":"center center","background-size":"auto","background-attachment":"scroll","background-type":"","background-media":"","overlay-type":"","overlay-color":"","overlay-opacity":"","overlay-gradient":""},"tablet":{"background-color":"var(--ast-global-color-5)","background-image":"","background-repeat":"repeat","background-position":"center center","background-size":"auto","background-attachment":"scroll","background-type":"","background-media":"","overlay-type":"","overlay-color":"","overlay-opacity":"","overlay-gradient":""},"mobile":{"background-color":"var(--ast-global-color-5)","background-image":"","background-repeat":"repeat","background-position":"center center","background-size":"auto","background-attachment":"scroll","background-type":"","background-media":"","overlay-type":"","overlay-color":"","overlay-opacity":"","overlay-gradient":""}},"footnotes":""},"_links":{"self":[{"href":"https:\/\/ib-bb.de\/index.php?rest_route=\/wp\/v2\/pages\/132"}],"collection":[{"href":"https:\/\/ib-bb.de\/index.php?rest_route=\/wp\/v2\/pages"}],"about":[{"href":"https:\/\/ib-bb.de\/index.php?rest_route=\/wp\/v2\/types\/page"}],"author":[{"embeddable":true,"href":"https:\/\/ib-bb.de\/index.php?rest_route=\/wp\/v2\/users\/1"}],"replies":[{"embeddable":true,"href":"https:\/\/ib-bb.de\/index.php?rest_route=%2Fwp%2Fv2%2Fcomments&post=132"}],"version-history":[{"count":6,"href":"https:\/\/ib-bb.de\/index.php?rest_route=\/wp\/v2\/pages\/132\/revisions"}],"predecessor-version":[{"id":598,"href":"https:\/\/ib-bb.de\/index.php?rest_route=\/wp\/v2\/pages\/132\/revisions\/598"}],"wp:attachment":[{"href":"https:\/\/ib-bb.de\/index.php?rest_route=%2Fwp%2Fv2%2Fmedia&parent=132"}],"curies":[{"name":"wp","href":"https:\/\/api.w.org\/{rel}","templated":true}]}}