{"id":1106,"date":"2021-03-24T10:15:49","date_gmt":"2021-03-24T09:15:49","guid":{"rendered":"http:\/\/ib-bb.de\/?page_id=1106"},"modified":"2021-03-24T10:24:37","modified_gmt":"2021-03-24T09:24:37","slug":"lampenschirme-fuer-soeg-barwagen-ls-36360","status":"publish","type":"page","link":"https:\/\/ib-bb.de\/?page_id=1106","title":{"rendered":"LS-36360 Lampenschirme f\u00fcr SOEG Barwagen"},"content":{"rendered":"\n<figure class=\"wp-block-gallery columns-2 is-cropped wp-block-gallery-1 is-layout-flex wp-block-gallery-is-layout-flex\"><ul class=\"blocks-gallery-grid\"><li class=\"blocks-gallery-item\"><figure><img loading=\"lazy\" decoding=\"async\" width=\"768\" height=\"1024\" src=\"https:\/\/ib-bb.de\/wp-content\/uploads\/2021\/03\/IMG_0372-scaled-e1616576660409-768x1024.jpg\" alt=\"\" data-id=\"1105\" data-full-url=\"https:\/\/ib-bb.de\/wp-content\/uploads\/2021\/03\/IMG_0372-scaled-e1616576660409.jpg\" data-link=\"https:\/\/ib-bb.de\/?attachment_id=1105\" class=\"wp-image-1105\" srcset=\"https:\/\/ib-bb.de\/wp-content\/uploads\/2021\/03\/IMG_0372-scaled-e1616576660409-768x1024.jpg 768w, https:\/\/ib-bb.de\/wp-content\/uploads\/2021\/03\/IMG_0372-scaled-e1616576660409-225x300.jpg 225w, https:\/\/ib-bb.de\/wp-content\/uploads\/2021\/03\/IMG_0372-scaled-e1616576660409-1152x1536.jpg 1152w, https:\/\/ib-bb.de\/wp-content\/uploads\/2021\/03\/IMG_0372-scaled-e1616576660409-1536x2048.jpg 1536w, https:\/\/ib-bb.de\/wp-content\/uploads\/2021\/03\/IMG_0372-scaled-e1616576660409.jpg 1920w\" sizes=\"(max-width: 768px) 100vw, 768px\" \/><\/figure><\/li><li class=\"blocks-gallery-item\"><figure><img loading=\"lazy\" decoding=\"async\" width=\"1024\" height=\"692\" src=\"https:\/\/ib-bb.de\/wp-content\/uploads\/2021\/03\/IMG_0371-scaled-e1616576731529-1024x692.jpg\" alt=\"\" data-id=\"1104\" data-full-url=\"https:\/\/ib-bb.de\/wp-content\/uploads\/2021\/03\/IMG_0371-scaled-e1616576731529.jpg\" data-link=\"https:\/\/ib-bb.de\/?attachment_id=1104\" class=\"wp-image-1104\" srcset=\"https:\/\/ib-bb.de\/wp-content\/uploads\/2021\/03\/IMG_0371-scaled-e1616576731529-1024x692.jpg 1024w, https:\/\/ib-bb.de\/wp-content\/uploads\/2021\/03\/IMG_0371-scaled-e1616576731529-300x203.jpg 300w, https:\/\/ib-bb.de\/wp-content\/uploads\/2021\/03\/IMG_0371-scaled-e1616576731529-768x519.jpg 768w, https:\/\/ib-bb.de\/wp-content\/uploads\/2021\/03\/IMG_0371-scaled-e1616576731529-1536x1038.jpg 1536w, https:\/\/ib-bb.de\/wp-content\/uploads\/2021\/03\/IMG_0371-scaled-e1616576731529.jpg 1856w\" sizes=\"(max-width: 1024px) 100vw, 1024px\" \/><\/figure><\/li><\/ul><\/figure>\n\n\n\n<p>Wieder ein kleines neues Produkt, allerdings nur f\u00fcr die elit\u00e4re Minderheit der LGB Club-Mitglieder \ud83d\ude42<\/p>\n\n\n\n<p>Es handelt sich um ein Set (8 St\u00fcck)  Lampenschirme f\u00fcr den SOEG Barwagen 36360 (Clubmodell 2020)<\/p>\n\n\n\n<p>In die Lampenschirme werden warmweisse 3mm LEDs eingesetzt und die Schirme k\u00f6nnen bohr- und klebefrei mit den LED`s aufgesteckt werden.<\/p>\n\n\n\n<p>Sie sind aus weissem PETG gedruckt und entfalten ein sehr sch\u00f6nes Lichtbild.<\/p>\n\n\n\n<p>Die Verkabelung zur LED muss noch selbst hergestellt werden und vor jede LED ist ein entsprecheder Vorwiderstand zur Erreichung der gew\u00fcnschten Helligkeit bei 24 V DC Spannung einzul\u00f6ten. Am sinnvollsten macht man sich dazu eine kleine Platine , um die Vorwiderst\u00e4nde entsprechend zu platzieren.<\/p>\n\n\n\n<p>Diese Platine und ggf ein Funktionsdekoder mit 2 Ausg\u00e4ngen finden Platz im WC Abteil des Wagens. Hier kann man auch gleich auf dieser Platine noch eine weitere LED zur Beleuchtung des WC`s anbringen. Schlussendlich brauicht man noch einen Satz Kugellagerachsen zur Stromaufnahme.<\/p>\n\n\n\n<p> Bei Bedarf k\u00f6nnen LED`s und Beleuchtungsdekoder von MD electronics oder Massoth  zu g\u00fcnstigen Preisen mitbestellt werden.<\/p>\n\n\n\n<p>Fragen Sie uns.<\/p>\n\n\n\n<p>Set Lampenschirme mit 8 St\u00fcck 4.-\u20ac<\/p>\n","protected":false},"excerpt":{"rendered":"<p>Wieder ein kleines neues Produkt, allerdings nur f\u00fcr die elit\u00e4re Minderheit der LGB Club-Mitglieder \ud83d\ude42 Es handelt sich um ein Set (8 St\u00fcck) Lampenschirme f\u00fcr den SOEG Barwagen 36360 (Clubmodell 2020) In die Lampenschirme werden warmweisse 3mm LEDs eingesetzt und die Schirme k\u00f6nnen bohr- und klebefrei mit den LED`s aufgesteckt werden. Sie sind aus weissem [&hellip;]<\/p>\n","protected":false},"author":1,"featured_media":0,"parent":0,"menu_order":0,"comment_status":"closed","ping_status":"closed","template":"","meta":{"site-sidebar-layout":"default","site-content-layout":"default","ast-site-content-layout":"default","site-content-style":"default","site-sidebar-style":"default","ast-global-header-display":"","ast-banner-title-visibility":"","ast-main-header-display":"","ast-hfb-above-header-display":"","ast-hfb-below-header-display":"","ast-hfb-mobile-header-display":"","site-post-title":"","ast-breadcrumbs-content":"","ast-featured-img":"","footer-sml-layout":"","ast-disable-related-posts":"","theme-transparent-header-meta":"default","adv-header-id-meta":"","stick-header-meta":"","header-above-stick-meta":"","header-main-stick-meta":"","header-below-stick-meta":"","astra-migrate-meta-layouts":"default","ast-page-background-enabled":"default","ast-page-background-meta":{"desktop":{"background-color":"","background-image":"","background-repeat":"repeat","background-position":"center center","background-size":"auto","background-attachment":"scroll","background-type":"","background-media":"","overlay-type":"","overlay-color":"","overlay-opacity":"","overlay-gradient":""},"tablet":{"background-color":"","background-image":"","background-repeat":"repeat","background-position":"center center","background-size":"auto","background-attachment":"scroll","background-type":"","background-media":"","overlay-type":"","overlay-color":"","overlay-opacity":"","overlay-gradient":""},"mobile":{"background-color":"","background-image":"","background-repeat":"repeat","background-position":"center center","background-size":"auto","background-attachment":"scroll","background-type":"","background-media":"","overlay-type":"","overlay-color":"","overlay-opacity":"","overlay-gradient":""}},"ast-content-background-meta":{"desktop":{"background-color":"var(--ast-global-color-5)","background-image":"","background-repeat":"repeat","background-position":"center center","background-size":"auto","background-attachment":"scroll","background-type":"","background-media":"","overlay-type":"","overlay-color":"","overlay-opacity":"","overlay-gradient":""},"tablet":{"background-color":"var(--ast-global-color-5)","background-image":"","background-repeat":"repeat","background-position":"center center","background-size":"auto","background-attachment":"scroll","background-type":"","background-media":"","overlay-type":"","overlay-color":"","overlay-opacity":"","overlay-gradient":""},"mobile":{"background-color":"var(--ast-global-color-5)","background-image":"","background-repeat":"repeat","background-position":"center center","background-size":"auto","background-attachment":"scroll","background-type":"","background-media":"","overlay-type":"","overlay-color":"","overlay-opacity":"","overlay-gradient":""}},"footnotes":""},"_links":{"self":[{"href":"https:\/\/ib-bb.de\/index.php?rest_route=\/wp\/v2\/pages\/1106"}],"collection":[{"href":"https:\/\/ib-bb.de\/index.php?rest_route=\/wp\/v2\/pages"}],"about":[{"href":"https:\/\/ib-bb.de\/index.php?rest_route=\/wp\/v2\/types\/page"}],"author":[{"embeddable":true,"href":"https:\/\/ib-bb.de\/index.php?rest_route=\/wp\/v2\/users\/1"}],"replies":[{"embeddable":true,"href":"https:\/\/ib-bb.de\/index.php?rest_route=%2Fwp%2Fv2%2Fcomments&post=1106"}],"version-history":[{"count":3,"href":"https:\/\/ib-bb.de\/index.php?rest_route=\/wp\/v2\/pages\/1106\/revisions"}],"predecessor-version":[{"id":1114,"href":"https:\/\/ib-bb.de\/index.php?rest_route=\/wp\/v2\/pages\/1106\/revisions\/1114"}],"wp:attachment":[{"href":"https:\/\/ib-bb.de\/index.php?rest_route=%2Fwp%2Fv2%2Fmedia&parent=1106"}],"curies":[{"name":"wp","href":"https:\/\/api.w.org\/{rel}","templated":true}]}}