{"id":1074,"date":"2021-03-12T13:19:55","date_gmt":"2021-03-12T12:19:55","guid":{"rendered":"http:\/\/ib-bb.de\/?page_id=1074"},"modified":"2021-03-12T17:16:23","modified_gmt":"2021-03-12T16:16:23","slug":"dachreparatur-sachsen-ruegen","status":"publish","type":"page","link":"https:\/\/ib-bb.de\/?page_id=1074","title":{"rendered":"Dachreparatur Sachsen R\u00fcgenwagen RS-Dach"},"content":{"rendered":"\n<p><strong>Das Problem:<\/strong><\/p>\n\n\n\n<p>Die den D\u00e4chern der Sachsen- und R\u00fcgenwagen brechen beim \u00d6ffnen der D\u00e4cher gerne die Haltenasen ab, was zur Folge hat, dass die D\u00e4cher nicht mehr richtig halten und ein Schlitz zwischen Wagonwand und Dach sichtbar wird.  <\/p>\n\n\n\n<p>Das passiert vor allem dann, wenn man das Dach \u00f6ffnen muss um z.B Figuren oder Beleuchtungen zu erg\u00e4nzen.<\/p>\n\n\n\n<p>Auch passend f\u00fcr den SOEG Barwagen (Clubmodell 2020)<\/p>\n\n\n\n<p>Die D\u00e4cher gibt es nicht als Ersatzteil.<\/p>\n\n\n\n<p>Unser Ersatzteil macht das Dach wieder fest. Es ist im Set zu 5 St\u00fcck erh\u00e4ltlich.<\/p>\n\n\n\n<figure class=\"wp-block-gallery columns-3 is-cropped wp-block-gallery-1 is-layout-flex wp-block-gallery-is-layout-flex\"><ul class=\"blocks-gallery-grid\"><li class=\"blocks-gallery-item\"><figure><img loading=\"lazy\" decoding=\"async\" width=\"1024\" height=\"768\" src=\"https:\/\/ib-bb.de\/wp-content\/uploads\/2021\/03\/IMG_0343-1024x768.jpg\" alt=\"\" data-id=\"1080\" data-link=\"https:\/\/ib-bb.de\/?attachment_id=1080\" class=\"wp-image-1080\" srcset=\"https:\/\/ib-bb.de\/wp-content\/uploads\/2021\/03\/IMG_0343-1024x768.jpg 1024w, https:\/\/ib-bb.de\/wp-content\/uploads\/2021\/03\/IMG_0343-300x225.jpg 300w, https:\/\/ib-bb.de\/wp-content\/uploads\/2021\/03\/IMG_0343-768x576.jpg 768w, https:\/\/ib-bb.de\/wp-content\/uploads\/2021\/03\/IMG_0343-1536x1152.jpg 1536w, https:\/\/ib-bb.de\/wp-content\/uploads\/2021\/03\/IMG_0343-2048x1536.jpg 2048w\" sizes=\"(max-width: 1024px) 100vw, 1024px\" \/><\/figure><\/li><li class=\"blocks-gallery-item\"><figure><img loading=\"lazy\" decoding=\"async\" width=\"1024\" height=\"768\" src=\"https:\/\/ib-bb.de\/wp-content\/uploads\/2021\/03\/IMG_0344-1-1024x768.jpg\" alt=\"\" data-id=\"1090\" data-full-url=\"https:\/\/ib-bb.de\/wp-content\/uploads\/2021\/03\/IMG_0344-1-scaled.jpg\" data-link=\"https:\/\/ib-bb.de\/?attachment_id=1090\" class=\"wp-image-1090\" srcset=\"https:\/\/ib-bb.de\/wp-content\/uploads\/2021\/03\/IMG_0344-1-1024x768.jpg 1024w, https:\/\/ib-bb.de\/wp-content\/uploads\/2021\/03\/IMG_0344-1-300x225.jpg 300w, https:\/\/ib-bb.de\/wp-content\/uploads\/2021\/03\/IMG_0344-1-768x576.jpg 768w, https:\/\/ib-bb.de\/wp-content\/uploads\/2021\/03\/IMG_0344-1-1536x1152.jpg 1536w, https:\/\/ib-bb.de\/wp-content\/uploads\/2021\/03\/IMG_0344-1-2048x1536.jpg 2048w\" sizes=\"(max-width: 1024px) 100vw, 1024px\" \/><\/figure><\/li><li class=\"blocks-gallery-item\"><figure><img loading=\"lazy\" decoding=\"async\" width=\"1024\" height=\"768\" src=\"https:\/\/ib-bb.de\/wp-content\/uploads\/2021\/03\/IMG_0347-1-1024x768.jpg\" alt=\"\" data-id=\"1086\" data-link=\"https:\/\/ib-bb.de\/?attachment_id=1086\" class=\"wp-image-1086\" srcset=\"https:\/\/ib-bb.de\/wp-content\/uploads\/2021\/03\/IMG_0347-1-1024x768.jpg 1024w, https:\/\/ib-bb.de\/wp-content\/uploads\/2021\/03\/IMG_0347-1-300x225.jpg 300w, https:\/\/ib-bb.de\/wp-content\/uploads\/2021\/03\/IMG_0347-1-768x576.jpg 768w, https:\/\/ib-bb.de\/wp-content\/uploads\/2021\/03\/IMG_0347-1-1536x1152.jpg 1536w, https:\/\/ib-bb.de\/wp-content\/uploads\/2021\/03\/IMG_0347-1-2048x1536.jpg 2048w\" sizes=\"(max-width: 1024px) 100vw, 1024px\" \/><\/figure><\/li><\/ul><\/figure>\n\n\n\n<p>Aktuelle Preise entnehmen Sie bitte aus unserer Preisliste , diese finden Sie unter <a href=\"https:\/\/ib-bb.de\/?page_id=288\">Download<\/a>.<\/p>\n\n\n\n<p>Hier finden Sie auch die <a href=\"https:\/\/ib-bb.de\/wp-content\/uploads\/2021\/03\/Montageanleitung-Dachreparatur.pdf\">Montageanleitung<\/a>.<\/p>\n\n\n\n<p>Sollten Sie Interesse haben, kontaktieren Sie uns bitte per <a href=\"mailto:info@ib-bb.de?subject=Anfrage%20Einlegestueck\">Email<\/a>.<\/p>\n","protected":false},"excerpt":{"rendered":"<p>Das Problem: Die den D\u00e4chern der Sachsen- und R\u00fcgenwagen brechen beim \u00d6ffnen der D\u00e4cher gerne die Haltenasen ab, was zur Folge hat, dass die D\u00e4cher nicht mehr richtig halten und ein Schlitz zwischen Wagonwand und Dach sichtbar wird. Das passiert vor allem dann, wenn man das Dach \u00f6ffnen muss um z.B Figuren oder Beleuchtungen zu [&hellip;]<\/p>\n","protected":false},"author":1,"featured_media":0,"parent":0,"menu_order":0,"comment_status":"closed","ping_status":"closed","template":"","meta":{"site-sidebar-layout":"default","site-content-layout":"default","ast-site-content-layout":"default","site-content-style":"default","site-sidebar-style":"default","ast-global-header-display":"","ast-banner-title-visibility":"","ast-main-header-display":"","ast-hfb-above-header-display":"","ast-hfb-below-header-display":"","ast-hfb-mobile-header-display":"","site-post-title":"","ast-breadcrumbs-content":"","ast-featured-img":"","footer-sml-layout":"","ast-disable-related-posts":"","theme-transparent-header-meta":"default","adv-header-id-meta":"","stick-header-meta":"","header-above-stick-meta":"","header-main-stick-meta":"","header-below-stick-meta":"","astra-migrate-meta-layouts":"default","ast-page-background-enabled":"default","ast-page-background-meta":{"desktop":{"background-color":"","background-image":"","background-repeat":"repeat","background-position":"center center","background-size":"auto","background-attachment":"scroll","background-type":"","background-media":"","overlay-type":"","overlay-color":"","overlay-opacity":"","overlay-gradient":""},"tablet":{"background-color":"","background-image":"","background-repeat":"repeat","background-position":"center center","background-size":"auto","background-attachment":"scroll","background-type":"","background-media":"","overlay-type":"","overlay-color":"","overlay-opacity":"","overlay-gradient":""},"mobile":{"background-color":"","background-image":"","background-repeat":"repeat","background-position":"center center","background-size":"auto","background-attachment":"scroll","background-type":"","background-media":"","overlay-type":"","overlay-color":"","overlay-opacity":"","overlay-gradient":""}},"ast-content-background-meta":{"desktop":{"background-color":"var(--ast-global-color-5)","background-image":"","background-repeat":"repeat","background-position":"center center","background-size":"auto","background-attachment":"scroll","background-type":"","background-media":"","overlay-type":"","overlay-color":"","overlay-opacity":"","overlay-gradient":""},"tablet":{"background-color":"var(--ast-global-color-5)","background-image":"","background-repeat":"repeat","background-position":"center center","background-size":"auto","background-attachment":"scroll","background-type":"","background-media":"","overlay-type":"","overlay-color":"","overlay-opacity":"","overlay-gradient":""},"mobile":{"background-color":"var(--ast-global-color-5)","background-image":"","background-repeat":"repeat","background-position":"center center","background-size":"auto","background-attachment":"scroll","background-type":"","background-media":"","overlay-type":"","overlay-color":"","overlay-opacity":"","overlay-gradient":""}},"footnotes":""},"_links":{"self":[{"href":"https:\/\/ib-bb.de\/index.php?rest_route=\/wp\/v2\/pages\/1074"}],"collection":[{"href":"https:\/\/ib-bb.de\/index.php?rest_route=\/wp\/v2\/pages"}],"about":[{"href":"https:\/\/ib-bb.de\/index.php?rest_route=\/wp\/v2\/types\/page"}],"author":[{"embeddable":true,"href":"https:\/\/ib-bb.de\/index.php?rest_route=\/wp\/v2\/users\/1"}],"replies":[{"embeddable":true,"href":"https:\/\/ib-bb.de\/index.php?rest_route=%2Fwp%2Fv2%2Fcomments&post=1074"}],"version-history":[{"count":7,"href":"https:\/\/ib-bb.de\/index.php?rest_route=\/wp\/v2\/pages\/1074\/revisions"}],"predecessor-version":[{"id":1103,"href":"https:\/\/ib-bb.de\/index.php?rest_route=\/wp\/v2\/pages\/1074\/revisions\/1103"}],"wp:attachment":[{"href":"https:\/\/ib-bb.de\/index.php?rest_route=%2Fwp%2Fv2%2Fmedia&parent=1074"}],"curies":[{"name":"wp","href":"https:\/\/api.w.org\/{rel}","templated":true}]}}